{"id":13401,"date":"2023-05-13T12:20:12","date_gmt":"2023-05-13T09:20:12","guid":{"rendered":"https:\/\/www.ksttukku.fi\/kauppa\/?post_type=product&#038;p=13401"},"modified":"2023-05-16T11:12:13","modified_gmt":"2023-05-16T08:12:13","slug":"popup-pohjaventtiili-ylivuotosuojattomille-altaille","status":"publish","type":"product","link":"https:\/\/www.ksttukku.fi\/kauppa\/tuote\/popup-pohjaventtiili-ylivuotosuojattomille-altaille\/","title":{"rendered":"POPUP-pohjaventtiili ylivuotosuojattomille altaille"},"content":{"rendered":"<p>Pohjaventtiili pesualtaalle, jossa ei ole ylivuotosuojaa.<\/p>\n<p>Unohda vanhanaikaiset lavuaaritulpat, jotka ovat aina joko hukassa tai edess\u00e4. Sulje vesi lavuaarisi hell\u00e4\u00e4n syleilyyn pop-up venttiilill\u00e4, joka avautuu ja sulkeutuu helposti vain kantta painamalla.<\/p>\n<ul>\n<li>V\u00e4rivaihtoehdot vaaleimmasta tummimpaan:\n<ul>\n<li>POPUP-110 valkoinen EAN\u00a06418873009626<\/li>\n<li>POPUP-210 ivory\u00a06418873009640<\/li>\n<li>POPUP-220 taupe\u00a06418873009657<\/li>\n<li>POPUP-200 antrasiitti EAN\u00a06418873009633<\/li>\n<\/ul>\n<\/li>\n<\/ul>\n<p>Yhdist\u00e4 mieluisen s\u00e4vyinen POPUP-venttili saman v\u00e4risen altaan kanssa. Ylivuotosuojattomia altaita ovat mm. <a href=\"https:\/\/www.tammiholma.fi\/hakutulokset.html?q=lagoa\">Lagoa<\/a>, <a href=\"https:\/\/www.tammiholma.fi\/hakutulokset.html?q=ovar\">Ovar<\/a>, <a href=\"https:\/\/www.tammiholma.fi\/hakutulokset.html?q=silves\">Silves<\/a> ja <a href=\"https:\/\/www.tammiholma.fi\/hakutulokset.html?q=tomar\">Tomar<\/a> malja-altaat.<\/p>\n","protected":false},"excerpt":{"rendered":"<p>Pohjaventtiili pesualtaalle, jossa ei ole ylivuotosuojaa. Unohda vanhanaikaiset lavuaaritulpat, jotka ovat aina joko hukassa tai edess\u00e4. Sulje vesi lavuaarisi hell\u00e4\u00e4n syleilyyn pop-up venttiilill\u00e4, joka avautuu ja sulkeutuu helposti vain kantta painamalla. V\u00e4rivaihtoehdot vaaleimmasta tummimpaan: POPUP-110 valkoinen EAN\u00a06418873009626 POPUP-210 ivory\u00a06418873009640 POPUP-220 taupe\u00a06418873009657 POPUP-200 antrasiitti EAN\u00a06418873009633 Yhdist\u00e4 mieluisen s\u00e4vyinen POPUP-venttili saman v\u00e4risen altaan kanssa. Ylivuotosuojattomia altaita ovat [&hellip;]<\/p>\n","protected":false},"featured_media":13406,"comment_status":"closed","ping_status":"closed","template":"","meta":[],"product_brand":[],"product_cat":[459,478,494],"product_tag":[],"class_list":{"0":"post-13401","1":"product","2":"type-product","3":"status-publish","4":"has-post-thumbnail","6":"product_cat-altaat","7":"product_cat-hanat-altaat","8":"product_cat-malja-altaat","10":"first","11":"instock","12":"taxable","13":"shipping-taxable","14":"purchasable","15":"product-type-variable"},"_links":{"self":[{"href":"https:\/\/www.ksttukku.fi\/kauppa\/wp-json\/wp\/v2\/product\/13401","targetHints":{"allow":["GET"]}}],"collection":[{"href":"https:\/\/www.ksttukku.fi\/kauppa\/wp-json\/wp\/v2\/product"}],"about":[{"href":"https:\/\/www.ksttukku.fi\/kauppa\/wp-json\/wp\/v2\/types\/product"}],"replies":[{"embeddable":true,"href":"https:\/\/www.ksttukku.fi\/kauppa\/wp-json\/wp\/v2\/comments?post=13401"}],"wp:featuredmedia":[{"embeddable":true,"href":"https:\/\/www.ksttukku.fi\/kauppa\/wp-json\/wp\/v2\/media\/13406"}],"wp:attachment":[{"href":"https:\/\/www.ksttukku.fi\/kauppa\/wp-json\/wp\/v2\/media?parent=13401"}],"wp:term":[{"taxonomy":"product_brand","embeddable":true,"href":"https:\/\/www.ksttukku.fi\/kauppa\/wp-json\/wp\/v2\/product_brand?post=13401"},{"taxonomy":"product_cat","embeddable":true,"href":"https:\/\/www.ksttukku.fi\/kauppa\/wp-json\/wp\/v2\/product_cat?post=13401"},{"taxonomy":"product_tag","embeddable":true,"href":"https:\/\/www.ksttukku.fi\/kauppa\/wp-json\/wp\/v2\/product_tag?post=13401"}],"curies":[{"name":"wp","href":"https:\/\/api.w.org\/{rel}","templated":true}]}}