{"id":13444,"date":"2023-05-23T15:14:49","date_gmt":"2023-05-23T12:14:49","guid":{"rendered":"https:\/\/www.ksttukku.fi\/kauppa\/?post_type=product&#038;p=13444"},"modified":"2023-05-23T16:17:03","modified_gmt":"2023-05-23T13:17:03","slug":"torrbollen-kosteudenpoistaja","status":"publish","type":"product","link":"https:\/\/www.ksttukku.fi\/kauppa\/tuote\/torrbollen-kosteudenpoistaja\/","title":{"rendered":"Torrbollen kosteudenpoistaja"},"content":{"rendered":"<p>Tyylik\u00e4s ja tehokas kosteudenpoistaja, joka sopii mihin tahansa huoneeseen kotona tai t\u00f6iss\u00e4\u00a0 Kosteudenpoistaja, joka sulautuu mukavasti kotiin tai ty\u00f6paikkaan. Minimalistisen\u00a0 muotoilu antaa sille modernin ja koristeellisen vaikutelman . Se toimii \u00e4\u00e4nett\u00f6m\u00e4sti ja s\u00e4hk\u00f6tt\u00f6m\u00e4sti, ja se tyhjennet\u00e4\u00e4n helposti vedest\u00e4, kun indikaattori\u00a0 ilmaisee\u00a0 s\u00e4ili\u00f6n olevan t\u00e4ynn\u00e4.<\/p>\n<p>Pit\u00e4\u00e4 kosteuden oikealla tasolla, est\u00e4\u00e4 pahaa hajua sek\u00e4 v\u00e4hent\u00e4\u00e4 homeen riski\u00e4.<\/p>\n<p>Tuote on valmistettu Ruotsissa.<br \/>\nTORRBOLLEN\u00ae Home toimitetaan 600 g:n t\u00e4ytt\u00f6pussilla, jossa on kosteutta imevi\u00e4 kristalleja. Yksi pussi kest\u00e4\u00e4 1-3 kuukautta kosteudesta riippuen. Soveltuu enint\u00e4\u00e4n 50 m3 tiloihin. Pussin erikoiskiteet imev\u00e4t itseens\u00e4 ylim\u00e4\u00e4r\u00e4ist\u00e4 kosteutta, joka tiivistyy vedeksi astiassa ja tasapainottaa ymp\u00e4rist\u00f6n kosteutta.<\/p>\n<p>Valmistettu 96-prosenttisesti kierr\u00e4tysmuovirakeista .<\/p>\n<p>Mitat: 148 x 148 \u00d7 215 mm<\/p>\n<p>Pakkaus sis\u00e4lt\u00e4\u00e4 yhden kosteudenpoistajan ja yhden kidepussin \u00e1 600 g<\/p>\n<p>&nbsp;<\/p>\n","protected":false},"excerpt":{"rendered":"<p>Tyylik\u00e4s ja tehokas kosteudenpoistaja, joka sopii mihin tahansa huoneeseen kotona tai t\u00f6iss\u00e4\u00a0 Kosteudenpoistaja, joka sulautuu mukavasti kotiin tai ty\u00f6paikkaan. Minimalistisen\u00a0 muotoilu antaa sille modernin ja koristeellisen vaikutelman . Se toimii \u00e4\u00e4nett\u00f6m\u00e4sti ja s\u00e4hk\u00f6tt\u00f6m\u00e4sti, ja se tyhjennet\u00e4\u00e4n helposti vedest\u00e4, kun indikaattori\u00a0 ilmaisee\u00a0 s\u00e4ili\u00f6n olevan t\u00e4ynn\u00e4. Pit\u00e4\u00e4 kosteuden oikealla tasolla, est\u00e4\u00e4 pahaa hajua sek\u00e4 v\u00e4hent\u00e4\u00e4 homeen riski\u00e4. [&hellip;]<\/p>\n","protected":false},"featured_media":13445,"comment_status":"closed","ping_status":"closed","template":"","meta":[],"product_brand":[],"product_cat":[521,206],"product_tag":[],"class_list":{"0":"post-13444","1":"product","2":"type-product","3":"status-publish","4":"has-post-thumbnail","6":"product_cat-torrbollen-kosteudenpoistaja","7":"product_cat-sup-laudat","9":"first","10":"instock","11":"taxable","12":"shipping-taxable","13":"purchasable","14":"product-type-simple"},"_links":{"self":[{"href":"https:\/\/www.ksttukku.fi\/kauppa\/wp-json\/wp\/v2\/product\/13444","targetHints":{"allow":["GET"]}}],"collection":[{"href":"https:\/\/www.ksttukku.fi\/kauppa\/wp-json\/wp\/v2\/product"}],"about":[{"href":"https:\/\/www.ksttukku.fi\/kauppa\/wp-json\/wp\/v2\/types\/product"}],"replies":[{"embeddable":true,"href":"https:\/\/www.ksttukku.fi\/kauppa\/wp-json\/wp\/v2\/comments?post=13444"}],"wp:featuredmedia":[{"embeddable":true,"href":"https:\/\/www.ksttukku.fi\/kauppa\/wp-json\/wp\/v2\/media\/13445"}],"wp:attachment":[{"href":"https:\/\/www.ksttukku.fi\/kauppa\/wp-json\/wp\/v2\/media?parent=13444"}],"wp:term":[{"taxonomy":"product_brand","embeddable":true,"href":"https:\/\/www.ksttukku.fi\/kauppa\/wp-json\/wp\/v2\/product_brand?post=13444"},{"taxonomy":"product_cat","embeddable":true,"href":"https:\/\/www.ksttukku.fi\/kauppa\/wp-json\/wp\/v2\/product_cat?post=13444"},{"taxonomy":"product_tag","embeddable":true,"href":"https:\/\/www.ksttukku.fi\/kauppa\/wp-json\/wp\/v2\/product_tag?post=13444"}],"curies":[{"name":"wp","href":"https:\/\/api.w.org\/{rel}","templated":true}]}}