{"id":13455,"date":"2023-05-24T11:32:03","date_gmt":"2023-05-24T08:32:03","guid":{"rendered":"https:\/\/www.ksttukku.fi\/kauppa\/?post_type=product&#038;p=13455"},"modified":"2023-05-24T12:54:00","modified_gmt":"2023-05-24T09:54:00","slug":"4-lamellinen-hyonteisoviverho-economic-2","status":"publish","type":"product","link":"https:\/\/www.ksttukku.fi\/kauppa\/tuote\/4-lamellinen-hyonteisoviverho-economic-2\/","title":{"rendered":"4-lamellinen hy\u00f6nteisoviverho economic"},"content":{"rendered":"<div class=\"entry-content content\">\n<ul>\n<li>Sopii kaikkiin vakio-oviin<\/li>\n<li>Helppo asentaa<\/li>\n<li>Sulkeutuu itsest\u00e4\u00e4n<\/li>\n<li>Helppo l\u00e4pikulku<\/li>\n<li>Helppo poistaa ja asentaa takaisin<\/li>\n<li>Toimii n\u00e4k\u00f6suojana<\/li>\n<li>Asennusohjeet pakkauksessa<\/li>\n<li>Pakkaus sis\u00e4lt\u00e4\u00e4: 4 lamellia, asennusprofiilin ja sulkijaprofiilin.<\/li>\n<\/ul>\n<p>Katso asennusohjeet <a href=\"https:\/\/youtu.be\/RUyimdk-LPc\" target=\"_blank\" rel=\"noopener\" data-rel=\"lightbox-video-0\">t\u00e4st\u00e4<\/a>.<\/p>\n<h4>Tuotetiedot<\/h4>\n<ul>\n<li><strong>Koko:<\/strong> s\u00e4\u00e4dett\u00e4v\u00e4 max. 95 x 215 cm<\/li>\n<li><strong>V\u00e4ri:<\/strong> musta<\/li>\n<\/ul>\n<\/div>\n","protected":false},"excerpt":{"rendered":"<p>Sopii kaikkiin vakio-oviin Helppo asentaa Sulkeutuu itsest\u00e4\u00e4n Helppo l\u00e4pikulku Helppo poistaa ja asentaa takaisin Toimii n\u00e4k\u00f6suojana Asennusohjeet pakkauksessa Pakkaus sis\u00e4lt\u00e4\u00e4: 4 lamellia, asennusprofiilin ja sulkijaprofiilin. Katso asennusohjeet t\u00e4st\u00e4. Tuotetiedot Koko: s\u00e4\u00e4dett\u00e4v\u00e4 max. 95 x 215 cm V\u00e4ri: musta<\/p>\n","protected":false},"featured_media":13456,"comment_status":"closed","ping_status":"closed","template":"","meta":[],"product_brand":[],"product_cat":[351],"product_tag":[],"class_list":{"0":"post-13455","1":"product","2":"type-product","3":"status-publish","4":"has-post-thumbnail","6":"product_cat-hyttysansat-ja-karkottimet","8":"first","9":"instock","10":"taxable","11":"shipping-taxable","12":"purchasable","13":"product-type-simple"},"_links":{"self":[{"href":"https:\/\/www.ksttukku.fi\/kauppa\/wp-json\/wp\/v2\/product\/13455","targetHints":{"allow":["GET"]}}],"collection":[{"href":"https:\/\/www.ksttukku.fi\/kauppa\/wp-json\/wp\/v2\/product"}],"about":[{"href":"https:\/\/www.ksttukku.fi\/kauppa\/wp-json\/wp\/v2\/types\/product"}],"replies":[{"embeddable":true,"href":"https:\/\/www.ksttukku.fi\/kauppa\/wp-json\/wp\/v2\/comments?post=13455"}],"wp:featuredmedia":[{"embeddable":true,"href":"https:\/\/www.ksttukku.fi\/kauppa\/wp-json\/wp\/v2\/media\/13456"}],"wp:attachment":[{"href":"https:\/\/www.ksttukku.fi\/kauppa\/wp-json\/wp\/v2\/media?parent=13455"}],"wp:term":[{"taxonomy":"product_brand","embeddable":true,"href":"https:\/\/www.ksttukku.fi\/kauppa\/wp-json\/wp\/v2\/product_brand?post=13455"},{"taxonomy":"product_cat","embeddable":true,"href":"https:\/\/www.ksttukku.fi\/kauppa\/wp-json\/wp\/v2\/product_cat?post=13455"},{"taxonomy":"product_tag","embeddable":true,"href":"https:\/\/www.ksttukku.fi\/kauppa\/wp-json\/wp\/v2\/product_tag?post=13455"}],"curies":[{"name":"wp","href":"https:\/\/api.w.org\/{rel}","templated":true}]}}