{"id":13461,"date":"2023-05-24T14:59:02","date_gmt":"2023-05-24T11:59:02","guid":{"rendered":"https:\/\/www.ksttukku.fi\/kauppa\/?post_type=product&#038;p=13461"},"modified":"2026-01-27T16:54:09","modified_gmt":"2026-01-27T14:54:09","slug":"vuono-keskilattiamatto-160x230cm-pellava","status":"publish","type":"product","link":"https:\/\/www.ksttukku.fi\/kauppa\/tuote\/vuono-keskilattiamatto-160x230cm-pellava\/","title":{"rendered":"Vuono keskilattiamatto 160x230cm pellava"},"content":{"rendered":"<p class=\"pt-1 lead mt-2 container\"><b>Sile\u00e4ksi kudottu helppohoitoinen ja p\u00f6lym\u00e4t\u00f6n matto kaikkiin kodin tiloihin, kuten eteiseen, keitti\u00f6\u00f6n, olohuoneeseen ja kodinhoitohuoneeseen. Matto on helppo imuroida ja sile\u00e4st\u00e4 pinnasta pikkutahrat voi k\u00e4tev\u00e4sti pyyhki\u00e4 puhtaaksi kostealla liinalla, joten matto toimii erinomaisesti my\u00f6s ruokap\u00f6yd\u00e4n alla.<\/b><\/p>\n<p>Neutraali v\u00e4rimaailma ja selke\u00e4n yksinkertainen pintakuosi antavat matolle modernin ilmeen. Liukumaton kumipohja pit\u00e4\u00e4 maton tukevasti paikoillaan, joten se on hyv\u00e4 valinta etenkin lasten ja lemmikkiel\u00e4inten kanssa. Yksiv\u00e4rinen matto on ajaton ja antaa tilaa muulle sisustukselle.<\/p>\n<p>Hoitona s\u00e4\u00e4nn\u00f6llinen imurointi ja tuuletus, tarvittaessa vesipesu.<\/p>\n<p>Materiaali: 100% polypropeenia, pohja lateksia<br \/>\nPaino: 1,7 kg\/m2<br \/>\nPaksuus: noin 6 mm<\/p>\n","protected":false},"excerpt":{"rendered":"<p>Sile\u00e4ksi kudottu helppohoitoinen ja p\u00f6lym\u00e4t\u00f6n matto kaikkiin kodin tiloihin, kuten eteiseen, keitti\u00f6\u00f6n, olohuoneeseen ja kodinhoitohuoneeseen. Matto on helppo imuroida ja sile\u00e4st\u00e4 pinnasta pikkutahrat voi k\u00e4tev\u00e4sti pyyhki\u00e4 puhtaaksi kostealla liinalla, joten matto toimii erinomaisesti my\u00f6s ruokap\u00f6yd\u00e4n alla. Neutraali v\u00e4rimaailma ja selke\u00e4n yksinkertainen pintakuosi antavat matolle modernin ilmeen. Liukumaton kumipohja pit\u00e4\u00e4 maton tukevasti paikoillaan, joten se on [&hellip;]<\/p>\n","protected":false},"featured_media":13460,"comment_status":"closed","ping_status":"closed","template":"","meta":[],"product_brand":[],"product_cat":[23,22,517],"product_tag":[],"class_list":{"0":"post-13461","1":"product","2":"type-product","3":"status-publish","4":"has-post-thumbnail","6":"product_cat-kaytava-ja-yleismatot","7":"product_cat-matot","8":"product_cat-vuono","10":"first","11":"outofstock","12":"taxable","13":"shipping-taxable","14":"purchasable","15":"product-type-simple"},"_links":{"self":[{"href":"https:\/\/www.ksttukku.fi\/kauppa\/wp-json\/wp\/v2\/product\/13461","targetHints":{"allow":["GET"]}}],"collection":[{"href":"https:\/\/www.ksttukku.fi\/kauppa\/wp-json\/wp\/v2\/product"}],"about":[{"href":"https:\/\/www.ksttukku.fi\/kauppa\/wp-json\/wp\/v2\/types\/product"}],"replies":[{"embeddable":true,"href":"https:\/\/www.ksttukku.fi\/kauppa\/wp-json\/wp\/v2\/comments?post=13461"}],"wp:featuredmedia":[{"embeddable":true,"href":"https:\/\/www.ksttukku.fi\/kauppa\/wp-json\/wp\/v2\/media\/13460"}],"wp:attachment":[{"href":"https:\/\/www.ksttukku.fi\/kauppa\/wp-json\/wp\/v2\/media?parent=13461"}],"wp:term":[{"taxonomy":"product_brand","embeddable":true,"href":"https:\/\/www.ksttukku.fi\/kauppa\/wp-json\/wp\/v2\/product_brand?post=13461"},{"taxonomy":"product_cat","embeddable":true,"href":"https:\/\/www.ksttukku.fi\/kauppa\/wp-json\/wp\/v2\/product_cat?post=13461"},{"taxonomy":"product_tag","embeddable":true,"href":"https:\/\/www.ksttukku.fi\/kauppa\/wp-json\/wp\/v2\/product_tag?post=13461"}],"curies":[{"name":"wp","href":"https:\/\/api.w.org\/{rel}","templated":true}]}}