{"id":13469,"date":"2023-05-25T14:46:04","date_gmt":"2023-05-25T11:46:04","guid":{"rendered":"https:\/\/www.ksttukku.fi\/kauppa\/?post_type=product&#038;p=13469"},"modified":"2025-03-25T12:13:37","modified_gmt":"2025-03-25T10:13:37","slug":"pilke-vaaleanharmaa-sileaksikudottu-matto-leveys-80-cm-26e-m","status":"publish","type":"product","link":"https:\/\/www.ksttukku.fi\/kauppa\/tuote\/pilke-vaaleanharmaa-sileaksikudottu-matto-leveys-80-cm-26e-m\/","title":{"rendered":"Pilke vaaleanharmaa sile\u00e4ksikudottu matto leveys  80 cm  26\u20ac\/m"},"content":{"rendered":"<p><b>Pilke on sile\u00e4pintainen ja p\u00f6ly\u00e4m\u00e4t\u00f6n matto l\u00e4hes kaikkiin kodin tiloihin. Matossa on kaunis pelkistetty raitakuosi ja ajaton s\u00e4vy.<br \/>\n<\/b><\/p>\n<p>Mattoa onkin helppo yhdistell\u00e4 erilaisiin sisustuksiin.<br \/>\nPilke matto on helppohoitoinen ja vesipest\u00e4v\u00e4, joten matto k\u00e4y erinomaisesti lapsi- ja el\u00e4inperheeseen.<br \/>\nMatosta on helppo pyyhki\u00e4 tahrat pois kostealla liinalla, joten se soveltuukin hyvin esimerkiksi keitti\u00f6n ruokap\u00f6yd\u00e4n alle ja eteiseen.<\/p>\n<p>Voit sisustaa Pilke matolla my\u00f6s kes\u00e4iset huoneet lasitetulle terassille ja parvekkeelle. Matto kest\u00e4\u00e4 kosteutta, eik\u00e4 haalistu auringossa niin herk\u00e4sti kuin esimerkiksi puuvillamateriaali<\/p>\n<p>Hoitona s\u00e4\u00e4nn\u00f6llinen imurointi ja tuuletus, tarvittaessa vesipesu max 30-asteisella vedell\u00e4.<\/p>\n<p>Materiaali: 100% polypropeenia, pohjassa kevyt lateksik\u00e4sittely<br \/>\nPaino: 1,5 kg\/m2<br \/>\nPaksuus: 5\/10 mm<\/p>\n<p>K\u00e4yt\u00e4 tarvittaessa maton alla liukuestett\u00e4.<\/p>\n<p>\u00c4l\u00e4 unohda tilata mattojen p\u00e4iden kanttauspalvelua. Voitte lis\u00e4t\u00e4 sen ostoskoriin t\u00e4\u00e4lt\u00e4: <a class=\"gsvalidated\" href=\"https:\/\/sisustetalo.com\/products\/maton-paiden-kanttaus\">https:\/\/sisustetalo.com\/products\/maton-paiden-kanttau<\/a>s<\/p>\n","protected":false},"excerpt":{"rendered":"<p>Pilke on sile\u00e4pintainen ja p\u00f6ly\u00e4m\u00e4t\u00f6n matto l\u00e4hes kaikkiin kodin tiloihin. Matossa on kaunis pelkistetty raitakuosi ja ajaton s\u00e4vy. Mattoa onkin helppo yhdistell\u00e4 erilaisiin sisustuksiin. Pilke matto on helppohoitoinen ja vesipest\u00e4v\u00e4, joten matto k\u00e4y erinomaisesti lapsi- ja el\u00e4inperheeseen. Matosta on helppo pyyhki\u00e4 tahrat pois kostealla liinalla, joten se soveltuukin hyvin esimerkiksi keitti\u00f6n ruokap\u00f6yd\u00e4n alle ja eteiseen. [&hellip;]<\/p>\n","protected":false},"featured_media":13470,"comment_status":"closed","ping_status":"closed","template":"","meta":[],"product_brand":[],"product_cat":[23,22,522],"product_tag":[],"class_list":{"0":"post-13469","1":"product","2":"type-product","3":"status-publish","4":"has-post-thumbnail","6":"product_cat-kaytava-ja-yleismatot","7":"product_cat-matot","8":"product_cat-pilke-sileaksi-kudottu-matto","10":"first","11":"outofstock","12":"taxable","13":"shipping-taxable","14":"purchasable","15":"product-type-simple"},"_links":{"self":[{"href":"https:\/\/www.ksttukku.fi\/kauppa\/wp-json\/wp\/v2\/product\/13469","targetHints":{"allow":["GET"]}}],"collection":[{"href":"https:\/\/www.ksttukku.fi\/kauppa\/wp-json\/wp\/v2\/product"}],"about":[{"href":"https:\/\/www.ksttukku.fi\/kauppa\/wp-json\/wp\/v2\/types\/product"}],"replies":[{"embeddable":true,"href":"https:\/\/www.ksttukku.fi\/kauppa\/wp-json\/wp\/v2\/comments?post=13469"}],"wp:featuredmedia":[{"embeddable":true,"href":"https:\/\/www.ksttukku.fi\/kauppa\/wp-json\/wp\/v2\/media\/13470"}],"wp:attachment":[{"href":"https:\/\/www.ksttukku.fi\/kauppa\/wp-json\/wp\/v2\/media?parent=13469"}],"wp:term":[{"taxonomy":"product_brand","embeddable":true,"href":"https:\/\/www.ksttukku.fi\/kauppa\/wp-json\/wp\/v2\/product_brand?post=13469"},{"taxonomy":"product_cat","embeddable":true,"href":"https:\/\/www.ksttukku.fi\/kauppa\/wp-json\/wp\/v2\/product_cat?post=13469"},{"taxonomy":"product_tag","embeddable":true,"href":"https:\/\/www.ksttukku.fi\/kauppa\/wp-json\/wp\/v2\/product_tag?post=13469"}],"curies":[{"name":"wp","href":"https:\/\/api.w.org\/{rel}","templated":true}]}}