{"id":13496,"date":"2023-05-27T13:55:14","date_gmt":"2023-05-27T10:55:14","guid":{"rendered":"https:\/\/www.ksttukku.fi\/kauppa\/?post_type=product&#038;p=13496"},"modified":"2023-05-27T13:55:14","modified_gmt":"2023-05-27T10:55:14","slug":"room-ladattava-valaisin-600mm-ovikytkin-liiketunnistin","status":"publish","type":"product","link":"https:\/\/www.ksttukku.fi\/kauppa\/tuote\/room-ladattava-valaisin-600mm-ovikytkin-liiketunnistin\/","title":{"rendered":"Room ladattava valaisin 600mm ovikytkin\/ liiketunnistin"},"content":{"rendered":"<p>Liiketunnistimella ja ovikytkimell\u00e4 varustettu ladattava kaappivalo. Mitat: 600mm x 34mm x 16mm. Kiinnitys joko 3M teipill\u00e4 tai metallipintoihin suoraan valaisimen sis\u00e4ll\u00e4 olevilla magneeteilla. Litium-akun lataus valaisimen mukana tulevalla USB-kaapelilla. Valon v\u00e4ril\u00e4mp\u00f6tila 4000K. Akun kesto t\u00e4yteen ladattuna noin 3h jatkuvassa k\u00e4yt\u00f6ss\u00e4.<\/p>\n","protected":false},"excerpt":{"rendered":"<p>Liiketunnistimella ja ovikytkimell\u00e4 varustettu ladattava kaappivalo. Mitat: 600mm x 34mm x 16mm. Kiinnitys joko 3M teipill\u00e4 tai metallipintoihin suoraan valaisimen sis\u00e4ll\u00e4 olevilla magneeteilla. Litium-akun lataus valaisimen mukana tulevalla USB-kaapelilla. Valon v\u00e4ril\u00e4mp\u00f6tila 4000K. Akun kesto t\u00e4yteen ladattuna noin 3h jatkuvassa k\u00e4yt\u00f6ss\u00e4.<\/p>\n","protected":false},"featured_media":13497,"comment_status":"closed","ping_status":"closed","template":"","meta":[],"product_brand":[],"product_cat":[461,462,35,460,34],"product_tag":[],"class_list":{"0":"post-13496","1":"product","2":"type-product","3":"status-publish","4":"has-post-thumbnail","6":"product_cat-nova-rullakiskokorit","7":"product_cat-roller-rullakiskokorit","8":"product_cat-sisavalaisimet","9":"product_cat-sailytysjarjestelmat","10":"product_cat-valaisimet","12":"first","13":"instock","14":"taxable","15":"shipping-taxable","16":"purchasable","17":"product-type-simple"},"_links":{"self":[{"href":"https:\/\/www.ksttukku.fi\/kauppa\/wp-json\/wp\/v2\/product\/13496","targetHints":{"allow":["GET"]}}],"collection":[{"href":"https:\/\/www.ksttukku.fi\/kauppa\/wp-json\/wp\/v2\/product"}],"about":[{"href":"https:\/\/www.ksttukku.fi\/kauppa\/wp-json\/wp\/v2\/types\/product"}],"replies":[{"embeddable":true,"href":"https:\/\/www.ksttukku.fi\/kauppa\/wp-json\/wp\/v2\/comments?post=13496"}],"wp:featuredmedia":[{"embeddable":true,"href":"https:\/\/www.ksttukku.fi\/kauppa\/wp-json\/wp\/v2\/media\/13497"}],"wp:attachment":[{"href":"https:\/\/www.ksttukku.fi\/kauppa\/wp-json\/wp\/v2\/media?parent=13496"}],"wp:term":[{"taxonomy":"product_brand","embeddable":true,"href":"https:\/\/www.ksttukku.fi\/kauppa\/wp-json\/wp\/v2\/product_brand?post=13496"},{"taxonomy":"product_cat","embeddable":true,"href":"https:\/\/www.ksttukku.fi\/kauppa\/wp-json\/wp\/v2\/product_cat?post=13496"},{"taxonomy":"product_tag","embeddable":true,"href":"https:\/\/www.ksttukku.fi\/kauppa\/wp-json\/wp\/v2\/product_tag?post=13496"}],"curies":[{"name":"wp","href":"https:\/\/api.w.org\/{rel}","templated":true}]}}