{"id":13505,"date":"2023-05-30T11:10:57","date_gmt":"2023-05-30T08:10:57","guid":{"rendered":"https:\/\/www.ksttukku.fi\/kauppa\/?post_type=product&#038;p=13505"},"modified":"2023-05-30T11:24:35","modified_gmt":"2023-05-30T08:24:35","slug":"livia-harmaa-valkoinen-lyhytnukkaiset-matot-133x195cm","status":"publish","type":"product","link":"https:\/\/www.ksttukku.fi\/kauppa\/tuote\/livia-harmaa-valkoinen-lyhytnukkaiset-matot-133x195cm\/","title":{"rendered":"Livia harmaa\/valkoinen  Lyhytnukkaiset matot 133x195cm"},"content":{"rendered":"<p><b>Livia on pehme\u00e4, lyhytnukkainen matto kaikkiin kodin oleskelutiloihin. Klassinen kuosi ja pehme\u00e4n valkoinen s\u00e4vy antavat matolle modernin ilmeen.<\/b><\/p>\n<p>L\u00e4p\u00e4isev\u00e4 matto soveltuu lattial\u00e4mmitykselle.<\/p>\n<p>K\u00e4yt\u00e4 tarvittaessa maton alla erillist\u00e4 liukuestett\u00e4 liukumisen est\u00e4miseksi.<br \/>\nHoitona s\u00e4\u00e4nn\u00f6llinen imurointi ja tuuletus, tarvittaessa vesipesu.<\/p>\n<p>Materiaali: 100% polyesteria<\/p>\n","protected":false},"excerpt":{"rendered":"<p>Livia on pehme\u00e4, lyhytnukkainen matto kaikkiin kodin oleskelutiloihin. Klassinen kuosi ja pehme\u00e4n valkoinen s\u00e4vy antavat matolle modernin ilmeen. L\u00e4p\u00e4isev\u00e4 matto soveltuu lattial\u00e4mmitykselle. K\u00e4yt\u00e4 tarvittaessa maton alla erillist\u00e4 liukuestett\u00e4 liukumisen est\u00e4miseksi. Hoitona s\u00e4\u00e4nn\u00f6llinen imurointi ja tuuletus, tarvittaessa vesipesu. Materiaali: 100% polyesteria<\/p>\n","protected":false},"featured_media":13506,"comment_status":"closed","ping_status":"closed","template":"","meta":[],"product_brand":[],"product_cat":[23,525,22],"product_tag":[],"class_list":{"0":"post-13505","1":"product","2":"type-product","3":"status-publish","4":"has-post-thumbnail","6":"product_cat-kaytava-ja-yleismatot","7":"product_cat-livia","8":"product_cat-matot","10":"first","11":"instock","12":"taxable","13":"shipping-taxable","14":"purchasable","15":"product-type-simple"},"_links":{"self":[{"href":"https:\/\/www.ksttukku.fi\/kauppa\/wp-json\/wp\/v2\/product\/13505","targetHints":{"allow":["GET"]}}],"collection":[{"href":"https:\/\/www.ksttukku.fi\/kauppa\/wp-json\/wp\/v2\/product"}],"about":[{"href":"https:\/\/www.ksttukku.fi\/kauppa\/wp-json\/wp\/v2\/types\/product"}],"replies":[{"embeddable":true,"href":"https:\/\/www.ksttukku.fi\/kauppa\/wp-json\/wp\/v2\/comments?post=13505"}],"wp:featuredmedia":[{"embeddable":true,"href":"https:\/\/www.ksttukku.fi\/kauppa\/wp-json\/wp\/v2\/media\/13506"}],"wp:attachment":[{"href":"https:\/\/www.ksttukku.fi\/kauppa\/wp-json\/wp\/v2\/media?parent=13505"}],"wp:term":[{"taxonomy":"product_brand","embeddable":true,"href":"https:\/\/www.ksttukku.fi\/kauppa\/wp-json\/wp\/v2\/product_brand?post=13505"},{"taxonomy":"product_cat","embeddable":true,"href":"https:\/\/www.ksttukku.fi\/kauppa\/wp-json\/wp\/v2\/product_cat?post=13505"},{"taxonomy":"product_tag","embeddable":true,"href":"https:\/\/www.ksttukku.fi\/kauppa\/wp-json\/wp\/v2\/product_tag?post=13505"}],"curies":[{"name":"wp","href":"https:\/\/api.w.org\/{rel}","templated":true}]}}