{"id":13509,"date":"2023-05-30T12:11:51","date_gmt":"2023-05-30T09:11:51","guid":{"rendered":"https:\/\/www.ksttukku.fi\/kauppa\/?post_type=product&#038;p=13509"},"modified":"2023-05-30T12:14:11","modified_gmt":"2023-05-30T09:14:11","slug":"elisabeth-valkoinen-160x230-cm-viskoosimatto","status":"publish","type":"product","link":"https:\/\/www.ksttukku.fi\/kauppa\/tuote\/elisabeth-valkoinen-160x230-cm-viskoosimatto\/","title":{"rendered":"Elisabeth valkoinen 160&#215;230 cm Viskoosimatto"},"content":{"rendered":"<p><b>Elisabeth-viskoosimatto on kauniisti kiilt\u00e4v\u00e4 lyhytnukkainen matto kodin oleskelutiloihin. Matossa on herkk\u00e4 kohokuviointi, joka tulee kauniisti esille maton samettisesta pinnasta.<\/b><\/p>\n<p>Matto on kevyt ja ohut, joten sit\u00e4 on mukava k\u00e4sitell\u00e4.<br \/>\nElisabeth matto soveltuu erinomaisesti olohuoneeseen ja makuuhuoneeseen. Maton klassinen kuosi sopii niin perinteiseen kuin moderniinkin sisustukseen.<\/p>\n<p>Pehme\u00e4n valkoinen s\u00e4vy on raikas ja matto on helppo yhdist\u00e4\u00e4 kodin muuhun sisustukseen.<\/p>\n<p>Imuroi ja tuuleta mattoa s\u00e4\u00e4nn\u00f6llisesti. Tarvittaessa ammattimainen pesu pesulassa.<\/p>\n<p>Materiaali: 73% viskoosia, 27% akryylia<\/p>\n<p>Paksuus: 5 mm<\/p>\n","protected":false},"excerpt":{"rendered":"<p>Elisabeth-viskoosimatto on kauniisti kiilt\u00e4v\u00e4 lyhytnukkainen matto kodin oleskelutiloihin. Matossa on herkk\u00e4 kohokuviointi, joka tulee kauniisti esille maton samettisesta pinnasta. Matto on kevyt ja ohut, joten sit\u00e4 on mukava k\u00e4sitell\u00e4. Elisabeth matto soveltuu erinomaisesti olohuoneeseen ja makuuhuoneeseen. Maton klassinen kuosi sopii niin perinteiseen kuin moderniinkin sisustukseen. Pehme\u00e4n valkoinen s\u00e4vy on raikas ja matto on helppo yhdist\u00e4\u00e4 [&hellip;]<\/p>\n","protected":false},"featured_media":13511,"comment_status":"closed","ping_status":"closed","template":"","meta":[],"product_brand":[],"product_cat":[526,22,27],"product_tag":[],"class_list":{"0":"post-13509","1":"product","2":"type-product","3":"status-publish","4":"has-post-thumbnail","6":"product_cat-elisabeth","7":"product_cat-matot","8":"product_cat-nukkamatot","10":"first","11":"instock","12":"taxable","13":"shipping-taxable","14":"purchasable","15":"product-type-simple"},"_links":{"self":[{"href":"https:\/\/www.ksttukku.fi\/kauppa\/wp-json\/wp\/v2\/product\/13509","targetHints":{"allow":["GET"]}}],"collection":[{"href":"https:\/\/www.ksttukku.fi\/kauppa\/wp-json\/wp\/v2\/product"}],"about":[{"href":"https:\/\/www.ksttukku.fi\/kauppa\/wp-json\/wp\/v2\/types\/product"}],"replies":[{"embeddable":true,"href":"https:\/\/www.ksttukku.fi\/kauppa\/wp-json\/wp\/v2\/comments?post=13509"}],"wp:featuredmedia":[{"embeddable":true,"href":"https:\/\/www.ksttukku.fi\/kauppa\/wp-json\/wp\/v2\/media\/13511"}],"wp:attachment":[{"href":"https:\/\/www.ksttukku.fi\/kauppa\/wp-json\/wp\/v2\/media?parent=13509"}],"wp:term":[{"taxonomy":"product_brand","embeddable":true,"href":"https:\/\/www.ksttukku.fi\/kauppa\/wp-json\/wp\/v2\/product_brand?post=13509"},{"taxonomy":"product_cat","embeddable":true,"href":"https:\/\/www.ksttukku.fi\/kauppa\/wp-json\/wp\/v2\/product_cat?post=13509"},{"taxonomy":"product_tag","embeddable":true,"href":"https:\/\/www.ksttukku.fi\/kauppa\/wp-json\/wp\/v2\/product_tag?post=13509"}],"curies":[{"name":"wp","href":"https:\/\/api.w.org\/{rel}","templated":true}]}}