{"id":13516,"date":"2023-06-01T15:41:20","date_gmt":"2023-06-01T12:41:20","guid":{"rendered":"https:\/\/www.ksttukku.fi\/kauppa\/?post_type=product&#038;p=13516"},"modified":"2023-07-04T15:35:55","modified_gmt":"2023-07-04T12:35:55","slug":"duschy-led-imukuppipeili-17-cm-suurentava-5x","status":"publish","type":"product","link":"https:\/\/www.ksttukku.fi\/kauppa\/tuote\/duschy-led-imukuppipeili-17-cm-suurentava-5x\/","title":{"rendered":"Duschy LED-imukuppipeili 17 cm suurentava 5X"},"content":{"rendered":"<p>Meikkipeili 5-kertaisella kuvan suurennuksella. LED-valaistus kehyksess\u00e4.<\/p>\n<p>Takana eritt\u00e4in vahva imutulppa, jolla voit kiinnitt\u00e4\u00e4 peilin toiseen peiliin tai vastaavaan sile\u00e4\u00e4n pintaan.<\/p>\n<p>Peilin halkaisija 167 mm (200 mm kehyksen kanssa). LED-valaistus toimii paristoilla (ei sis\u00e4lly) tai USB-kaapelilla (mukana).<\/p>\n","protected":false},"excerpt":{"rendered":"<p>Meikkipeili 5-kertaisella kuvan suurennuksella. LED-valaistus kehyksess\u00e4. Takana eritt\u00e4in vahva imutulppa, jolla voit kiinnitt\u00e4\u00e4 peilin toiseen peiliin tai vastaavaan sile\u00e4\u00e4n pintaan. Peilin halkaisija 167 mm (200 mm kehyksen kanssa). LED-valaistus toimii paristoilla (ei sis\u00e4lly) tai USB-kaapelilla (mukana).<\/p>\n","protected":false},"featured_media":13517,"comment_status":"closed","ping_status":"closed","template":"","meta":[],"product_brand":[],"product_cat":[150,237],"product_tag":[],"class_list":{"0":"post-13516","1":"product","2":"type-product","3":"status-publish","4":"has-post-thumbnail","6":"product_cat-kylpyhuone","7":"product_cat-valopeilit","9":"first","10":"instock","11":"taxable","12":"shipping-taxable","13":"purchasable","14":"product-type-simple"},"_links":{"self":[{"href":"https:\/\/www.ksttukku.fi\/kauppa\/wp-json\/wp\/v2\/product\/13516","targetHints":{"allow":["GET"]}}],"collection":[{"href":"https:\/\/www.ksttukku.fi\/kauppa\/wp-json\/wp\/v2\/product"}],"about":[{"href":"https:\/\/www.ksttukku.fi\/kauppa\/wp-json\/wp\/v2\/types\/product"}],"replies":[{"embeddable":true,"href":"https:\/\/www.ksttukku.fi\/kauppa\/wp-json\/wp\/v2\/comments?post=13516"}],"wp:featuredmedia":[{"embeddable":true,"href":"https:\/\/www.ksttukku.fi\/kauppa\/wp-json\/wp\/v2\/media\/13517"}],"wp:attachment":[{"href":"https:\/\/www.ksttukku.fi\/kauppa\/wp-json\/wp\/v2\/media?parent=13516"}],"wp:term":[{"taxonomy":"product_brand","embeddable":true,"href":"https:\/\/www.ksttukku.fi\/kauppa\/wp-json\/wp\/v2\/product_brand?post=13516"},{"taxonomy":"product_cat","embeddable":true,"href":"https:\/\/www.ksttukku.fi\/kauppa\/wp-json\/wp\/v2\/product_cat?post=13516"},{"taxonomy":"product_tag","embeddable":true,"href":"https:\/\/www.ksttukku.fi\/kauppa\/wp-json\/wp\/v2\/product_tag?post=13516"}],"curies":[{"name":"wp","href":"https:\/\/api.w.org\/{rel}","templated":true}]}}