{"id":13531,"date":"2023-06-02T13:58:42","date_gmt":"2023-06-02T10:58:42","guid":{"rendered":"https:\/\/www.ksttukku.fi\/kauppa\/?post_type=product&#038;p=13531"},"modified":"2023-06-02T13:58:43","modified_gmt":"2023-06-02T10:58:43","slug":"roller-rullakiskokori-antrasiitti-m50x500x150mm-sis-kiskot-ja-ruuvit","status":"publish","type":"product","link":"https:\/\/www.ksttukku.fi\/kauppa\/tuote\/roller-rullakiskokori-antrasiitti-m50x500x150mm-sis-kiskot-ja-ruuvit\/","title":{"rendered":"Roller rullakiskokori antrasiitti M50x500x150mm sis. kiskot ja ruuvit"},"content":{"rendered":"<p>Laadukas Roller rullakiskokori kiskoineen tyylikk\u00e4\u00e4n antrasiitin s\u00e4vyisen\u00e4. Matala, 500mm syv\u00e4 (M50x500x150). Sis\u00e4lt\u00e4\u00e4 soft kiskot 16mm runkovahvuudelle (rungon sis\u00e4mitalle 468mm).<\/p>\n","protected":false},"excerpt":{"rendered":"<p>Laadukas Roller rullakiskokori kiskoineen tyylikk\u00e4\u00e4n antrasiitin s\u00e4vyisen\u00e4. Matala, 500mm syv\u00e4 (M50x500x150). Sis\u00e4lt\u00e4\u00e4 soft kiskot 16mm runkovahvuudelle (rungon sis\u00e4mitalle 468mm).<\/p>\n","protected":false},"featured_media":13530,"comment_status":"closed","ping_status":"closed","template":"","meta":[],"product_brand":[],"product_cat":[462,460],"product_tag":[],"class_list":{"0":"post-13531","1":"product","2":"type-product","3":"status-publish","4":"has-post-thumbnail","6":"product_cat-roller-rullakiskokorit","7":"product_cat-sailytysjarjestelmat","9":"first","10":"instock","11":"taxable","12":"shipping-taxable","13":"purchasable","14":"product-type-simple"},"_links":{"self":[{"href":"https:\/\/www.ksttukku.fi\/kauppa\/wp-json\/wp\/v2\/product\/13531","targetHints":{"allow":["GET"]}}],"collection":[{"href":"https:\/\/www.ksttukku.fi\/kauppa\/wp-json\/wp\/v2\/product"}],"about":[{"href":"https:\/\/www.ksttukku.fi\/kauppa\/wp-json\/wp\/v2\/types\/product"}],"replies":[{"embeddable":true,"href":"https:\/\/www.ksttukku.fi\/kauppa\/wp-json\/wp\/v2\/comments?post=13531"}],"wp:featuredmedia":[{"embeddable":true,"href":"https:\/\/www.ksttukku.fi\/kauppa\/wp-json\/wp\/v2\/media\/13530"}],"wp:attachment":[{"href":"https:\/\/www.ksttukku.fi\/kauppa\/wp-json\/wp\/v2\/media?parent=13531"}],"wp:term":[{"taxonomy":"product_brand","embeddable":true,"href":"https:\/\/www.ksttukku.fi\/kauppa\/wp-json\/wp\/v2\/product_brand?post=13531"},{"taxonomy":"product_cat","embeddable":true,"href":"https:\/\/www.ksttukku.fi\/kauppa\/wp-json\/wp\/v2\/product_cat?post=13531"},{"taxonomy":"product_tag","embeddable":true,"href":"https:\/\/www.ksttukku.fi\/kauppa\/wp-json\/wp\/v2\/product_tag?post=13531"}],"curies":[{"name":"wp","href":"https:\/\/api.w.org\/{rel}","templated":true}]}}