{"id":13615,"date":"2023-07-06T11:24:25","date_gmt":"2023-07-06T08:24:25","guid":{"rendered":"https:\/\/www.ksttukku.fi\/kauppa\/?post_type=product&#038;p=13615"},"modified":"2023-07-06T11:35:44","modified_gmt":"2023-07-06T08:35:44","slug":"artic-2-os-seinavalaisin-valkoinen","status":"publish","type":"product","link":"https:\/\/www.ksttukku.fi\/kauppa\/tuote\/artic-2-os-seinavalaisin-valkoinen\/","title":{"rendered":"Artic 2-os sein\u00e4valaisin valkoinen"},"content":{"rendered":"<p>Artic sein\u00e4valaisin 2:lla s\u00e4\u00e4dett\u00e4v\u00e4ll\u00e4 spotilla.<\/p>\n<p>Himmennett\u00e4v\u00e4t led-lamput antaa miellytt\u00e4v\u00e4n l\u00e4mpim\u00e4n valon.<\/p>\n<p>Lampun kanta: 2 x 6 W kiinte\u00e4 Led<\/p>\n<p>Valon v\u00e4ri: 3000K<\/p>\n<p>Leveys: 300 mm<\/p>\n<p>Spotin pituus 130 mm ,halkaisija 35 mm<\/p>\n<p>&nbsp;<\/p>\n<table class=\"product_details\" style=\"width: 0.0298993%; height: 79px;\">\n<tbody>\n<tr>\n<th style=\"width: 48.4536%;\"><\/th>\n<td style=\"width: 10.3093%;\" data-label=\"Lamppukanta\"><\/td>\n<\/tr>\n<\/tbody>\n<\/table>\n<p>&nbsp;<\/p>\n<p>&nbsp;<\/p>\n<pre id=\"tw-target-text\" class=\"tw-data-text tw-text-large tw-ta\" dir=\"ltr\" data-placeholder=\"K\u00e4\u00e4nn\u00f6s\"><span class=\"Y2IQFc\" lang=\"fi\">Artic kaksinkertainen sein\u00e4valaisin valkoiseksi lakattua metallia kromiyksityiskohtien kanssa. 2 s\u00e4\u00e4dett\u00e4v\u00e4\u00e4 p\u00e4\u00e4t\u00e4 LED-valonl\u00e4hteill\u00e4, jotka tarjoavat miellytt\u00e4v\u00e4n l\u00e4mpim\u00e4n valkoisen valon. Voidaan himment\u00e4\u00e4 erikseen. Valaisin on asennettu jumpperilla ja johto <\/span><\/pre>\n","protected":false},"excerpt":{"rendered":"<p>Artic sein\u00e4valaisin 2:lla s\u00e4\u00e4dett\u00e4v\u00e4ll\u00e4 spotilla. Himmennett\u00e4v\u00e4t led-lamput antaa miellytt\u00e4v\u00e4n l\u00e4mpim\u00e4n valon. Lampun kanta: 2 x 6 W kiinte\u00e4 Led Valon v\u00e4ri: 3000K Leveys: 300 mm Spotin pituus 130 mm ,halkaisija 35 mm &nbsp; &nbsp; &nbsp; Artic kaksinkertainen sein\u00e4valaisin valkoiseksi lakattua metallia kromiyksityiskohtien kanssa. 2 s\u00e4\u00e4dett\u00e4v\u00e4\u00e4 p\u00e4\u00e4t\u00e4 LED-valonl\u00e4hteill\u00e4, jotka tarjoavat miellytt\u00e4v\u00e4n l\u00e4mpim\u00e4n valkoisen valon. Voidaan himment\u00e4\u00e4 [&hellip;]<\/p>\n","protected":false},"featured_media":13616,"comment_status":"closed","ping_status":"closed","template":"","meta":[],"product_brand":[],"product_cat":[42,35,34],"product_tag":[],"class_list":{"0":"post-13615","1":"product","2":"type-product","3":"status-publish","4":"has-post-thumbnail","6":"product_cat-seinavalaisimet-sisavalaisimet","7":"product_cat-sisavalaisimet","8":"product_cat-valaisimet","10":"first","11":"instock","12":"taxable","13":"shipping-taxable","14":"purchasable","15":"product-type-simple"},"_links":{"self":[{"href":"https:\/\/www.ksttukku.fi\/kauppa\/wp-json\/wp\/v2\/product\/13615","targetHints":{"allow":["GET"]}}],"collection":[{"href":"https:\/\/www.ksttukku.fi\/kauppa\/wp-json\/wp\/v2\/product"}],"about":[{"href":"https:\/\/www.ksttukku.fi\/kauppa\/wp-json\/wp\/v2\/types\/product"}],"replies":[{"embeddable":true,"href":"https:\/\/www.ksttukku.fi\/kauppa\/wp-json\/wp\/v2\/comments?post=13615"}],"wp:featuredmedia":[{"embeddable":true,"href":"https:\/\/www.ksttukku.fi\/kauppa\/wp-json\/wp\/v2\/media\/13616"}],"wp:attachment":[{"href":"https:\/\/www.ksttukku.fi\/kauppa\/wp-json\/wp\/v2\/media?parent=13615"}],"wp:term":[{"taxonomy":"product_brand","embeddable":true,"href":"https:\/\/www.ksttukku.fi\/kauppa\/wp-json\/wp\/v2\/product_brand?post=13615"},{"taxonomy":"product_cat","embeddable":true,"href":"https:\/\/www.ksttukku.fi\/kauppa\/wp-json\/wp\/v2\/product_cat?post=13615"},{"taxonomy":"product_tag","embeddable":true,"href":"https:\/\/www.ksttukku.fi\/kauppa\/wp-json\/wp\/v2\/product_tag?post=13615"}],"curies":[{"name":"wp","href":"https:\/\/api.w.org\/{rel}","templated":true}]}}