{"id":13638,"date":"2023-07-11T15:24:45","date_gmt":"2023-07-11T12:24:45","guid":{"rendered":"https:\/\/www.ksttukku.fi\/kauppa\/?post_type=product&#038;p=13638"},"modified":"2023-07-11T15:24:45","modified_gmt":"2023-07-11T12:24:45","slug":"swin-fun-ph-plus-1-kg-1712","status":"publish","type":"product","link":"https:\/\/www.ksttukku.fi\/kauppa\/tuote\/swin-fun-ph-plus-1-kg-1712\/","title":{"rendered":"Swin&#038; fun PH Plus 1 kg 1712"},"content":{"rendered":"<p>Veden pH tulisi olla 7,0-7,4. Hyv\u00e4 veden tasapaino antaa parhaimman vaikutuksen k\u00e4ytett\u00e4ess\u00e4 eri veden hoitoaineita.<\/p>\n","protected":false},"excerpt":{"rendered":"<p>Veden pH tulisi olla 7,0-7,4. Hyv\u00e4 veden tasapaino antaa parhaimman vaikutuksen k\u00e4ytett\u00e4ess\u00e4 eri veden hoitoaineita.<\/p>\n","protected":false},"featured_media":13639,"comment_status":"closed","ping_status":"closed","template":"","meta":[],"product_brand":[],"product_cat":[206],"product_tag":[],"class_list":{"0":"post-13638","1":"product","2":"type-product","3":"status-publish","4":"has-post-thumbnail","6":"product_cat-sup-laudat","8":"first","9":"instock","10":"taxable","11":"shipping-taxable","12":"purchasable","13":"product-type-simple"},"_links":{"self":[{"href":"https:\/\/www.ksttukku.fi\/kauppa\/wp-json\/wp\/v2\/product\/13638","targetHints":{"allow":["GET"]}}],"collection":[{"href":"https:\/\/www.ksttukku.fi\/kauppa\/wp-json\/wp\/v2\/product"}],"about":[{"href":"https:\/\/www.ksttukku.fi\/kauppa\/wp-json\/wp\/v2\/types\/product"}],"replies":[{"embeddable":true,"href":"https:\/\/www.ksttukku.fi\/kauppa\/wp-json\/wp\/v2\/comments?post=13638"}],"wp:featuredmedia":[{"embeddable":true,"href":"https:\/\/www.ksttukku.fi\/kauppa\/wp-json\/wp\/v2\/media\/13639"}],"wp:attachment":[{"href":"https:\/\/www.ksttukku.fi\/kauppa\/wp-json\/wp\/v2\/media?parent=13638"}],"wp:term":[{"taxonomy":"product_brand","embeddable":true,"href":"https:\/\/www.ksttukku.fi\/kauppa\/wp-json\/wp\/v2\/product_brand?post=13638"},{"taxonomy":"product_cat","embeddable":true,"href":"https:\/\/www.ksttukku.fi\/kauppa\/wp-json\/wp\/v2\/product_cat?post=13638"},{"taxonomy":"product_tag","embeddable":true,"href":"https:\/\/www.ksttukku.fi\/kauppa\/wp-json\/wp\/v2\/product_tag?post=13638"}],"curies":[{"name":"wp","href":"https:\/\/api.w.org\/{rel}","templated":true}]}}