{"id":1364,"date":"2018-03-31T13:52:17","date_gmt":"2018-03-31T10:52:17","guid":{"rendered":"http:\/\/www.ksttukku.fi\/kauppa\/?post_type=product&#038;p=1364"},"modified":"2020-08-26T17:47:10","modified_gmt":"2020-08-26T14:47:10","slug":"mustang-grillipihdit-silicon-34cm","status":"publish","type":"product","link":"https:\/\/www.ksttukku.fi\/kauppa\/tuote\/mustang-grillipihdit-silicon-34cm\/","title":{"rendered":"Mustang grillipihdit silicon 34cm"},"content":{"rendered":"<p>Pituus 34 cm.<br \/>\nSilikoni, ruostumaton ter\u00e4s, l\u00e4mm\u00f6nkesto 230 \u00b0C, astianpesukoneen kest\u00e4v\u00e4, lukitusmekanismi.<br \/>\nSilikoninen otinpinta antaa hyv\u00e4n otteen grillattavasta.<\/p>\n","protected":false},"excerpt":{"rendered":"<p>Pituus 34 cm. Silikoni, ruostumaton ter\u00e4s, l\u00e4mm\u00f6nkesto 230 \u00b0C, astianpesukoneen kest\u00e4v\u00e4, lukitusmekanismi. Silikoninen otinpinta antaa hyv\u00e4n otteen grillattavasta.<\/p>\n","protected":false},"featured_media":1365,"comment_status":"closed","ping_status":"closed","template":"","meta":[],"product_brand":[],"product_cat":[134,132],"product_tag":[],"class_list":{"0":"post-1364","1":"product","2":"type-product","3":"status-publish","4":"has-post-thumbnail","6":"product_cat-grillaustarvikkeet","7":"product_cat-grillit-ja-grillausarvikkeet","9":"first","10":"instock","11":"taxable","12":"shipping-taxable","13":"purchasable","14":"product-type-simple"},"_links":{"self":[{"href":"https:\/\/www.ksttukku.fi\/kauppa\/wp-json\/wp\/v2\/product\/1364","targetHints":{"allow":["GET"]}}],"collection":[{"href":"https:\/\/www.ksttukku.fi\/kauppa\/wp-json\/wp\/v2\/product"}],"about":[{"href":"https:\/\/www.ksttukku.fi\/kauppa\/wp-json\/wp\/v2\/types\/product"}],"replies":[{"embeddable":true,"href":"https:\/\/www.ksttukku.fi\/kauppa\/wp-json\/wp\/v2\/comments?post=1364"}],"wp:featuredmedia":[{"embeddable":true,"href":"https:\/\/www.ksttukku.fi\/kauppa\/wp-json\/wp\/v2\/media\/1365"}],"wp:attachment":[{"href":"https:\/\/www.ksttukku.fi\/kauppa\/wp-json\/wp\/v2\/media?parent=1364"}],"wp:term":[{"taxonomy":"product_brand","embeddable":true,"href":"https:\/\/www.ksttukku.fi\/kauppa\/wp-json\/wp\/v2\/product_brand?post=1364"},{"taxonomy":"product_cat","embeddable":true,"href":"https:\/\/www.ksttukku.fi\/kauppa\/wp-json\/wp\/v2\/product_cat?post=1364"},{"taxonomy":"product_tag","embeddable":true,"href":"https:\/\/www.ksttukku.fi\/kauppa\/wp-json\/wp\/v2\/product_tag?post=1364"}],"curies":[{"name":"wp","href":"https:\/\/api.w.org\/{rel}","templated":true}]}}