{"id":13642,"date":"2023-07-11T15:45:45","date_gmt":"2023-07-11T12:45:45","guid":{"rendered":"https:\/\/www.ksttukku.fi\/kauppa\/?post_type=product&#038;p=13642"},"modified":"2024-07-11T16:12:14","modified_gmt":"2024-07-11T13:12:14","slug":"aktivator-1735-1litra","status":"publish","type":"product","link":"https:\/\/www.ksttukku.fi\/kauppa\/tuote\/aktivator-1735-1litra\/","title":{"rendered":"Aktivator 1735  1Litra"},"content":{"rendered":"<p>Aktivaattoria k\u00e4ytet\u00e4\u00e4n yhdess\u00e4 aktiivihappea sis\u00e4lt\u00e4vien puhdistusaineiden kanssa, sill\u00e4 se pident\u00e4\u00e4 ja tehostaa aktiivihapen desinfiointitehoa merkitt\u00e4v\u00e4sti.<\/p>\n<p>Jos k\u00e4ytet\u00e4 kloorittomia OxyChock-rakeita uima-altaan tai porealtaan vedenhoitoon, tulee lis\u00e4ksi k\u00e4ytt\u00e4\u00e4 Aktivaattoria, pident\u00e4\u00e4 ja lis\u00e4\u00e4 aktiivista happea desinfiointitehoa merkitt\u00e4v\u00e4sti.<\/p>\n<p>Annostus:<br \/>\nAlkuannostus: Lis\u00e4t\u00e4\u00e4n 1 dl\/100 ml. Aktivaattoria ja 100gr OxyChock 10 000 vesilitraa kohti. T\u00e4yt\u00e4 puhdas muovi\u00e4mp\u00e4ri vedell\u00e4 ja lis\u00e4\u00e4 Aktivaattori. Liuos lis\u00e4t\u00e4\u00e4n altaan reunaa pitkin.<br \/>\nJatkuva hoito: Lis\u00e4\u00e4 1\/4 grammaa Aktivaattoria ja 40 gr OxyChock 10 000 vesilitraa kohti 3 p\u00e4iv\u00e4n v\u00e4lein.<\/p>\n<p>Terveen allasveden pH on 7,0\u20137,4. Terveellisell\u00e4 vesitasapainolla saat parhaan hy\u00f6dyn vedenhoitotuotteistasi. Jos allasveden pH ei ole vaihteluv\u00e4lin v\u00e4lill\u00e4, sit\u00e4 s\u00e4\u00e4det\u00e4\u00e4n pH-Plussalla tai pH-Minuksella.<\/p>\n<p>K\u00e4yt\u00e4 kantta mittakuppina:<br \/>\nT\u00e4m\u00e4n tuotteen kansi toimii mittakuppina, jotta voit helposti ja tarkasti annostella oikean m\u00e4\u00e4r\u00e4n.<br \/>\nS\u00e4ilyt\u00e4 tuote pystyasennossa alkuper\u00e4isess\u00e4 pakkauksessaan lasten ulottumattomissa. Suojattava j\u00e4\u00e4tymiselt\u00e4 ja suoralta auringonvalolta.<\/p>\n","protected":false},"excerpt":{"rendered":"<p>Aktivaattoria k\u00e4ytet\u00e4\u00e4n yhdess\u00e4 aktiivihappea sis\u00e4lt\u00e4vien puhdistusaineiden kanssa, sill\u00e4 se pident\u00e4\u00e4 ja tehostaa aktiivihapen desinfiointitehoa merkitt\u00e4v\u00e4sti. Jos k\u00e4ytet\u00e4 kloorittomia OxyChock-rakeita uima-altaan tai porealtaan vedenhoitoon, tulee lis\u00e4ksi k\u00e4ytt\u00e4\u00e4 Aktivaattoria, pident\u00e4\u00e4 ja lis\u00e4\u00e4 aktiivista happea desinfiointitehoa merkitt\u00e4v\u00e4sti. Annostus: Alkuannostus: Lis\u00e4t\u00e4\u00e4n 1 dl\/100 ml. Aktivaattoria ja 100gr OxyChock 10 000 vesilitraa kohti. T\u00e4yt\u00e4 puhdas muovi\u00e4mp\u00e4ri vedell\u00e4 ja lis\u00e4\u00e4 Aktivaattori. [&hellip;]<\/p>\n","protected":false},"featured_media":15844,"comment_status":"closed","ping_status":"closed","template":"","meta":[],"product_brand":[],"product_cat":[206],"product_tag":[],"class_list":{"0":"post-13642","1":"product","2":"type-product","3":"status-publish","4":"has-post-thumbnail","6":"product_cat-sup-laudat","8":"first","9":"instock","10":"taxable","11":"shipping-taxable","12":"purchasable","13":"product-type-simple"},"_links":{"self":[{"href":"https:\/\/www.ksttukku.fi\/kauppa\/wp-json\/wp\/v2\/product\/13642","targetHints":{"allow":["GET"]}}],"collection":[{"href":"https:\/\/www.ksttukku.fi\/kauppa\/wp-json\/wp\/v2\/product"}],"about":[{"href":"https:\/\/www.ksttukku.fi\/kauppa\/wp-json\/wp\/v2\/types\/product"}],"replies":[{"embeddable":true,"href":"https:\/\/www.ksttukku.fi\/kauppa\/wp-json\/wp\/v2\/comments?post=13642"}],"wp:featuredmedia":[{"embeddable":true,"href":"https:\/\/www.ksttukku.fi\/kauppa\/wp-json\/wp\/v2\/media\/15844"}],"wp:attachment":[{"href":"https:\/\/www.ksttukku.fi\/kauppa\/wp-json\/wp\/v2\/media?parent=13642"}],"wp:term":[{"taxonomy":"product_brand","embeddable":true,"href":"https:\/\/www.ksttukku.fi\/kauppa\/wp-json\/wp\/v2\/product_brand?post=13642"},{"taxonomy":"product_cat","embeddable":true,"href":"https:\/\/www.ksttukku.fi\/kauppa\/wp-json\/wp\/v2\/product_cat?post=13642"},{"taxonomy":"product_tag","embeddable":true,"href":"https:\/\/www.ksttukku.fi\/kauppa\/wp-json\/wp\/v2\/product_tag?post=13642"}],"curies":[{"name":"wp","href":"https:\/\/api.w.org\/{rel}","templated":true}]}}