{"id":13660,"date":"2023-07-14T13:59:13","date_gmt":"2023-07-14T10:59:13","guid":{"rendered":"https:\/\/www.ksttukku.fi\/kauppa\/?post_type=product&#038;p=13660"},"modified":"2024-04-16T18:42:11","modified_gmt":"2024-04-16T15:42:11","slug":"valopeili-luna-600mm-ip44-3000k-4000k","status":"publish","type":"product","link":"https:\/\/www.ksttukku.fi\/kauppa\/tuote\/valopeili-luna-600mm-ip44-3000k-4000k\/","title":{"rendered":"Valopeili Luna 600mm IP44, 3000K\/4000K"},"content":{"rendered":"<p>Uutuus, py\u00f6re\u00e4 peili Luna taustavalolla. Peilin halkaisija on 600 mm, et\u00e4isyys sein\u00e4st\u00e4 40 mm. Takana tehokas lednauha<\/p>\n<p>V\u00e4ril\u00e4mp\u00f6tila vaihdettavissa 3000 K \/ 4000 K<\/p>\n<p>Suojausluokka: IP44<\/p>\n<p>Valovirta: 2800 lm<\/p>\n<p>Teho: 18 W<\/p>\n<p>&nbsp;<\/p>\n","protected":false},"excerpt":{"rendered":"<p>Uutuus, py\u00f6re\u00e4 peili Luna taustavalolla. Peilin halkaisija on 600 mm, et\u00e4isyys sein\u00e4st\u00e4 40 mm. Takana tehokas lednauha V\u00e4ril\u00e4mp\u00f6tila vaihdettavissa 3000 K \/ 4000 K Suojausluokka: IP44 Valovirta: 2800 lm Teho: 18 W &nbsp;<\/p>\n","protected":false},"featured_media":13666,"comment_status":"closed","ping_status":"closed","template":"","meta":[],"product_brand":[],"product_cat":[150,237],"product_tag":[],"class_list":{"0":"post-13660","1":"product","2":"type-product","3":"status-publish","4":"has-post-thumbnail","6":"product_cat-kylpyhuone","7":"product_cat-valopeilit","9":"first","10":"instock","11":"sale","12":"taxable","13":"shipping-taxable","14":"purchasable","15":"product-type-simple"},"_links":{"self":[{"href":"https:\/\/www.ksttukku.fi\/kauppa\/wp-json\/wp\/v2\/product\/13660","targetHints":{"allow":["GET"]}}],"collection":[{"href":"https:\/\/www.ksttukku.fi\/kauppa\/wp-json\/wp\/v2\/product"}],"about":[{"href":"https:\/\/www.ksttukku.fi\/kauppa\/wp-json\/wp\/v2\/types\/product"}],"replies":[{"embeddable":true,"href":"https:\/\/www.ksttukku.fi\/kauppa\/wp-json\/wp\/v2\/comments?post=13660"}],"wp:featuredmedia":[{"embeddable":true,"href":"https:\/\/www.ksttukku.fi\/kauppa\/wp-json\/wp\/v2\/media\/13666"}],"wp:attachment":[{"href":"https:\/\/www.ksttukku.fi\/kauppa\/wp-json\/wp\/v2\/media?parent=13660"}],"wp:term":[{"taxonomy":"product_brand","embeddable":true,"href":"https:\/\/www.ksttukku.fi\/kauppa\/wp-json\/wp\/v2\/product_brand?post=13660"},{"taxonomy":"product_cat","embeddable":true,"href":"https:\/\/www.ksttukku.fi\/kauppa\/wp-json\/wp\/v2\/product_cat?post=13660"},{"taxonomy":"product_tag","embeddable":true,"href":"https:\/\/www.ksttukku.fi\/kauppa\/wp-json\/wp\/v2\/product_tag?post=13660"}],"curies":[{"name":"wp","href":"https:\/\/api.w.org\/{rel}","templated":true}]}}