{"id":13681,"date":"2023-07-15T12:50:29","date_gmt":"2023-07-15T09:50:29","guid":{"rendered":"https:\/\/www.ksttukku.fi\/kauppa\/?post_type=product&#038;p=13681"},"modified":"2023-07-15T12:56:51","modified_gmt":"2023-07-15T09:56:51","slug":"otokka-hyttysovi-100-x-215-cm","status":"publish","type":"product","link":"https:\/\/www.ksttukku.fi\/kauppa\/tuote\/otokka-hyttysovi-100-x-215-cm\/","title":{"rendered":"\u00d6t\u00f6kk\u00e4 hyttysovi 100 x 215 cm"},"content":{"rendered":"<div class=\"product-page__top-info ab_omni_regular\" data-cy=\"product-page-top-info\" data-price-history=\"69.9\">\n<div class=\"product-heading \"><\/div>\n<div class=\"testfreaks-badge\">\n<p>Hyttysovi \u00d6t\u00f6kk\u00e4 on helppo asentaa oveen kuin oveen, jonka maksimikoko on 100 x 215 cm.<\/p>\n<p>Ovi voidaan asentaa joko ulko- tai sis\u00e4puolelle. K\u00e4tisyys vaihdettavissa.<\/p>\n<p>Ovessa on 3 saranaa jotka pit\u00e4v\u00e4t sen tukevasti paikallaan ja vetimet molemmin puolin ovea.<\/p>\n<p>Oviverhon raamit ovat valkoiset ja verkko harmaa.<\/p>\n<p>Ovi voidaan kaventaa ja lyhent\u00e4\u00e4.<\/p>\n<p>Katso asennusohjeet <a href=\"http:\/\/www.otokka.fi\/wp-content\/uploads\/2020\/06\/Hyttysovi-2018.pdf\">t\u00e4st\u00e4.<\/a><\/p>\n<\/div>\n<\/div>\n","protected":false},"excerpt":{"rendered":"<p>Hyttysovi \u00d6t\u00f6kk\u00e4 on helppo asentaa oveen kuin oveen, jonka maksimikoko on 100 x 215 cm. Ovi voidaan asentaa joko ulko- tai sis\u00e4puolelle. K\u00e4tisyys vaihdettavissa. Ovessa on 3 saranaa jotka pit\u00e4v\u00e4t sen tukevasti paikallaan ja vetimet molemmin puolin ovea. Oviverhon raamit ovat valkoiset ja verkko harmaa. Ovi voidaan kaventaa ja lyhent\u00e4\u00e4. Katso asennusohjeet t\u00e4st\u00e4.<\/p>\n","protected":false},"featured_media":13682,"comment_status":"closed","ping_status":"closed","template":"","meta":[],"product_brand":[],"product_cat":[351],"product_tag":[],"class_list":{"0":"post-13681","1":"product","2":"type-product","3":"status-publish","4":"has-post-thumbnail","6":"product_cat-hyttysansat-ja-karkottimet","8":"first","9":"instock","10":"taxable","11":"shipping-taxable","12":"purchasable","13":"product-type-simple"},"_links":{"self":[{"href":"https:\/\/www.ksttukku.fi\/kauppa\/wp-json\/wp\/v2\/product\/13681","targetHints":{"allow":["GET"]}}],"collection":[{"href":"https:\/\/www.ksttukku.fi\/kauppa\/wp-json\/wp\/v2\/product"}],"about":[{"href":"https:\/\/www.ksttukku.fi\/kauppa\/wp-json\/wp\/v2\/types\/product"}],"replies":[{"embeddable":true,"href":"https:\/\/www.ksttukku.fi\/kauppa\/wp-json\/wp\/v2\/comments?post=13681"}],"wp:featuredmedia":[{"embeddable":true,"href":"https:\/\/www.ksttukku.fi\/kauppa\/wp-json\/wp\/v2\/media\/13682"}],"wp:attachment":[{"href":"https:\/\/www.ksttukku.fi\/kauppa\/wp-json\/wp\/v2\/media?parent=13681"}],"wp:term":[{"taxonomy":"product_brand","embeddable":true,"href":"https:\/\/www.ksttukku.fi\/kauppa\/wp-json\/wp\/v2\/product_brand?post=13681"},{"taxonomy":"product_cat","embeddable":true,"href":"https:\/\/www.ksttukku.fi\/kauppa\/wp-json\/wp\/v2\/product_cat?post=13681"},{"taxonomy":"product_tag","embeddable":true,"href":"https:\/\/www.ksttukku.fi\/kauppa\/wp-json\/wp\/v2\/product_tag?post=13681"}],"curies":[{"name":"wp","href":"https:\/\/api.w.org\/{rel}","templated":true}]}}