{"id":13692,"date":"2023-07-19T18:46:08","date_gmt":"2023-07-19T15:46:08","guid":{"rendered":"https:\/\/www.ksttukku.fi\/kauppa\/?post_type=product&#038;p=13692"},"modified":"2023-07-19T18:46:08","modified_gmt":"2023-07-19T15:46:08","slug":"akustiikka-rimapaneelilevy-tumman-harmaa-saarni-600x2700mm","status":"publish","type":"product","link":"https:\/\/www.ksttukku.fi\/kauppa\/tuote\/akustiikka-rimapaneelilevy-tumman-harmaa-saarni-600x2700mm\/","title":{"rendered":"Akustiikka rimapaneelilevy tumman harmaa \/ saarni 600x2700mm"},"content":{"rendered":"<p>\u00c4\u00e4nt\u00e4 vaimentavat tyylikk\u00e4\u00e4t rimapaneelilevyt, jotka sopivat t\u00e4ydellisesti pohjoismaiseen sisustustyyliin. Paneeleissa on 9mm akustiikkalevy taustana. N\u00e4in ollen rimapaneelit auttavat my\u00f6s parantamaan toimitilojen tai kodin huoneakustiikkaa. Akustiikkalevy erist\u00e4\u00e4 ja vaimentaa \u00e4\u00e4nt\u00e4 tehokkaasti.<\/p>\n<p>Rimapaneeleja voidaan k\u00e4ytt\u00e4\u00e4 esimerkiksi sein\u00e4kkeiss\u00e4, seiniss\u00e4 tai katoissa. Rimapaneelit soveltuvat erityisesti toimistoihin, kokoustiloihin, julkisiin tiloihin, kouluihin, saleihin ja auditorioihin. Ja miksip\u00e4 ei my\u00f6s monipuolisesti kodin eri tiloihin.<\/p>\n<p>Paneelin toisen reunan reunimmainen rima tulee reunan ohi, joten paneelien sauma j\u00e4\u00e4 piiloon. Rimojen jako s\u00e4ilyy samana, joten saumakohtaa ei huomaa, mik\u00e4 tekee asentamisesta helppoa ja siisti\u00e4! Paneelissa olevien rimojen sisus on mdf :\u00e4\u00e4 ja rimat on pinnoitettu mel:ll\u00e4.<\/p>\n<p>Akustiikkalevyt on testattu ja hyv\u00e4ksytty rakennusmateriaalien parhaaseen p\u00e4\u00e4st\u00f6luokkaan M1. Akustiikkalevyn paloluokka: B-s1, d0 , mik\u00e4 tarkoittaa ett\u00e4 levy\u00e4 voidaan k\u00e4ytt\u00e4\u00e4 esim. kouluissa, p\u00e4iv\u00e4kodeissa ym. julkisissa tiloissa.<\/p>\n<p>Levyjen kiinnitt\u00e4minen tehd\u00e4\u00e4n liimalla. Kiinnitys voidaan varmistaa viimeistelynaulaimella tarvittaessa. Liimana suositellaan k\u00e4ytett\u00e4v\u00e4n suihkutettavaa liimaa, sulateliimaa, valkoista liimaa tai lasiliimaa.<\/p>\n<p>Levyn ja rimojen mitat:<\/p>\n<p>Riman mitat 30&#215;13<\/p>\n<p>Rimojen v\u00e4li 14mm<\/p>\n<p>2700x600x22mm (PxLxS)<\/p>\n<p>&nbsp;<\/p>\n","protected":false},"excerpt":{"rendered":"<p>\u00c4\u00e4nt\u00e4 vaimentavat tyylikk\u00e4\u00e4t rimapaneelilevyt, jotka sopivat t\u00e4ydellisesti pohjoismaiseen sisustustyyliin.<\/p>\n","protected":false},"featured_media":13695,"comment_status":"closed","ping_status":"closed","template":"","meta":[],"product_brand":[],"product_cat":[358,245],"product_tag":[],"class_list":{"0":"post-13692","1":"product","2":"type-product","3":"status-publish","4":"has-post-thumbnail","6":"product_cat-akustiikkalevyt","7":"product_cat-sisustuslevyt","9":"first","10":"instock","11":"taxable","12":"shipping-taxable","13":"purchasable","14":"product-type-simple"},"_links":{"self":[{"href":"https:\/\/www.ksttukku.fi\/kauppa\/wp-json\/wp\/v2\/product\/13692","targetHints":{"allow":["GET"]}}],"collection":[{"href":"https:\/\/www.ksttukku.fi\/kauppa\/wp-json\/wp\/v2\/product"}],"about":[{"href":"https:\/\/www.ksttukku.fi\/kauppa\/wp-json\/wp\/v2\/types\/product"}],"replies":[{"embeddable":true,"href":"https:\/\/www.ksttukku.fi\/kauppa\/wp-json\/wp\/v2\/comments?post=13692"}],"wp:featuredmedia":[{"embeddable":true,"href":"https:\/\/www.ksttukku.fi\/kauppa\/wp-json\/wp\/v2\/media\/13695"}],"wp:attachment":[{"href":"https:\/\/www.ksttukku.fi\/kauppa\/wp-json\/wp\/v2\/media?parent=13692"}],"wp:term":[{"taxonomy":"product_brand","embeddable":true,"href":"https:\/\/www.ksttukku.fi\/kauppa\/wp-json\/wp\/v2\/product_brand?post=13692"},{"taxonomy":"product_cat","embeddable":true,"href":"https:\/\/www.ksttukku.fi\/kauppa\/wp-json\/wp\/v2\/product_cat?post=13692"},{"taxonomy":"product_tag","embeddable":true,"href":"https:\/\/www.ksttukku.fi\/kauppa\/wp-json\/wp\/v2\/product_tag?post=13692"}],"curies":[{"name":"wp","href":"https:\/\/api.w.org\/{rel}","templated":true}]}}