{"id":13696,"date":"2023-07-20T14:04:36","date_gmt":"2023-07-20T11:04:36","guid":{"rendered":"https:\/\/www.ksttukku.fi\/kauppa\/?post_type=product&#038;p=13696"},"modified":"2023-07-20T14:04:37","modified_gmt":"2023-07-20T11:04:37","slug":"slim-led-paneelivalaisin-15w","status":"publish","type":"product","link":"https:\/\/www.ksttukku.fi\/kauppa\/tuote\/slim-led-paneelivalaisin-15w\/","title":{"rendered":"Slim Led-paneelivalaisin 15W"},"content":{"rendered":"<p>Alumiinirunkoinen paneelivalaisin himmennett\u00e4v\u00e4.<\/p>\n<p>LED-tekniikkaa on energiatehokas, kest\u00e4v\u00e4 ja ymp\u00e4rist\u00f6yst\u00e4v\u00e4llinen ratkaisu kodin valaistukseen.<\/p>\n<p>Materiaalit: Muovi\/ Alumiini<\/p>\n<p>V\u00e4ril\u00e4mp\u00f6tila: 3000K<\/p>\n<p>Teho: 900lm<\/p>\n<p>Halkaisija: 200mm<\/p>\n<p>IP 20<\/p>\n<p>&nbsp;<\/p>\n<p>&nbsp;<\/p>\n","protected":false},"excerpt":{"rendered":"<p>Alumiinirunkoinen paneelivalaisin himmennett\u00e4v\u00e4. LED-tekniikkaa on energiatehokas, kest\u00e4v\u00e4 ja ymp\u00e4rist\u00f6yst\u00e4v\u00e4llinen ratkaisu kodin valaistukseen. Materiaalit: Muovi\/ Alumiini V\u00e4ril\u00e4mp\u00f6tila: 3000K Teho: 900lm Halkaisija: 200mm IP 20 &nbsp; &nbsp;<\/p>\n","protected":false},"featured_media":13697,"comment_status":"closed","ping_status":"closed","template":"","meta":[],"product_brand":[],"product_cat":[46,183,51,35,34],"product_tag":[],"class_list":{"0":"post-13696","1":"product","2":"type-product","3":"status-publish","4":"has-post-thumbnail","6":"product_cat-alasvalot","7":"product_cat-led-paneelivalaisimet","8":"product_cat-pinta-asennettavat","9":"product_cat-sisavalaisimet","10":"product_cat-valaisimet","12":"first","13":"instock","14":"taxable","15":"shipping-taxable","16":"purchasable","17":"product-type-simple"},"_links":{"self":[{"href":"https:\/\/www.ksttukku.fi\/kauppa\/wp-json\/wp\/v2\/product\/13696","targetHints":{"allow":["GET"]}}],"collection":[{"href":"https:\/\/www.ksttukku.fi\/kauppa\/wp-json\/wp\/v2\/product"}],"about":[{"href":"https:\/\/www.ksttukku.fi\/kauppa\/wp-json\/wp\/v2\/types\/product"}],"replies":[{"embeddable":true,"href":"https:\/\/www.ksttukku.fi\/kauppa\/wp-json\/wp\/v2\/comments?post=13696"}],"wp:featuredmedia":[{"embeddable":true,"href":"https:\/\/www.ksttukku.fi\/kauppa\/wp-json\/wp\/v2\/media\/13697"}],"wp:attachment":[{"href":"https:\/\/www.ksttukku.fi\/kauppa\/wp-json\/wp\/v2\/media?parent=13696"}],"wp:term":[{"taxonomy":"product_brand","embeddable":true,"href":"https:\/\/www.ksttukku.fi\/kauppa\/wp-json\/wp\/v2\/product_brand?post=13696"},{"taxonomy":"product_cat","embeddable":true,"href":"https:\/\/www.ksttukku.fi\/kauppa\/wp-json\/wp\/v2\/product_cat?post=13696"},{"taxonomy":"product_tag","embeddable":true,"href":"https:\/\/www.ksttukku.fi\/kauppa\/wp-json\/wp\/v2\/product_tag?post=13696"}],"curies":[{"name":"wp","href":"https:\/\/api.w.org\/{rel}","templated":true}]}}