{"id":13701,"date":"2023-07-20T15:21:24","date_gmt":"2023-07-20T12:21:24","guid":{"rendered":"https:\/\/www.ksttukku.fi\/kauppa\/?post_type=product&#038;p=13701"},"modified":"2023-07-20T15:21:24","modified_gmt":"2023-07-20T12:21:24","slug":"aino-ritilamatto-musta-30-x-30-cm-10-kpl-pak","status":"publish","type":"product","link":"https:\/\/www.ksttukku.fi\/kauppa\/tuote\/aino-ritilamatto-musta-30-x-30-cm-10-kpl-pak\/","title":{"rendered":"Aino Ritil\u00e4matto musta 30 x 30 cm,  10 kpl\/pak"},"content":{"rendered":"<p data-sanitized-data-mce-fragment=\"1\">Ritil\u00e4matto soveltuu erityisesti m\u00e4rk\u00e4tilojen lattiapintojen suojaksi.<\/p>\n<p data-sanitized-data-mce-fragment=\"1\">Palat kiinnittyv\u00e4t helposti toisiinsa painelemalla.<\/p>\n<p data-sanitized-data-mce-fragment=\"1\">Pakkaus sis\u00e4lt\u00e4\u00e4 10 palaa , koko 30x30cm<\/p>\n<p data-sanitized-data-mce-fragment=\"1\">Materiaali: PP<\/p>\n","protected":false},"excerpt":{"rendered":"<p>Ritil\u00e4matto soveltuu erityisesti m\u00e4rk\u00e4tilojen lattiapintojen suojaksi. Palat kiinnittyv\u00e4t helposti toisiinsa painelemalla. Pakkaus sis\u00e4lt\u00e4\u00e4 10 palaa , koko 30x30cm Materiaali: PP<\/p>\n","protected":false},"featured_media":13702,"comment_status":"closed","ping_status":"closed","template":"","meta":[],"product_brand":[],"product_cat":[81,22,82],"product_tag":[],"class_list":{"0":"post-13701","1":"product","2":"type-product","3":"status-publish","4":"has-post-thumbnail","6":"product_cat-kosteantilanmatot","7":"product_cat-matot","8":"product_cat-ritilamatot","10":"first","11":"instock","12":"taxable","13":"shipping-taxable","14":"purchasable","15":"product-type-simple"},"_links":{"self":[{"href":"https:\/\/www.ksttukku.fi\/kauppa\/wp-json\/wp\/v2\/product\/13701","targetHints":{"allow":["GET"]}}],"collection":[{"href":"https:\/\/www.ksttukku.fi\/kauppa\/wp-json\/wp\/v2\/product"}],"about":[{"href":"https:\/\/www.ksttukku.fi\/kauppa\/wp-json\/wp\/v2\/types\/product"}],"replies":[{"embeddable":true,"href":"https:\/\/www.ksttukku.fi\/kauppa\/wp-json\/wp\/v2\/comments?post=13701"}],"wp:featuredmedia":[{"embeddable":true,"href":"https:\/\/www.ksttukku.fi\/kauppa\/wp-json\/wp\/v2\/media\/13702"}],"wp:attachment":[{"href":"https:\/\/www.ksttukku.fi\/kauppa\/wp-json\/wp\/v2\/media?parent=13701"}],"wp:term":[{"taxonomy":"product_brand","embeddable":true,"href":"https:\/\/www.ksttukku.fi\/kauppa\/wp-json\/wp\/v2\/product_brand?post=13701"},{"taxonomy":"product_cat","embeddable":true,"href":"https:\/\/www.ksttukku.fi\/kauppa\/wp-json\/wp\/v2\/product_cat?post=13701"},{"taxonomy":"product_tag","embeddable":true,"href":"https:\/\/www.ksttukku.fi\/kauppa\/wp-json\/wp\/v2\/product_tag?post=13701"}],"curies":[{"name":"wp","href":"https:\/\/api.w.org\/{rel}","templated":true}]}}