{"id":13736,"date":"2023-07-26T15:52:40","date_gmt":"2023-07-26T12:52:40","guid":{"rendered":"https:\/\/www.ksttukku.fi\/kauppa\/?post_type=product&#038;p=13736"},"modified":"2023-07-26T16:08:05","modified_gmt":"2023-07-26T13:08:05","slug":"rabalux-oskar-led-valaisin-18-w","status":"publish","type":"product","link":"https:\/\/www.ksttukku.fi\/kauppa\/tuote\/rabalux-oskar-led-valaisin-18-w\/","title":{"rendered":"Rabalux Oskar Led-valaisin 18 W"},"content":{"rendered":"<p>Oscar\u00a0 tyylikk\u00e4\u00e4sti muotoiltu Led-kattovalaisin.<\/p>\n<p>Valon v\u00e4ri: puhdas valkoinen 4000K<\/p>\n<p>Materiaali: metalli\/muovi<\/p>\n<p>Valovirta: 1350 lm<\/p>\n<p>Halkaisija: 350mm<\/p>\n<p>&nbsp;<\/p>\n","protected":false},"excerpt":{"rendered":"<p>Oscar\u00a0 tyylikk\u00e4\u00e4sti muotoiltu Led-kattovalaisin. Valon v\u00e4ri: puhdas valkoinen 4000K Materiaali: metalli\/muovi Valovirta: 1350 lm Halkaisija: 350mm &nbsp;<\/p>\n","protected":false},"featured_media":13739,"comment_status":"closed","ping_status":"closed","template":"","meta":[],"product_brand":[],"product_cat":[40,35,34],"product_tag":[],"class_list":{"0":"post-13736","1":"product","2":"type-product","3":"status-publish","4":"has-post-thumbnail","6":"product_cat-kattovalaisimet","7":"product_cat-sisavalaisimet","8":"product_cat-valaisimet","10":"first","11":"instock","12":"taxable","13":"shipping-taxable","14":"purchasable","15":"product-type-simple"},"_links":{"self":[{"href":"https:\/\/www.ksttukku.fi\/kauppa\/wp-json\/wp\/v2\/product\/13736","targetHints":{"allow":["GET"]}}],"collection":[{"href":"https:\/\/www.ksttukku.fi\/kauppa\/wp-json\/wp\/v2\/product"}],"about":[{"href":"https:\/\/www.ksttukku.fi\/kauppa\/wp-json\/wp\/v2\/types\/product"}],"replies":[{"embeddable":true,"href":"https:\/\/www.ksttukku.fi\/kauppa\/wp-json\/wp\/v2\/comments?post=13736"}],"wp:featuredmedia":[{"embeddable":true,"href":"https:\/\/www.ksttukku.fi\/kauppa\/wp-json\/wp\/v2\/media\/13739"}],"wp:attachment":[{"href":"https:\/\/www.ksttukku.fi\/kauppa\/wp-json\/wp\/v2\/media?parent=13736"}],"wp:term":[{"taxonomy":"product_brand","embeddable":true,"href":"https:\/\/www.ksttukku.fi\/kauppa\/wp-json\/wp\/v2\/product_brand?post=13736"},{"taxonomy":"product_cat","embeddable":true,"href":"https:\/\/www.ksttukku.fi\/kauppa\/wp-json\/wp\/v2\/product_cat?post=13736"},{"taxonomy":"product_tag","embeddable":true,"href":"https:\/\/www.ksttukku.fi\/kauppa\/wp-json\/wp\/v2\/product_tag?post=13736"}],"curies":[{"name":"wp","href":"https:\/\/api.w.org\/{rel}","templated":true}]}}