{"id":13741,"date":"2023-07-26T16:23:29","date_gmt":"2023-07-26T13:23:29","guid":{"rendered":"https:\/\/www.ksttukku.fi\/kauppa\/?post_type=product&#038;p=13741"},"modified":"2023-07-26T16:23:30","modified_gmt":"2023-07-26T13:23:30","slug":"coralia-led-kattovalaisin-48-w","status":"publish","type":"product","link":"https:\/\/www.ksttukku.fi\/kauppa\/tuote\/coralia-led-kattovalaisin-48-w\/","title":{"rendered":"Coralia Led-kattovalaisin 48 W"},"content":{"rendered":"<p>N\u00e4ytt\u00e4v\u00e4 ja tehokas kattovalaisin kaukos\u00e4\u00e4timell\u00e4.<\/p>\n<p>Himmennys ja v\u00e4ril\u00e4mp\u00f6tilan s\u00e4\u00e4t\u00f6.<\/p>\n<p>Sopii moneen eri kodin tiloihin.<\/p>\n<p>3000-6500K<\/p>\n<p>Valovirta: 3476 lm<\/p>\n<p>Halkaisija:410mm<\/p>\n<p>Materiaali: akryyli\/metalli<\/p>\n<p>&nbsp;<\/p>\n<p>&nbsp;<\/p>\n","protected":false},"excerpt":{"rendered":"<p>N\u00e4ytt\u00e4v\u00e4 ja tehokas kattovalaisin kaukos\u00e4\u00e4timell\u00e4. Himmennys ja v\u00e4ril\u00e4mp\u00f6tilan s\u00e4\u00e4t\u00f6. Sopii moneen eri kodin tiloihin. 3000-6500K Valovirta: 3476 lm Halkaisija:410mm Materiaali: akryyli\/metalli &nbsp; &nbsp;<\/p>\n","protected":false},"featured_media":13743,"comment_status":"closed","ping_status":"closed","template":"","meta":[],"product_brand":[],"product_cat":[40,35,34],"product_tag":[],"class_list":{"0":"post-13741","1":"product","2":"type-product","3":"status-publish","4":"has-post-thumbnail","6":"product_cat-kattovalaisimet","7":"product_cat-sisavalaisimet","8":"product_cat-valaisimet","10":"first","11":"instock","12":"taxable","13":"shipping-taxable","14":"purchasable","15":"product-type-simple"},"_links":{"self":[{"href":"https:\/\/www.ksttukku.fi\/kauppa\/wp-json\/wp\/v2\/product\/13741","targetHints":{"allow":["GET"]}}],"collection":[{"href":"https:\/\/www.ksttukku.fi\/kauppa\/wp-json\/wp\/v2\/product"}],"about":[{"href":"https:\/\/www.ksttukku.fi\/kauppa\/wp-json\/wp\/v2\/types\/product"}],"replies":[{"embeddable":true,"href":"https:\/\/www.ksttukku.fi\/kauppa\/wp-json\/wp\/v2\/comments?post=13741"}],"wp:featuredmedia":[{"embeddable":true,"href":"https:\/\/www.ksttukku.fi\/kauppa\/wp-json\/wp\/v2\/media\/13743"}],"wp:attachment":[{"href":"https:\/\/www.ksttukku.fi\/kauppa\/wp-json\/wp\/v2\/media?parent=13741"}],"wp:term":[{"taxonomy":"product_brand","embeddable":true,"href":"https:\/\/www.ksttukku.fi\/kauppa\/wp-json\/wp\/v2\/product_brand?post=13741"},{"taxonomy":"product_cat","embeddable":true,"href":"https:\/\/www.ksttukku.fi\/kauppa\/wp-json\/wp\/v2\/product_cat?post=13741"},{"taxonomy":"product_tag","embeddable":true,"href":"https:\/\/www.ksttukku.fi\/kauppa\/wp-json\/wp\/v2\/product_tag?post=13741"}],"curies":[{"name":"wp","href":"https:\/\/api.w.org\/{rel}","templated":true}]}}