{"id":13754,"date":"2023-07-27T11:43:33","date_gmt":"2023-07-27T08:43:33","guid":{"rendered":"https:\/\/www.ksttukku.fi\/kauppa\/?post_type=product&#038;p=13754"},"modified":"2023-07-27T11:43:34","modified_gmt":"2023-07-27T08:43:34","slug":"airam-skye-fix-alasvalo-5w-3000k-uppoasennettava-kromi","status":"publish","type":"product","link":"https:\/\/www.ksttukku.fi\/kauppa\/tuote\/airam-skye-fix-alasvalo-5w-3000k-uppoasennettava-kromi\/","title":{"rendered":"Airam Skye Fix -alasvalo, 5W, 3000K, uppoasennettava  kromi"},"content":{"rendered":"<p>Airam Skye Fix -alasvalo, 5W, 3000K, uppoasennettava kromi<\/p>\n<p>Airam Skye Fix-alasvalossa on puhtaan valkoisen s\u00e4vyinen valo 4000K.<\/p>\n<p>Valaisin sopii kohdevalaisuun matalaan kattorakenteeseen tai maksimissaan nelj\u00e4n metrin korkeuteen.<\/p>\n<p>Skye-valaisin soveltuu sek\u00e4 kuiviin-, ett\u00e4 kosteisiin sis\u00e4tiloihin.<\/p>\n<p>Muovirunko on helposti asennettavissa.<\/p>\n<ul>\n<li>Materiaali: polykarbonaatti<\/li>\n<li>V\u00e4ri: kromi<\/li>\n<li>Lampputyyppi :LED kiinte\u00e4<\/li>\n<li>Nimellisj\u00e4nnite: 220-240 V<\/li>\n<li>Teho: 5W<\/li>\n<li>Valovirta: 450 lm<\/li>\n<li>V\u00e4ril\u00e4mp\u00f6tila: 3000K<\/li>\n<li>V\u00e4rintoistoindeksi: 80<\/li>\n<li>Asennus: uppoasennus<\/li>\n<li>Upotusaukon syvyys: 65 mm<\/li>\n<li>Upotusaukon halkaisija: 68 mm<\/li>\n<li>Ulkohalkaisija: 82 mm<\/li>\n<li>Virtal\u00e4hteen elinik\u00e4: n. 25 000 h<\/li>\n<li>IP-luokka: IP44 \/ IP20<\/li>\n<li>Uppoasennus kattoon. Kytkent\u00e4 ja ketjutus erillisess\u00e4 rasiass<\/li>\n<\/ul>\n","protected":false},"excerpt":{"rendered":"<p>Airam Skye Fix -alasvalo, 5W, 3000K, uppoasennettava kromi Airam Skye Fix-alasvalossa on puhtaan valkoisen s\u00e4vyinen valo 4000K. Valaisin sopii kohdevalaisuun matalaan kattorakenteeseen tai maksimissaan nelj\u00e4n metrin korkeuteen. Skye-valaisin soveltuu sek\u00e4 kuiviin-, ett\u00e4 kosteisiin sis\u00e4tiloihin. Muovirunko on helposti asennettavissa. Materiaali: polykarbonaatti V\u00e4ri: kromi Lampputyyppi :LED kiinte\u00e4 Nimellisj\u00e4nnite: 220-240 V Teho: 5W Valovirta: 450 lm V\u00e4ril\u00e4mp\u00f6tila: 3000K [&hellip;]<\/p>\n","protected":false},"featured_media":13755,"comment_status":"closed","ping_status":"closed","template":"","meta":[],"product_brand":[],"product_cat":[46,35,52,34],"product_tag":[],"class_list":{"0":"post-13754","1":"product","2":"type-product","3":"status-publish","4":"has-post-thumbnail","6":"product_cat-alasvalot","7":"product_cat-sisavalaisimet","8":"product_cat-upotettavat","9":"product_cat-valaisimet","11":"first","12":"instock","13":"taxable","14":"shipping-taxable","15":"purchasable","16":"product-type-simple"},"_links":{"self":[{"href":"https:\/\/www.ksttukku.fi\/kauppa\/wp-json\/wp\/v2\/product\/13754","targetHints":{"allow":["GET"]}}],"collection":[{"href":"https:\/\/www.ksttukku.fi\/kauppa\/wp-json\/wp\/v2\/product"}],"about":[{"href":"https:\/\/www.ksttukku.fi\/kauppa\/wp-json\/wp\/v2\/types\/product"}],"replies":[{"embeddable":true,"href":"https:\/\/www.ksttukku.fi\/kauppa\/wp-json\/wp\/v2\/comments?post=13754"}],"wp:featuredmedia":[{"embeddable":true,"href":"https:\/\/www.ksttukku.fi\/kauppa\/wp-json\/wp\/v2\/media\/13755"}],"wp:attachment":[{"href":"https:\/\/www.ksttukku.fi\/kauppa\/wp-json\/wp\/v2\/media?parent=13754"}],"wp:term":[{"taxonomy":"product_brand","embeddable":true,"href":"https:\/\/www.ksttukku.fi\/kauppa\/wp-json\/wp\/v2\/product_brand?post=13754"},{"taxonomy":"product_cat","embeddable":true,"href":"https:\/\/www.ksttukku.fi\/kauppa\/wp-json\/wp\/v2\/product_cat?post=13754"},{"taxonomy":"product_tag","embeddable":true,"href":"https:\/\/www.ksttukku.fi\/kauppa\/wp-json\/wp\/v2\/product_tag?post=13754"}],"curies":[{"name":"wp","href":"https:\/\/api.w.org\/{rel}","templated":true}]}}