{"id":13758,"date":"2023-07-27T14:15:52","date_gmt":"2023-07-27T11:15:52","guid":{"rendered":"https:\/\/www.ksttukku.fi\/kauppa\/?post_type=product&#038;p=13758"},"modified":"2023-07-27T14:15:52","modified_gmt":"2023-07-27T11:15:52","slug":"zodiac-led-kattovalaisin-50w","status":"publish","type":"product","link":"https:\/\/www.ksttukku.fi\/kauppa\/tuote\/zodiac-led-kattovalaisin-50w\/","title":{"rendered":"Zodiac  Led-kattovalaisin 50W"},"content":{"rendered":"<p>Zodiac kattovalaisin t\u00e4htitaivas efektill\u00e4.<\/p>\n<p>V\u00e4ril\u00e4mp\u00f6tila 3000-6500K<\/p>\n<p>4000lm<\/p>\n<p>Mukana tulevalla kaukos\u00e4\u00e4timell\u00e4 voit s\u00e4\u00e4t\u00e4\u00e4 kirkautta ja valon v\u00e4ril\u00e4mp\u00f6tilaa muuttaa.<\/p>\n<p>Halkaisija: 600mm<\/p>\n<p>IP 20<\/p>\n<p>Materiaali: metalli\/muovi<\/p>\n<p>&nbsp;<\/p>\n<p>&nbsp;<\/p>\n","protected":false},"excerpt":{"rendered":"<p>Zodiac kattovalaisin t\u00e4htitaivas efektill\u00e4. V\u00e4ril\u00e4mp\u00f6tila 3000-6500K 4000lm Mukana tulevalla kaukos\u00e4\u00e4timell\u00e4 voit s\u00e4\u00e4t\u00e4\u00e4 kirkautta ja valon v\u00e4ril\u00e4mp\u00f6tilaa muuttaa. Halkaisija: 600mm IP 20 Materiaali: metalli\/muovi &nbsp; &nbsp;<\/p>\n","protected":false},"featured_media":13759,"comment_status":"closed","ping_status":"closed","template":"","meta":[],"product_brand":[],"product_cat":[46,40,51,35,34],"product_tag":[],"class_list":{"0":"post-13758","1":"product","2":"type-product","3":"status-publish","4":"has-post-thumbnail","6":"product_cat-alasvalot","7":"product_cat-kattovalaisimet","8":"product_cat-pinta-asennettavat","9":"product_cat-sisavalaisimet","10":"product_cat-valaisimet","12":"first","13":"instock","14":"taxable","15":"shipping-taxable","16":"purchasable","17":"product-type-simple"},"_links":{"self":[{"href":"https:\/\/www.ksttukku.fi\/kauppa\/wp-json\/wp\/v2\/product\/13758","targetHints":{"allow":["GET"]}}],"collection":[{"href":"https:\/\/www.ksttukku.fi\/kauppa\/wp-json\/wp\/v2\/product"}],"about":[{"href":"https:\/\/www.ksttukku.fi\/kauppa\/wp-json\/wp\/v2\/types\/product"}],"replies":[{"embeddable":true,"href":"https:\/\/www.ksttukku.fi\/kauppa\/wp-json\/wp\/v2\/comments?post=13758"}],"wp:featuredmedia":[{"embeddable":true,"href":"https:\/\/www.ksttukku.fi\/kauppa\/wp-json\/wp\/v2\/media\/13759"}],"wp:attachment":[{"href":"https:\/\/www.ksttukku.fi\/kauppa\/wp-json\/wp\/v2\/media?parent=13758"}],"wp:term":[{"taxonomy":"product_brand","embeddable":true,"href":"https:\/\/www.ksttukku.fi\/kauppa\/wp-json\/wp\/v2\/product_brand?post=13758"},{"taxonomy":"product_cat","embeddable":true,"href":"https:\/\/www.ksttukku.fi\/kauppa\/wp-json\/wp\/v2\/product_cat?post=13758"},{"taxonomy":"product_tag","embeddable":true,"href":"https:\/\/www.ksttukku.fi\/kauppa\/wp-json\/wp\/v2\/product_tag?post=13758"}],"curies":[{"name":"wp","href":"https:\/\/api.w.org\/{rel}","templated":true}]}}