{"id":13790,"date":"2023-07-29T13:37:29","date_gmt":"2023-07-29T10:37:29","guid":{"rendered":"https:\/\/www.ksttukku.fi\/kauppa\/?post_type=product&#038;p=13790"},"modified":"2024-12-13T15:28:15","modified_gmt":"2024-12-13T13:28:15","slug":"kehyspeili-sonja-55x70cm-hopea","status":"publish","type":"product","link":"https:\/\/www.ksttukku.fi\/kauppa\/tuote\/kehyspeili-sonja-55x70cm-hopea\/","title":{"rendered":"Kehyspeili Sonja 55x70cm hopea"},"content":{"rendered":"<p>Voidaan asentaa pysty- tai\u00a0 vaakasuoraan.<\/p>\n<p>Mitat: 55 x 70 x 3,5 cm<\/p>\n<p>V\u00e4ri: Hopea<\/p>\n<p>Sis\u00e4lt\u00e4\u00e4 kiinnityssarjan<\/p>\n","protected":false},"excerpt":{"rendered":"<p>Voidaan asentaa pysty- tai\u00a0 vaakasuoraan. Mitat: 55 x 70 x 3,5 cm V\u00e4ri: Hopea Sis\u00e4lt\u00e4\u00e4 kiinnityssarjan<\/p>\n","protected":false},"featured_media":13794,"comment_status":"closed","ping_status":"closed","template":"","meta":[],"product_brand":[],"product_cat":[377],"product_tag":[],"class_list":{"0":"post-13790","1":"product","2":"type-product","3":"status-publish","4":"has-post-thumbnail","6":"product_cat-sisustus-lahjatavarat","8":"first","9":"outofstock","10":"taxable","11":"shipping-taxable","12":"purchasable","13":"product-type-simple"},"_links":{"self":[{"href":"https:\/\/www.ksttukku.fi\/kauppa\/wp-json\/wp\/v2\/product\/13790","targetHints":{"allow":["GET"]}}],"collection":[{"href":"https:\/\/www.ksttukku.fi\/kauppa\/wp-json\/wp\/v2\/product"}],"about":[{"href":"https:\/\/www.ksttukku.fi\/kauppa\/wp-json\/wp\/v2\/types\/product"}],"replies":[{"embeddable":true,"href":"https:\/\/www.ksttukku.fi\/kauppa\/wp-json\/wp\/v2\/comments?post=13790"}],"wp:featuredmedia":[{"embeddable":true,"href":"https:\/\/www.ksttukku.fi\/kauppa\/wp-json\/wp\/v2\/media\/13794"}],"wp:attachment":[{"href":"https:\/\/www.ksttukku.fi\/kauppa\/wp-json\/wp\/v2\/media?parent=13790"}],"wp:term":[{"taxonomy":"product_brand","embeddable":true,"href":"https:\/\/www.ksttukku.fi\/kauppa\/wp-json\/wp\/v2\/product_brand?post=13790"},{"taxonomy":"product_cat","embeddable":true,"href":"https:\/\/www.ksttukku.fi\/kauppa\/wp-json\/wp\/v2\/product_cat?post=13790"},{"taxonomy":"product_tag","embeddable":true,"href":"https:\/\/www.ksttukku.fi\/kauppa\/wp-json\/wp\/v2\/product_tag?post=13790"}],"curies":[{"name":"wp","href":"https:\/\/api.w.org\/{rel}","templated":true}]}}