{"id":13797,"date":"2023-07-29T14:30:30","date_gmt":"2023-07-29T11:30:30","guid":{"rendered":"https:\/\/www.ksttukku.fi\/kauppa\/?post_type=product&#038;p=13797"},"modified":"2023-07-29T14:30:30","modified_gmt":"2023-07-29T11:30:30","slug":"valopeili-yuna-780mm-ip44-3000k4000k","status":"publish","type":"product","link":"https:\/\/www.ksttukku.fi\/kauppa\/tuote\/valopeili-yuna-780mm-ip44-3000k4000k\/","title":{"rendered":"Valopeili Yuna 780mm IP44, 3000K(4000K"},"content":{"rendered":"<p>Uutuus, py\u00f6re\u00e4 peili Yuna. Peilin halkaisija on 780 mm, et\u00e4isyys sein\u00e4st\u00e4 45 mm. Takana tehokas lednauha<\/p>\n<p>V\u00e4ril\u00e4mp\u00f6tilalla vaihdettavissa 3000 K \/ 4000 K<\/p>\n<p>Suojausluokka: IP44<\/p>\n<p>Valovirta: 5000 lm<\/p>\n<p>Teho: 36 W<\/p>\n<p>&nbsp;<\/p>\n","protected":false},"excerpt":{"rendered":"<p>Uutuus, py\u00f6re\u00e4 peili Yuna. Peilin halkaisija on 780 mm, et\u00e4isyys sein\u00e4st\u00e4 45 mm. Takana tehokas lednauha V\u00e4ril\u00e4mp\u00f6tilalla vaihdettavissa 3000 K \/ 4000 K Suojausluokka: IP44 Valovirta: 5000 lm Teho: 36 W &nbsp;<\/p>\n","protected":false},"featured_media":13803,"comment_status":"closed","ping_status":"closed","template":"","meta":[],"product_brand":[],"product_cat":[150,237],"product_tag":[],"class_list":{"0":"post-13797","1":"product","2":"type-product","3":"status-publish","4":"has-post-thumbnail","6":"product_cat-kylpyhuone","7":"product_cat-valopeilit","9":"first","10":"instock","11":"taxable","12":"shipping-taxable","13":"purchasable","14":"product-type-simple"},"_links":{"self":[{"href":"https:\/\/www.ksttukku.fi\/kauppa\/wp-json\/wp\/v2\/product\/13797","targetHints":{"allow":["GET"]}}],"collection":[{"href":"https:\/\/www.ksttukku.fi\/kauppa\/wp-json\/wp\/v2\/product"}],"about":[{"href":"https:\/\/www.ksttukku.fi\/kauppa\/wp-json\/wp\/v2\/types\/product"}],"replies":[{"embeddable":true,"href":"https:\/\/www.ksttukku.fi\/kauppa\/wp-json\/wp\/v2\/comments?post=13797"}],"wp:featuredmedia":[{"embeddable":true,"href":"https:\/\/www.ksttukku.fi\/kauppa\/wp-json\/wp\/v2\/media\/13803"}],"wp:attachment":[{"href":"https:\/\/www.ksttukku.fi\/kauppa\/wp-json\/wp\/v2\/media?parent=13797"}],"wp:term":[{"taxonomy":"product_brand","embeddable":true,"href":"https:\/\/www.ksttukku.fi\/kauppa\/wp-json\/wp\/v2\/product_brand?post=13797"},{"taxonomy":"product_cat","embeddable":true,"href":"https:\/\/www.ksttukku.fi\/kauppa\/wp-json\/wp\/v2\/product_cat?post=13797"},{"taxonomy":"product_tag","embeddable":true,"href":"https:\/\/www.ksttukku.fi\/kauppa\/wp-json\/wp\/v2\/product_tag?post=13797"}],"curies":[{"name":"wp","href":"https:\/\/api.w.org\/{rel}","templated":true}]}}