{"id":13853,"date":"2023-08-02T17:19:48","date_gmt":"2023-08-02T14:19:48","guid":{"rendered":"https:\/\/www.ksttukku.fi\/kauppa\/?post_type=product&#038;p=13853"},"modified":"2023-08-03T14:48:36","modified_gmt":"2023-08-03T11:48:36","slug":"13853","status":"publish","type":"product","link":"https:\/\/www.ksttukku.fi\/kauppa\/tuote\/13853\/","title":{"rendered":"Zibella kattovalaisin  22W"},"content":{"rendered":"<p>Valaisimessa valo tulee kauniin pehme\u00e4sti.<\/p>\n<p>Valaisimen v\u00e4ril\u00e4mp\u00f6tila on valittavissa rungossa\u00a0 olevasta kytkimest\u00e4 , valittavissa 3000K,<\/p>\n<p>3500K tai 4000K,<\/p>\n<p>Sein\u00e4valokytkimest\u00e4 voidaan s\u00e4\u00e4t\u00e4\u00e4 valoteho, 100%, 50 % tai 25 %<\/p>\n<p>Valaisimessa on muistitoiminto.<\/p>\n<p>Koukkukiinnitys<\/p>\n<p>&nbsp;<\/p>\n","protected":false},"excerpt":{"rendered":"<p>Valaisimessa valo tulee kauniin pehme\u00e4sti. Valaisimen v\u00e4ril\u00e4mp\u00f6tila on valittavissa rungossa\u00a0 olevasta kytkimest\u00e4 , valittavissa 3000K, 3500K tai 4000K, Sein\u00e4valokytkimest\u00e4 voidaan s\u00e4\u00e4t\u00e4\u00e4 valoteho, 100%, 50 % tai 25 % Valaisimessa on muistitoiminto. Koukkukiinnitys &nbsp;<\/p>\n","protected":false},"featured_media":13861,"comment_status":"closed","ping_status":"closed","template":"","meta":[],"product_brand":[],"product_cat":[40,35,34],"product_tag":[],"class_list":{"0":"post-13853","1":"product","2":"type-product","3":"status-publish","4":"has-post-thumbnail","6":"product_cat-kattovalaisimet","7":"product_cat-sisavalaisimet","8":"product_cat-valaisimet","10":"first","11":"instock","12":"taxable","13":"shipping-taxable","14":"purchasable","15":"product-type-simple"},"_links":{"self":[{"href":"https:\/\/www.ksttukku.fi\/kauppa\/wp-json\/wp\/v2\/product\/13853","targetHints":{"allow":["GET"]}}],"collection":[{"href":"https:\/\/www.ksttukku.fi\/kauppa\/wp-json\/wp\/v2\/product"}],"about":[{"href":"https:\/\/www.ksttukku.fi\/kauppa\/wp-json\/wp\/v2\/types\/product"}],"replies":[{"embeddable":true,"href":"https:\/\/www.ksttukku.fi\/kauppa\/wp-json\/wp\/v2\/comments?post=13853"}],"wp:featuredmedia":[{"embeddable":true,"href":"https:\/\/www.ksttukku.fi\/kauppa\/wp-json\/wp\/v2\/media\/13861"}],"wp:attachment":[{"href":"https:\/\/www.ksttukku.fi\/kauppa\/wp-json\/wp\/v2\/media?parent=13853"}],"wp:term":[{"taxonomy":"product_brand","embeddable":true,"href":"https:\/\/www.ksttukku.fi\/kauppa\/wp-json\/wp\/v2\/product_brand?post=13853"},{"taxonomy":"product_cat","embeddable":true,"href":"https:\/\/www.ksttukku.fi\/kauppa\/wp-json\/wp\/v2\/product_cat?post=13853"},{"taxonomy":"product_tag","embeddable":true,"href":"https:\/\/www.ksttukku.fi\/kauppa\/wp-json\/wp\/v2\/product_tag?post=13853"}],"curies":[{"name":"wp","href":"https:\/\/api.w.org\/{rel}","templated":true}]}}