{"id":13865,"date":"2023-08-03T18:59:45","date_gmt":"2023-08-03T15:59:45","guid":{"rendered":"https:\/\/www.ksttukku.fi\/kauppa\/?post_type=product&#038;p=13865"},"modified":"2024-02-20T13:38:31","modified_gmt":"2024-02-20T11:38:31","slug":"crea-allaskaappi-60cm-matta-valkoinen","status":"publish","type":"product","link":"https:\/\/www.ksttukku.fi\/kauppa\/tuote\/crea-allaskaappi-60cm-matta-valkoinen\/","title":{"rendered":"CREA Allaskaappi 60cm matta valkoinen"},"content":{"rendered":"<p>\u2022 Posliiniallas ylivuotosuojalla<br \/>\n\u2022 Pehme\u00e4sti sulkeutuvat ovet<br \/>\n\u2022 Ovien viistottu yl\u00e4reuna toimii vetimen\u00e4<br \/>\n\u2022 Yksi hylly<br \/>\n\u2022 Runko kalustelevy\u00e4<br \/>\n\u2022 Lis\u00e4varusteena saatavana my\u00f6s erilaisia vetimi\u00e4<br \/>\n\u2022 Valmiiksi koottu, s\u00e4\u00e4dett\u00e4v\u00e4 kiinnitysj\u00e4rjestelm\u00e4<br \/>\n\u2022 Asennetaan riippuvaksi mutta jos sein\u00e4 ei kest\u00e4, toimitus<br \/>\nsis\u00e4lt\u00e4\u00e4 my\u00f6s jalat<br \/>\n\u2022 Tilaa vesilukolle ja poistoputkelle<\/p>\n<p>\u2022 Leveys 60 cm<br \/>\n\u2022 Rungon syvyys 35 cm, altaan syvyys 42 cm<br \/>\n\u2022 Rungon korkeus 68 cm, korkeus altaan kanssa 75 cm<\/p>\n<p>&nbsp;<\/p>\n","protected":false},"excerpt":{"rendered":"<p>\u2022 Posliiniallas ylivuotosuojalla \u2022 Pehme\u00e4sti sulkeutuvat ovet \u2022 Ovien viistottu yl\u00e4reuna toimii vetimen\u00e4 \u2022 Yksi hylly \u2022 Runko kalustelevy\u00e4 \u2022 Lis\u00e4varusteena saatavana my\u00f6s erilaisia vetimi\u00e4 \u2022 Valmiiksi koottu, s\u00e4\u00e4dett\u00e4v\u00e4 kiinnitysj\u00e4rjestelm\u00e4 \u2022 Asennetaan riippuvaksi mutta jos sein\u00e4 ei kest\u00e4, toimitus sis\u00e4lt\u00e4\u00e4 my\u00f6s jalat \u2022 Tilaa vesilukolle ja poistoputkelle \u2022 Leveys 60 cm \u2022 Rungon syvyys 35 [&hellip;]<\/p>\n","protected":false},"featured_media":13866,"comment_status":"closed","ping_status":"closed","template":"","meta":[],"product_brand":[],"product_cat":[151,150],"product_tag":[],"class_list":{"0":"post-13865","1":"product","2":"type-product","3":"status-publish","4":"has-post-thumbnail","6":"product_cat-kalusteet","7":"product_cat-kylpyhuone","9":"first","10":"instock","11":"sale","12":"taxable","13":"shipping-taxable","14":"purchasable","15":"product-type-simple"},"_links":{"self":[{"href":"https:\/\/www.ksttukku.fi\/kauppa\/wp-json\/wp\/v2\/product\/13865","targetHints":{"allow":["GET"]}}],"collection":[{"href":"https:\/\/www.ksttukku.fi\/kauppa\/wp-json\/wp\/v2\/product"}],"about":[{"href":"https:\/\/www.ksttukku.fi\/kauppa\/wp-json\/wp\/v2\/types\/product"}],"replies":[{"embeddable":true,"href":"https:\/\/www.ksttukku.fi\/kauppa\/wp-json\/wp\/v2\/comments?post=13865"}],"wp:featuredmedia":[{"embeddable":true,"href":"https:\/\/www.ksttukku.fi\/kauppa\/wp-json\/wp\/v2\/media\/13866"}],"wp:attachment":[{"href":"https:\/\/www.ksttukku.fi\/kauppa\/wp-json\/wp\/v2\/media?parent=13865"}],"wp:term":[{"taxonomy":"product_brand","embeddable":true,"href":"https:\/\/www.ksttukku.fi\/kauppa\/wp-json\/wp\/v2\/product_brand?post=13865"},{"taxonomy":"product_cat","embeddable":true,"href":"https:\/\/www.ksttukku.fi\/kauppa\/wp-json\/wp\/v2\/product_cat?post=13865"},{"taxonomy":"product_tag","embeddable":true,"href":"https:\/\/www.ksttukku.fi\/kauppa\/wp-json\/wp\/v2\/product_tag?post=13865"}],"curies":[{"name":"wp","href":"https:\/\/api.w.org\/{rel}","templated":true}]}}