{"id":13889,"date":"2023-08-05T13:41:26","date_gmt":"2023-08-05T10:41:26","guid":{"rendered":"https:\/\/www.ksttukku.fi\/kauppa\/?post_type=product&#038;p=13889"},"modified":"2023-08-05T13:41:26","modified_gmt":"2023-08-05T10:41:26","slug":"sivupoyta-chloe","status":"publish","type":"product","link":"https:\/\/www.ksttukku.fi\/kauppa\/tuote\/sivupoyta-chloe\/","title":{"rendered":"Sivup\u00f6yt\u00e4 Chloe"},"content":{"rendered":"<p>Moderni sivup\u00f6yt\u00e4 Chloe, sopii moneen sisustustyyliin.<\/p>\n<p>materiaali: metalli<\/p>\n<p>V\u00e4ri: valkoinen<\/p>\n<div class=\"accordion-item\">\n<p class=\"accordion-header medium\">Leveys: 80 cm<\/p>\n<p>Korkeus: 80 cm<\/p>\n<p>Syvyys: 27cm<\/p>\n<\/div>\n","protected":false},"excerpt":{"rendered":"<p>Moderni sivup\u00f6yt\u00e4 Chloe, sopii moneen sisustustyyliin. materiaali: metalli V\u00e4ri: valkoinen Leveys: 80 cm Korkeus: 80 cm Syvyys: 27cm<\/p>\n","protected":false},"featured_media":13891,"comment_status":"closed","ping_status":"closed","template":"","meta":[],"product_brand":[],"product_cat":[491,377],"product_tag":[],"class_list":{"0":"post-13889","1":"product","2":"type-product","3":"status-publish","4":"has-post-thumbnail","6":"product_cat-kodin-sisustustuotteet","7":"product_cat-sisustus-lahjatavarat","9":"first","10":"instock","11":"taxable","12":"shipping-taxable","13":"purchasable","14":"product-type-simple"},"_links":{"self":[{"href":"https:\/\/www.ksttukku.fi\/kauppa\/wp-json\/wp\/v2\/product\/13889","targetHints":{"allow":["GET"]}}],"collection":[{"href":"https:\/\/www.ksttukku.fi\/kauppa\/wp-json\/wp\/v2\/product"}],"about":[{"href":"https:\/\/www.ksttukku.fi\/kauppa\/wp-json\/wp\/v2\/types\/product"}],"replies":[{"embeddable":true,"href":"https:\/\/www.ksttukku.fi\/kauppa\/wp-json\/wp\/v2\/comments?post=13889"}],"wp:featuredmedia":[{"embeddable":true,"href":"https:\/\/www.ksttukku.fi\/kauppa\/wp-json\/wp\/v2\/media\/13891"}],"wp:attachment":[{"href":"https:\/\/www.ksttukku.fi\/kauppa\/wp-json\/wp\/v2\/media?parent=13889"}],"wp:term":[{"taxonomy":"product_brand","embeddable":true,"href":"https:\/\/www.ksttukku.fi\/kauppa\/wp-json\/wp\/v2\/product_brand?post=13889"},{"taxonomy":"product_cat","embeddable":true,"href":"https:\/\/www.ksttukku.fi\/kauppa\/wp-json\/wp\/v2\/product_cat?post=13889"},{"taxonomy":"product_tag","embeddable":true,"href":"https:\/\/www.ksttukku.fi\/kauppa\/wp-json\/wp\/v2\/product_tag?post=13889"}],"curies":[{"name":"wp","href":"https:\/\/api.w.org\/{rel}","templated":true}]}}