{"id":13894,"date":"2023-08-05T14:09:31","date_gmt":"2023-08-05T11:09:31","guid":{"rendered":"https:\/\/www.ksttukku.fi\/kauppa\/?post_type=product&#038;p=13894"},"modified":"2023-08-05T14:30:54","modified_gmt":"2023-08-05T11:30:54","slug":"pisla-takkavalinesetti-musta-nikkeli","status":"publish","type":"product","link":"https:\/\/www.ksttukku.fi\/kauppa\/tuote\/pisla-takkavalinesetti-musta-nikkeli\/","title":{"rendered":"Pisla takkav\u00e4linesetti musta\/nikkeli"},"content":{"rendered":"<p>Takkav\u00e4linesetti musta\/nikkeli<\/p>\n<p>materiaali: metalli<\/p>\n<p>sis\u00e4lt\u00e4\u00e4:<\/p>\n<p>-tuhkalapion<\/p>\n<p>-hiilikoukun<\/p>\n<p>-tuhkaharjan<\/p>\n<p>-pihdit<\/p>\n<p>-telineen<\/p>\n","protected":false},"excerpt":{"rendered":"<p>Takkav\u00e4linesetti musta\/nikkeli materiaali: metalli sis\u00e4lt\u00e4\u00e4: -tuhkalapion -hiilikoukun -tuhkaharjan -pihdit -telineen<\/p>\n","protected":false},"featured_media":13895,"comment_status":"closed","ping_status":"closed","template":"","meta":[],"product_brand":[],"product_cat":[491,377,204],"product_tag":[],"class_list":{"0":"post-13894","1":"product","2":"type-product","3":"status-publish","4":"has-post-thumbnail","6":"product_cat-kodin-sisustustuotteet","7":"product_cat-sisustus-lahjatavarat","8":"product_cat-sisustustakat","10":"first","11":"instock","12":"taxable","13":"shipping-taxable","14":"purchasable","15":"product-type-simple"},"_links":{"self":[{"href":"https:\/\/www.ksttukku.fi\/kauppa\/wp-json\/wp\/v2\/product\/13894","targetHints":{"allow":["GET"]}}],"collection":[{"href":"https:\/\/www.ksttukku.fi\/kauppa\/wp-json\/wp\/v2\/product"}],"about":[{"href":"https:\/\/www.ksttukku.fi\/kauppa\/wp-json\/wp\/v2\/types\/product"}],"replies":[{"embeddable":true,"href":"https:\/\/www.ksttukku.fi\/kauppa\/wp-json\/wp\/v2\/comments?post=13894"}],"wp:featuredmedia":[{"embeddable":true,"href":"https:\/\/www.ksttukku.fi\/kauppa\/wp-json\/wp\/v2\/media\/13895"}],"wp:attachment":[{"href":"https:\/\/www.ksttukku.fi\/kauppa\/wp-json\/wp\/v2\/media?parent=13894"}],"wp:term":[{"taxonomy":"product_brand","embeddable":true,"href":"https:\/\/www.ksttukku.fi\/kauppa\/wp-json\/wp\/v2\/product_brand?post=13894"},{"taxonomy":"product_cat","embeddable":true,"href":"https:\/\/www.ksttukku.fi\/kauppa\/wp-json\/wp\/v2\/product_cat?post=13894"},{"taxonomy":"product_tag","embeddable":true,"href":"https:\/\/www.ksttukku.fi\/kauppa\/wp-json\/wp\/v2\/product_tag?post=13894"}],"curies":[{"name":"wp","href":"https:\/\/api.w.org\/{rel}","templated":true}]}}