{"id":13896,"date":"2023-08-05T14:47:46","date_gmt":"2023-08-05T11:47:46","guid":{"rendered":"https:\/\/www.ksttukku.fi\/kauppa\/?post_type=product&#038;p=13896"},"modified":"2023-08-05T14:47:46","modified_gmt":"2023-08-05T11:47:46","slug":"chloe-sivupoyta-musta","status":"publish","type":"product","link":"https:\/\/www.ksttukku.fi\/kauppa\/tuote\/chloe-sivupoyta-musta\/","title":{"rendered":"Chloe sivup\u00f6yt\u00e4 musta"},"content":{"rendered":"<p data-sanitized-data-mce-fragment=\"1\">Moderni sivup\u00f6yt\u00e4 Chloe, sopii moneen sisustustyyliin.<\/p>\n<p data-sanitized-data-mce-fragment=\"1\">materiaali: metalli<\/p>\n<p data-sanitized-data-mce-fragment=\"1\">V\u00e4ri: musta<\/p>\n<div class=\"accordion-item\" data-sanitized-data-mce-fragment=\"1\">\n<p class=\"accordion-header medium\" data-sanitized-data-mce-fragment=\"1\">Leveys: 80 cm<\/p>\n<p data-sanitized-data-mce-fragment=\"1\">Korkeus: 80 cm<\/p>\n<p data-sanitized-data-mce-fragment=\"1\">Syvyys: 27cm<\/p>\n<\/div>\n","protected":false},"excerpt":{"rendered":"<p>Moderni sivup\u00f6yt\u00e4 Chloe, sopii moneen sisustustyyliin. materiaali: metalli V\u00e4ri: musta Leveys: 80 cm Korkeus: 80 cm Syvyys: 27cm<\/p>\n","protected":false},"featured_media":13897,"comment_status":"closed","ping_status":"closed","template":"","meta":[],"product_brand":[],"product_cat":[491,377],"product_tag":[],"class_list":{"0":"post-13896","1":"product","2":"type-product","3":"status-publish","4":"has-post-thumbnail","6":"product_cat-kodin-sisustustuotteet","7":"product_cat-sisustus-lahjatavarat","9":"first","10":"instock","11":"taxable","12":"shipping-taxable","13":"purchasable","14":"product-type-simple"},"_links":{"self":[{"href":"https:\/\/www.ksttukku.fi\/kauppa\/wp-json\/wp\/v2\/product\/13896","targetHints":{"allow":["GET"]}}],"collection":[{"href":"https:\/\/www.ksttukku.fi\/kauppa\/wp-json\/wp\/v2\/product"}],"about":[{"href":"https:\/\/www.ksttukku.fi\/kauppa\/wp-json\/wp\/v2\/types\/product"}],"replies":[{"embeddable":true,"href":"https:\/\/www.ksttukku.fi\/kauppa\/wp-json\/wp\/v2\/comments?post=13896"}],"wp:featuredmedia":[{"embeddable":true,"href":"https:\/\/www.ksttukku.fi\/kauppa\/wp-json\/wp\/v2\/media\/13897"}],"wp:attachment":[{"href":"https:\/\/www.ksttukku.fi\/kauppa\/wp-json\/wp\/v2\/media?parent=13896"}],"wp:term":[{"taxonomy":"product_brand","embeddable":true,"href":"https:\/\/www.ksttukku.fi\/kauppa\/wp-json\/wp\/v2\/product_brand?post=13896"},{"taxonomy":"product_cat","embeddable":true,"href":"https:\/\/www.ksttukku.fi\/kauppa\/wp-json\/wp\/v2\/product_cat?post=13896"},{"taxonomy":"product_tag","embeddable":true,"href":"https:\/\/www.ksttukku.fi\/kauppa\/wp-json\/wp\/v2\/product_tag?post=13896"}],"curies":[{"name":"wp","href":"https:\/\/api.w.org\/{rel}","templated":true}]}}