{"id":13906,"date":"2023-08-08T13:25:22","date_gmt":"2023-08-08T10:25:22","guid":{"rendered":"https:\/\/www.ksttukku.fi\/kauppa\/?post_type=product&#038;p=13906"},"modified":"2023-09-01T11:59:05","modified_gmt":"2023-09-01T08:59:05","slug":"beam-pro-kiskovalaisin-valkoinen-yksivaihe","status":"publish","type":"product","link":"https:\/\/www.ksttukku.fi\/kauppa\/tuote\/beam-pro-kiskovalaisin-valkoinen-yksivaihe\/","title":{"rendered":"Beam Pro kiskovalaisin valkoinen yksivaihe"},"content":{"rendered":"<p>Beam Pro on alumiinista valmistettu kohdevalaisin. Valaisimen materiaali on laadukas ja sen viimeistely on siisti ja huoliteltu. Valaisin asennetaan yksi- (1P) tai kolmivaihekiskoon (3P). Muotoilultaan Beam Pro on siro ja ajaton ja se soveltuu monenlaiseen kohteeseen. Sopivia k\u00e4ytt\u00f6kohteita ovat julkiset tilat, kuten ravintolat, kahvilat, kampaamot ja muut pienet myym\u00e4l\u00e4t sek\u00e4 asuinrakennukset. Beam Prossa valonl\u00e4hteen vaihto ja asennus on erityisen helppoa ulosty\u00f6nnett\u00e4v\u00e4n lampunpitimen ansiosta. Valitse valaisimeen haluamasi PAR16 GU10 led-lamppu. Tilan valaistukseen ja tunnelmaan voi vaikuttaa lampun v\u00e4ril\u00e4mp\u00f6tilan, tehon tai avauskulman valinnoilla. Vaihtoehtonasi on my\u00f6s langattomat \u00e4lylamput.<\/p>\n<p>&nbsp;<\/p>\n","protected":false},"excerpt":{"rendered":"<p>Beam Pro on alumiinista valmistettu kohdevalaisin. Valaisimen materiaali on laadukas ja sen viimeistely on siisti ja huoliteltu. Valaisin asennetaan yksi- (1P) tai kolmivaihekiskoon (3P). Muotoilultaan Beam Pro on siro ja ajaton ja se soveltuu monenlaiseen kohteeseen. Sopivia k\u00e4ytt\u00f6kohteita ovat julkiset tilat, kuten ravintolat, kahvilat, kampaamot ja muut pienet myym\u00e4l\u00e4t sek\u00e4 asuinrakennukset. Beam Prossa valonl\u00e4hteen vaihto [&hellip;]<\/p>\n","protected":false},"featured_media":13909,"comment_status":"closed","ping_status":"closed","template":"","meta":[],"product_brand":[],"product_cat":[363,35,34],"product_tag":[],"class_list":{"0":"post-13906","1":"product","2":"type-product","3":"status-publish","4":"has-post-thumbnail","6":"product_cat-kiskovalaisimet","7":"product_cat-sisavalaisimet","8":"product_cat-valaisimet","10":"first","11":"instock","12":"taxable","13":"shipping-taxable","14":"purchasable","15":"product-type-simple"},"_links":{"self":[{"href":"https:\/\/www.ksttukku.fi\/kauppa\/wp-json\/wp\/v2\/product\/13906","targetHints":{"allow":["GET"]}}],"collection":[{"href":"https:\/\/www.ksttukku.fi\/kauppa\/wp-json\/wp\/v2\/product"}],"about":[{"href":"https:\/\/www.ksttukku.fi\/kauppa\/wp-json\/wp\/v2\/types\/product"}],"replies":[{"embeddable":true,"href":"https:\/\/www.ksttukku.fi\/kauppa\/wp-json\/wp\/v2\/comments?post=13906"}],"wp:featuredmedia":[{"embeddable":true,"href":"https:\/\/www.ksttukku.fi\/kauppa\/wp-json\/wp\/v2\/media\/13909"}],"wp:attachment":[{"href":"https:\/\/www.ksttukku.fi\/kauppa\/wp-json\/wp\/v2\/media?parent=13906"}],"wp:term":[{"taxonomy":"product_brand","embeddable":true,"href":"https:\/\/www.ksttukku.fi\/kauppa\/wp-json\/wp\/v2\/product_brand?post=13906"},{"taxonomy":"product_cat","embeddable":true,"href":"https:\/\/www.ksttukku.fi\/kauppa\/wp-json\/wp\/v2\/product_cat?post=13906"},{"taxonomy":"product_tag","embeddable":true,"href":"https:\/\/www.ksttukku.fi\/kauppa\/wp-json\/wp\/v2\/product_tag?post=13906"}],"curies":[{"name":"wp","href":"https:\/\/api.w.org\/{rel}","templated":true}]}}