{"id":1391,"date":"2018-04-03T13:22:03","date_gmt":"2018-04-03T10:22:03","guid":{"rendered":"http:\/\/www.ksttukku.fi\/kauppa\/?post_type=product&#038;p=1391"},"modified":"2023-07-11T16:53:06","modified_gmt":"2023-07-11T13:53:06","slug":"curver-grilli-apupoytasailytyskaappi","status":"publish","type":"product","link":"https:\/\/www.ksttukku.fi\/kauppa\/tuote\/curver-grilli-apupoytasailytyskaappi\/","title":{"rendered":"Curver grillin apup\u00f6yt\u00e4\/s\u00e4ilytyskaappi"},"content":{"rendered":"<p>Mitat: 128 x 52 x 90 cm.<br \/>\nKaapin tilavuus 183l.<br \/>\nModerni ja kest\u00e4v\u00e4, helposti siirrelt\u00e4v\u00e4 s\u00e4ilytyskaluste ja aputaso. Tilava kaksiovinen kaappi, johon mahtuu kaikkea mit\u00e4 grillijuhlissa tarvitaan. Kaapin sivustoille saa roikkumaan mm. k\u00e4sipyyhkeet, talouspaperin ja grillausv\u00e4lineet. Taso on k\u00e4yt\u00e4nn\u00f6llist\u00e4 ruostumatonta ter\u00e4st\u00e4.<\/p>\n","protected":false},"excerpt":{"rendered":"<p>Mitat: 128 x 52 x 90 cm. Kaapin tilavuus 183l. Moderni ja kest\u00e4v\u00e4, helposti siirrelt\u00e4v\u00e4 s\u00e4ilytyskaluste ja aputaso. Tilava kaksiovinen kaappi, johon mahtuu kaikkea mit\u00e4 grillijuhlissa tarvitaan. Kaapin sivustoille saa roikkumaan mm. k\u00e4sipyyhkeet, talouspaperin ja grillausv\u00e4lineet. Taso on k\u00e4yt\u00e4nn\u00f6llist\u00e4 ruostumatonta ter\u00e4st\u00e4.<\/p>\n","protected":false},"featured_media":3494,"comment_status":"closed","ping_status":"closed","template":"","meta":[],"product_brand":[],"product_cat":[132,133],"product_tag":[],"class_list":{"0":"post-1391","1":"product","2":"type-product","3":"status-publish","4":"has-post-thumbnail","6":"product_cat-grillit-ja-grillausarvikkeet","7":"product_cat-grillit","9":"first","10":"outofstock","11":"taxable","12":"shipping-taxable","13":"purchasable","14":"product-type-simple"},"_links":{"self":[{"href":"https:\/\/www.ksttukku.fi\/kauppa\/wp-json\/wp\/v2\/product\/1391","targetHints":{"allow":["GET"]}}],"collection":[{"href":"https:\/\/www.ksttukku.fi\/kauppa\/wp-json\/wp\/v2\/product"}],"about":[{"href":"https:\/\/www.ksttukku.fi\/kauppa\/wp-json\/wp\/v2\/types\/product"}],"replies":[{"embeddable":true,"href":"https:\/\/www.ksttukku.fi\/kauppa\/wp-json\/wp\/v2\/comments?post=1391"}],"wp:featuredmedia":[{"embeddable":true,"href":"https:\/\/www.ksttukku.fi\/kauppa\/wp-json\/wp\/v2\/media\/3494"}],"wp:attachment":[{"href":"https:\/\/www.ksttukku.fi\/kauppa\/wp-json\/wp\/v2\/media?parent=1391"}],"wp:term":[{"taxonomy":"product_brand","embeddable":true,"href":"https:\/\/www.ksttukku.fi\/kauppa\/wp-json\/wp\/v2\/product_brand?post=1391"},{"taxonomy":"product_cat","embeddable":true,"href":"https:\/\/www.ksttukku.fi\/kauppa\/wp-json\/wp\/v2\/product_cat?post=1391"},{"taxonomy":"product_tag","embeddable":true,"href":"https:\/\/www.ksttukku.fi\/kauppa\/wp-json\/wp\/v2\/product_tag?post=1391"}],"curies":[{"name":"wp","href":"https:\/\/api.w.org\/{rel}","templated":true}]}}