{"id":13938,"date":"2023-08-09T15:34:55","date_gmt":"2023-08-09T12:34:55","guid":{"rendered":"https:\/\/www.ksttukku.fi\/kauppa\/?post_type=product&#038;p=13938"},"modified":"2025-07-10T16:06:32","modified_gmt":"2025-07-10T13:06:32","slug":"flamme-stripe-led-poytakynttila-15-cm-beige","status":"publish","type":"product","link":"https:\/\/www.ksttukku.fi\/kauppa\/tuote\/flamme-stripe-led-poytakynttila-15-cm-beige\/","title":{"rendered":"Flamme Stripe LED-p\u00f6yt\u00e4kynttil\u00e4 15 cm beige"},"content":{"rendered":"<p>Vahasta valmistettu LED-p\u00f6yt\u00e4kynttil\u00e4 uritetulla pinnalla ja aidon n\u00e4k\u00f6isell\u00e4 Flamme-liekill\u00e4. Sis\u00e4k\u00e4ytt\u00f6\u00f6n.<br \/>\nValon s\u00e4vy: l\u00e4mmin valkoinen.<br \/>\nIP20. Kiinte\u00e4 LED 0,02W. Paloaika n. 10 000 h.<br \/>\nToimii kahdella AA-paristolla, jotka eiv\u00e4t sis\u00e4lly pakkaukseen.<br \/>\nAjastin 6 h p\u00e4\u00e4ll\u00e4, 18 h pois, toistuva.<br \/>\n3V DC.<\/p>\n<p>Halkaisija: 7,5 cm<br \/>\nKorkeus: 15 cm<\/p>\n","protected":false},"excerpt":{"rendered":"<p>Vahasta valmistettu LED-p\u00f6yt\u00e4kynttil\u00e4 uritetulla pinnalla ja aidon n\u00e4k\u00f6isell\u00e4 Flamme-liekill\u00e4. Sis\u00e4k\u00e4ytt\u00f6\u00f6n. Valon s\u00e4vy: l\u00e4mmin valkoinen. IP20. Kiinte\u00e4 LED 0,02W. Paloaika n. 10 000 h. Toimii kahdella AA-paristolla, jotka eiv\u00e4t sis\u00e4lly pakkaukseen. Ajastin 6 h p\u00e4\u00e4ll\u00e4, 18 h pois, toistuva. 3V DC. Halkaisija: 7,5 cm Korkeus: 15 cm<\/p>\n","protected":false},"featured_media":13939,"comment_status":"closed","ping_status":"closed","template":"","meta":[],"product_brand":[],"product_cat":[176,199],"product_tag":[],"class_list":{"0":"post-13938","1":"product","2":"type-product","3":"status-publish","4":"has-post-thumbnail","6":"product_cat-joulu-ja-koristevalot","7":"product_cat-koristevalot","9":"first","10":"instock","11":"taxable","12":"shipping-taxable","13":"purchasable","14":"product-type-simple"},"_links":{"self":[{"href":"https:\/\/www.ksttukku.fi\/kauppa\/wp-json\/wp\/v2\/product\/13938","targetHints":{"allow":["GET"]}}],"collection":[{"href":"https:\/\/www.ksttukku.fi\/kauppa\/wp-json\/wp\/v2\/product"}],"about":[{"href":"https:\/\/www.ksttukku.fi\/kauppa\/wp-json\/wp\/v2\/types\/product"}],"replies":[{"embeddable":true,"href":"https:\/\/www.ksttukku.fi\/kauppa\/wp-json\/wp\/v2\/comments?post=13938"}],"wp:featuredmedia":[{"embeddable":true,"href":"https:\/\/www.ksttukku.fi\/kauppa\/wp-json\/wp\/v2\/media\/13939"}],"wp:attachment":[{"href":"https:\/\/www.ksttukku.fi\/kauppa\/wp-json\/wp\/v2\/media?parent=13938"}],"wp:term":[{"taxonomy":"product_brand","embeddable":true,"href":"https:\/\/www.ksttukku.fi\/kauppa\/wp-json\/wp\/v2\/product_brand?post=13938"},{"taxonomy":"product_cat","embeddable":true,"href":"https:\/\/www.ksttukku.fi\/kauppa\/wp-json\/wp\/v2\/product_cat?post=13938"},{"taxonomy":"product_tag","embeddable":true,"href":"https:\/\/www.ksttukku.fi\/kauppa\/wp-json\/wp\/v2\/product_tag?post=13938"}],"curies":[{"name":"wp","href":"https:\/\/api.w.org\/{rel}","templated":true}]}}