{"id":1397,"date":"2018-04-04T14:12:18","date_gmt":"2018-04-04T11:12:18","guid":{"rendered":"http:\/\/www.ksttukku.fi\/kauppa\/?post_type=product&#038;p=1397"},"modified":"2021-06-08T11:59:03","modified_gmt":"2021-06-08T08:59:03","slug":"grillin-suojapeite-173x58x107cm","status":"publish","type":"product","link":"https:\/\/www.ksttukku.fi\/kauppa\/tuote\/grillin-suojapeite-173x58x107cm\/","title":{"rendered":"Grillin suojapeite L 173x58x107cm"},"content":{"rendered":"<p>L-koko, 5-6 polttimisille suurille grilleille. Sis\u00e4puolelta pvc-pinnoitettua 600 x 300D polyesterikangasta, 330g\/m2, kangas UV- suojattua ja pakkasen kest\u00e4v\u00e4\u00e4, palonestok\u00e4sittely. Sopii Mustang Newport, Miami, Lancaster, Fowler, Hobart, Coral, Manley, Darwin ja Dundee Double -kaasugrilleihin.<\/p>\n","protected":false},"excerpt":{"rendered":"<p>L-koko, 5-6 polttimisille suurille grilleille. Sis\u00e4puolelta pvc-pinnoitettua 600 x 300D polyesterikangasta, 330g\/m2, kangas UV- suojattua ja pakkasen kest\u00e4v\u00e4\u00e4, palonestok\u00e4sittely. Sopii Mustang Newport, Miami, Lancaster, Fowler, Hobart, Coral, Manley, Darwin ja Dundee Double -kaasugrilleihin.<\/p>\n","protected":false},"featured_media":1398,"comment_status":"closed","ping_status":"closed","template":"","meta":[],"product_brand":[],"product_cat":[134,132],"product_tag":[],"class_list":{"0":"post-1397","1":"product","2":"type-product","3":"status-publish","4":"has-post-thumbnail","6":"product_cat-grillaustarvikkeet","7":"product_cat-grillit-ja-grillausarvikkeet","9":"first","10":"outofstock","11":"taxable","12":"shipping-taxable","13":"purchasable","14":"product-type-simple"},"_links":{"self":[{"href":"https:\/\/www.ksttukku.fi\/kauppa\/wp-json\/wp\/v2\/product\/1397","targetHints":{"allow":["GET"]}}],"collection":[{"href":"https:\/\/www.ksttukku.fi\/kauppa\/wp-json\/wp\/v2\/product"}],"about":[{"href":"https:\/\/www.ksttukku.fi\/kauppa\/wp-json\/wp\/v2\/types\/product"}],"replies":[{"embeddable":true,"href":"https:\/\/www.ksttukku.fi\/kauppa\/wp-json\/wp\/v2\/comments?post=1397"}],"wp:featuredmedia":[{"embeddable":true,"href":"https:\/\/www.ksttukku.fi\/kauppa\/wp-json\/wp\/v2\/media\/1398"}],"wp:attachment":[{"href":"https:\/\/www.ksttukku.fi\/kauppa\/wp-json\/wp\/v2\/media?parent=1397"}],"wp:term":[{"taxonomy":"product_brand","embeddable":true,"href":"https:\/\/www.ksttukku.fi\/kauppa\/wp-json\/wp\/v2\/product_brand?post=1397"},{"taxonomy":"product_cat","embeddable":true,"href":"https:\/\/www.ksttukku.fi\/kauppa\/wp-json\/wp\/v2\/product_cat?post=1397"},{"taxonomy":"product_tag","embeddable":true,"href":"https:\/\/www.ksttukku.fi\/kauppa\/wp-json\/wp\/v2\/product_tag?post=1397"}],"curies":[{"name":"wp","href":"https:\/\/api.w.org\/{rel}","templated":true}]}}