{"id":1399,"date":"2018-04-04T15:33:47","date_gmt":"2018-04-04T12:33:47","guid":{"rendered":"http:\/\/www.ksttukku.fi\/kauppa\/?post_type=product&#038;p=1399"},"modified":"2018-04-07T14:28:13","modified_gmt":"2018-04-07T11:28:13","slug":"grillialunen-2kpl-teflon","status":"publish","type":"product","link":"https:\/\/www.ksttukku.fi\/kauppa\/tuote\/grillialunen-2kpl-teflon\/","title":{"rendered":"Grillialunen 2kpl teflon"},"content":{"rendered":"<p>Koko: 40 x 48 cm.<br \/>\nVerkon tiheys 4 x 4 mm.<br \/>\nTeflonpinnoitettu lasikuitukangas.<br \/>\nTeflonpinnoitettu tihe\u00e4silm\u00e4inen verkko grillaukseen, tarttumaton pinta. \u00c4l\u00e4 aseta suoraan avotulelle. Suositeltava k\u00e4ytt\u00f6l\u00e4mp\u00f6tila-alue: 170?220\u00b0C. Helppo puhdistaa, k\u00e4sinpesu miedolla tiskiaineella.<\/p>\n","protected":false},"excerpt":{"rendered":"<p>Koko: 40 x 48 cm. Verkon tiheys 4 x 4 mm. Teflonpinnoitettu lasikuitukangas. Teflonpinnoitettu tihe\u00e4silm\u00e4inen verkko grillaukseen, tarttumaton pinta. \u00c4l\u00e4 aseta suoraan avotulelle. Suositeltava k\u00e4ytt\u00f6l\u00e4mp\u00f6tila-alue: 170?220\u00b0C. Helppo puhdistaa, k\u00e4sinpesu miedolla tiskiaineella.<\/p>\n","protected":false},"featured_media":1411,"comment_status":"closed","ping_status":"closed","template":"","meta":[],"product_brand":[],"product_cat":[134,132],"product_tag":[],"class_list":{"0":"post-1399","1":"product","2":"type-product","3":"status-publish","4":"has-post-thumbnail","6":"product_cat-grillaustarvikkeet","7":"product_cat-grillit-ja-grillausarvikkeet","9":"first","10":"instock","11":"taxable","12":"shipping-taxable","13":"purchasable","14":"product-type-simple"},"_links":{"self":[{"href":"https:\/\/www.ksttukku.fi\/kauppa\/wp-json\/wp\/v2\/product\/1399","targetHints":{"allow":["GET"]}}],"collection":[{"href":"https:\/\/www.ksttukku.fi\/kauppa\/wp-json\/wp\/v2\/product"}],"about":[{"href":"https:\/\/www.ksttukku.fi\/kauppa\/wp-json\/wp\/v2\/types\/product"}],"replies":[{"embeddable":true,"href":"https:\/\/www.ksttukku.fi\/kauppa\/wp-json\/wp\/v2\/comments?post=1399"}],"wp:featuredmedia":[{"embeddable":true,"href":"https:\/\/www.ksttukku.fi\/kauppa\/wp-json\/wp\/v2\/media\/1411"}],"wp:attachment":[{"href":"https:\/\/www.ksttukku.fi\/kauppa\/wp-json\/wp\/v2\/media?parent=1399"}],"wp:term":[{"taxonomy":"product_brand","embeddable":true,"href":"https:\/\/www.ksttukku.fi\/kauppa\/wp-json\/wp\/v2\/product_brand?post=1399"},{"taxonomy":"product_cat","embeddable":true,"href":"https:\/\/www.ksttukku.fi\/kauppa\/wp-json\/wp\/v2\/product_cat?post=1399"},{"taxonomy":"product_tag","embeddable":true,"href":"https:\/\/www.ksttukku.fi\/kauppa\/wp-json\/wp\/v2\/product_tag?post=1399"}],"curies":[{"name":"wp","href":"https:\/\/api.w.org\/{rel}","templated":true}]}}