{"id":1403,"date":"2018-04-04T16:01:53","date_gmt":"2018-04-04T13:01:53","guid":{"rendered":"http:\/\/www.ksttukku.fi\/kauppa\/?post_type=product&#038;p=1403"},"modified":"2020-05-30T14:07:04","modified_gmt":"2020-05-30T11:07:04","slug":"mustang-pv-matalapainesaadinsarja","status":"publish","type":"product","link":"https:\/\/www.ksttukku.fi\/kauppa\/tuote\/mustang-pv-matalapainesaadinsarja\/","title":{"rendered":"Mustang PV-matalapaines\u00e4\u00e4dinsarja"},"content":{"rendered":"<p>Paineens\u00e4\u00e4din 30 mbar. L\u00e4pivirtaus 1 kg\/h. Letku 1,2m\/10mm, -30 \u00b0C. Letkunkiristimet 2kpl. EN16129 standardin mukainen paineens\u00e4\u00e4din. Kumiletku viimeisimm\u00e4n EN16436 standardin mukainen.<\/p>\n","protected":false},"excerpt":{"rendered":"<p>Paineens\u00e4\u00e4din 30 mbar. L\u00e4pivirtaus 1 kg\/h. Letku 1,2m\/10mm, -30 \u00b0C. Letkunkiristimet 2kpl. EN16129 standardin mukainen paineens\u00e4\u00e4din. Kumiletku viimeisimm\u00e4n EN16436 standardin mukainen.<\/p>\n","protected":false},"featured_media":5925,"comment_status":"closed","ping_status":"closed","template":"","meta":[],"product_brand":[],"product_cat":[134,132],"product_tag":[],"class_list":{"0":"post-1403","1":"product","2":"type-product","3":"status-publish","4":"has-post-thumbnail","6":"product_cat-grillaustarvikkeet","7":"product_cat-grillit-ja-grillausarvikkeet","9":"first","10":"instock","11":"taxable","12":"shipping-taxable","13":"purchasable","14":"product-type-simple"},"_links":{"self":[{"href":"https:\/\/www.ksttukku.fi\/kauppa\/wp-json\/wp\/v2\/product\/1403","targetHints":{"allow":["GET"]}}],"collection":[{"href":"https:\/\/www.ksttukku.fi\/kauppa\/wp-json\/wp\/v2\/product"}],"about":[{"href":"https:\/\/www.ksttukku.fi\/kauppa\/wp-json\/wp\/v2\/types\/product"}],"replies":[{"embeddable":true,"href":"https:\/\/www.ksttukku.fi\/kauppa\/wp-json\/wp\/v2\/comments?post=1403"}],"wp:featuredmedia":[{"embeddable":true,"href":"https:\/\/www.ksttukku.fi\/kauppa\/wp-json\/wp\/v2\/media\/5925"}],"wp:attachment":[{"href":"https:\/\/www.ksttukku.fi\/kauppa\/wp-json\/wp\/v2\/media?parent=1403"}],"wp:term":[{"taxonomy":"product_brand","embeddable":true,"href":"https:\/\/www.ksttukku.fi\/kauppa\/wp-json\/wp\/v2\/product_brand?post=1403"},{"taxonomy":"product_cat","embeddable":true,"href":"https:\/\/www.ksttukku.fi\/kauppa\/wp-json\/wp\/v2\/product_cat?post=1403"},{"taxonomy":"product_tag","embeddable":true,"href":"https:\/\/www.ksttukku.fi\/kauppa\/wp-json\/wp\/v2\/product_tag?post=1403"}],"curies":[{"name":"wp","href":"https:\/\/api.w.org\/{rel}","templated":true}]}}