{"id":14033,"date":"2023-08-29T16:23:49","date_gmt":"2023-08-29T13:23:49","guid":{"rendered":"https:\/\/www.ksttukku.fi\/kauppa\/?post_type=product&#038;p=14033"},"modified":"2023-08-29T16:54:57","modified_gmt":"2023-08-29T13:54:57","slug":"takkasetti-htt-honka-musta","status":"publish","type":"product","link":"https:\/\/www.ksttukku.fi\/kauppa\/tuote\/takkasetti-htt-honka-musta\/","title":{"rendered":"Takkasetti HTT Honka, musta"},"content":{"rendered":"<p>Laadukas suomalainen designtuote. Teline on pulverimaalattua ter\u00e4st\u00e4 ja v\u00e4lineiden k\u00e4densijojen s\u00e4vy on harjattu nikkeli. Sis\u00e4lt\u00e4\u00e4 tuhkalapion, tuhkaharjan, hiilikoukun sek\u00e4 telineen. Tuotteella on Avainlippu ja Design from Finland -merkin k\u00e4ytt\u00f6oikeudet.<\/p>\n<p>Leveys:\u00a0 250mm<\/p>\n<p>Syvyys:\u00a0 160mm<\/p>\n<p>Korkeus: 560mm<\/p>\n","protected":false},"excerpt":{"rendered":"<p>Laadukas suomalainen designtuote. Teline on pulverimaalattua ter\u00e4st\u00e4 ja v\u00e4lineiden k\u00e4densijojen s\u00e4vy on harjattu nikkeli. Sis\u00e4lt\u00e4\u00e4 tuhkalapion, tuhkaharjan, hiilikoukun sek\u00e4 telineen. Tuotteella on Avainlippu ja Design from Finland -merkin k\u00e4ytt\u00f6oikeudet. Leveys:\u00a0 250mm Syvyys:\u00a0 160mm Korkeus: 560mm<\/p>\n","protected":false},"featured_media":14035,"comment_status":"closed","ping_status":"closed","template":"","meta":[],"product_brand":[],"product_cat":[204],"product_tag":[],"class_list":{"0":"post-14033","1":"product","2":"type-product","3":"status-publish","4":"has-post-thumbnail","6":"product_cat-sisustustakat","8":"first","9":"instock","10":"taxable","11":"shipping-taxable","12":"purchasable","13":"product-type-simple"},"_links":{"self":[{"href":"https:\/\/www.ksttukku.fi\/kauppa\/wp-json\/wp\/v2\/product\/14033","targetHints":{"allow":["GET"]}}],"collection":[{"href":"https:\/\/www.ksttukku.fi\/kauppa\/wp-json\/wp\/v2\/product"}],"about":[{"href":"https:\/\/www.ksttukku.fi\/kauppa\/wp-json\/wp\/v2\/types\/product"}],"replies":[{"embeddable":true,"href":"https:\/\/www.ksttukku.fi\/kauppa\/wp-json\/wp\/v2\/comments?post=14033"}],"wp:featuredmedia":[{"embeddable":true,"href":"https:\/\/www.ksttukku.fi\/kauppa\/wp-json\/wp\/v2\/media\/14035"}],"wp:attachment":[{"href":"https:\/\/www.ksttukku.fi\/kauppa\/wp-json\/wp\/v2\/media?parent=14033"}],"wp:term":[{"taxonomy":"product_brand","embeddable":true,"href":"https:\/\/www.ksttukku.fi\/kauppa\/wp-json\/wp\/v2\/product_brand?post=14033"},{"taxonomy":"product_cat","embeddable":true,"href":"https:\/\/www.ksttukku.fi\/kauppa\/wp-json\/wp\/v2\/product_cat?post=14033"},{"taxonomy":"product_tag","embeddable":true,"href":"https:\/\/www.ksttukku.fi\/kauppa\/wp-json\/wp\/v2\/product_tag?post=14033"}],"curies":[{"name":"wp","href":"https:\/\/api.w.org\/{rel}","templated":true}]}}