{"id":14041,"date":"2023-08-30T12:04:15","date_gmt":"2023-08-30T09:04:15","guid":{"rendered":"https:\/\/www.ksttukku.fi\/kauppa\/?post_type=product&#038;p=14041"},"modified":"2023-08-30T12:04:15","modified_gmt":"2023-08-30T09:04:15","slug":"takkavalinensarja-htt-870","status":"publish","type":"product","link":"https:\/\/www.ksttukku.fi\/kauppa\/tuote\/takkavalinensarja-htt-870\/","title":{"rendered":"Takkav\u00e4linensarja HTT 870"},"content":{"rendered":"<p>Takkav\u00e4linesarja on varustettu mustalla verkkomaisella etuosalla.<\/p>\n<p>Setti sis\u00e4lt\u00e4\u00e4 tuhkalapion, tuhkaharjan, hiilikoukun ja -pihdit sek\u00e4 telineen.<\/p>\n<p>Materiaali mustaksi maalattua ter\u00e4st\u00e4, v\u00e4lineiden k\u00e4densijojen s\u00e4vy harjattua nikkeli\u00e4.<\/p>\n<p>Leveys: 23cm<\/p>\n<p>Syvyys: 15cm<\/p>\n<p>Korkeus: 66 cm<\/p>\n<ul>\n<li>V\u00e4ri: Musta<\/li>\n<li>Materiaali: Ter\u00e4s<\/li>\n<\/ul>\n","protected":false},"excerpt":{"rendered":"<p>Takkav\u00e4linesarja on varustettu mustalla verkkomaisella etuosalla. Setti sis\u00e4lt\u00e4\u00e4 tuhkalapion, tuhkaharjan, hiilikoukun ja -pihdit sek\u00e4 telineen. Materiaali mustaksi maalattua ter\u00e4st\u00e4, v\u00e4lineiden k\u00e4densijojen s\u00e4vy harjattua nikkeli\u00e4. Leveys: 23cm Syvyys: 15cm Korkeus: 66 cm V\u00e4ri: Musta Materiaali: Ter\u00e4s<\/p>\n","protected":false},"featured_media":14042,"comment_status":"closed","ping_status":"closed","template":"","meta":[],"product_brand":[],"product_cat":[204],"product_tag":[],"class_list":{"0":"post-14041","1":"product","2":"type-product","3":"status-publish","4":"has-post-thumbnail","6":"product_cat-sisustustakat","8":"first","9":"instock","10":"taxable","11":"shipping-taxable","12":"purchasable","13":"product-type-simple"},"_links":{"self":[{"href":"https:\/\/www.ksttukku.fi\/kauppa\/wp-json\/wp\/v2\/product\/14041","targetHints":{"allow":["GET"]}}],"collection":[{"href":"https:\/\/www.ksttukku.fi\/kauppa\/wp-json\/wp\/v2\/product"}],"about":[{"href":"https:\/\/www.ksttukku.fi\/kauppa\/wp-json\/wp\/v2\/types\/product"}],"replies":[{"embeddable":true,"href":"https:\/\/www.ksttukku.fi\/kauppa\/wp-json\/wp\/v2\/comments?post=14041"}],"wp:featuredmedia":[{"embeddable":true,"href":"https:\/\/www.ksttukku.fi\/kauppa\/wp-json\/wp\/v2\/media\/14042"}],"wp:attachment":[{"href":"https:\/\/www.ksttukku.fi\/kauppa\/wp-json\/wp\/v2\/media?parent=14041"}],"wp:term":[{"taxonomy":"product_brand","embeddable":true,"href":"https:\/\/www.ksttukku.fi\/kauppa\/wp-json\/wp\/v2\/product_brand?post=14041"},{"taxonomy":"product_cat","embeddable":true,"href":"https:\/\/www.ksttukku.fi\/kauppa\/wp-json\/wp\/v2\/product_cat?post=14041"},{"taxonomy":"product_tag","embeddable":true,"href":"https:\/\/www.ksttukku.fi\/kauppa\/wp-json\/wp\/v2\/product_tag?post=14041"}],"curies":[{"name":"wp","href":"https:\/\/api.w.org\/{rel}","templated":true}]}}