{"id":14045,"date":"2023-08-30T15:17:21","date_gmt":"2023-08-30T12:17:21","guid":{"rendered":"https:\/\/www.ksttukku.fi\/kauppa\/?post_type=product&#038;p=14045"},"modified":"2023-08-30T15:17:43","modified_gmt":"2023-08-30T12:17:43","slug":"rullaverho-pisla-juhlava-pimentava-valkoinen-musta-100-cm","status":"publish","type":"product","link":"https:\/\/www.ksttukku.fi\/kauppa\/tuote\/rullaverho-pisla-juhlava-pimentava-valkoinen-musta-100-cm\/","title":{"rendered":"Rullaverho  Juhlava piment\u00e4v\u00e4 valkoinen\/musta  100 cm"},"content":{"rendered":"<p>Pislan piment\u00e4v\u00e4 rullaverho Keto on laadukas rullaverho, jossa n\u00e4kyy suunnittelija Jukka Rintalan k\u00e4denj\u00e4lki vahvasti.<\/p>\n<p>Kauniin kuosin v\u00e4rit ovat valkoinen ja musta.<\/p>\n<ul>\n<li>Pituus: 1700 mm<\/li>\n<li>Materiaali: Polyesteri<\/li>\n<li>V\u00e4ri: Mustavalkoinen<\/li>\n<\/ul>\n<ul>\n<li>Tekstiilin tyyppi: Rullaverho<\/li>\n<li>Verhon kiinnitystapa: Sein\u00e4kiinnitys<\/li>\n<li>Kuosi: Kukka, Graafinen<\/li>\n<\/ul>\n","protected":false},"excerpt":{"rendered":"<p>Pislan piment\u00e4v\u00e4 rullaverho Keto on laadukas rullaverho, jossa n\u00e4kyy suunnittelija Jukka Rintalan k\u00e4denj\u00e4lki vahvasti. Kauniin kuosin v\u00e4rit ovat valkoinen ja musta. Pituus: 1700 mm Materiaali: Polyesteri V\u00e4ri: Mustavalkoinen Tekstiilin tyyppi: Rullaverho Verhon kiinnitystapa: Sein\u00e4kiinnitys Kuosi: Kukka, Graafinen<\/p>\n","protected":false},"featured_media":14046,"comment_status":"closed","ping_status":"closed","template":"","meta":[],"product_brand":[],"product_cat":[104,112],"product_tag":[],"class_list":{"0":"post-14045","1":"product","2":"type-product","3":"status-publish","4":"has-post-thumbnail","6":"product_cat-kaihtimet-ja-verhotangot","7":"product_cat-rullakaihdin","9":"first","10":"instock","11":"taxable","12":"shipping-taxable","13":"purchasable","14":"product-type-simple"},"_links":{"self":[{"href":"https:\/\/www.ksttukku.fi\/kauppa\/wp-json\/wp\/v2\/product\/14045","targetHints":{"allow":["GET"]}}],"collection":[{"href":"https:\/\/www.ksttukku.fi\/kauppa\/wp-json\/wp\/v2\/product"}],"about":[{"href":"https:\/\/www.ksttukku.fi\/kauppa\/wp-json\/wp\/v2\/types\/product"}],"replies":[{"embeddable":true,"href":"https:\/\/www.ksttukku.fi\/kauppa\/wp-json\/wp\/v2\/comments?post=14045"}],"wp:featuredmedia":[{"embeddable":true,"href":"https:\/\/www.ksttukku.fi\/kauppa\/wp-json\/wp\/v2\/media\/14046"}],"wp:attachment":[{"href":"https:\/\/www.ksttukku.fi\/kauppa\/wp-json\/wp\/v2\/media?parent=14045"}],"wp:term":[{"taxonomy":"product_brand","embeddable":true,"href":"https:\/\/www.ksttukku.fi\/kauppa\/wp-json\/wp\/v2\/product_brand?post=14045"},{"taxonomy":"product_cat","embeddable":true,"href":"https:\/\/www.ksttukku.fi\/kauppa\/wp-json\/wp\/v2\/product_cat?post=14045"},{"taxonomy":"product_tag","embeddable":true,"href":"https:\/\/www.ksttukku.fi\/kauppa\/wp-json\/wp\/v2\/product_tag?post=14045"}],"curies":[{"name":"wp","href":"https:\/\/api.w.org\/{rel}","templated":true}]}}