{"id":14072,"date":"2023-09-05T15:38:00","date_gmt":"2023-09-05T12:38:00","guid":{"rendered":"https:\/\/www.ksttukku.fi\/kauppa\/?post_type=product&#038;p=14072"},"modified":"2023-09-05T15:40:37","modified_gmt":"2023-09-05T12:40:37","slug":"woody-40-led-kattovalaisin-24w","status":"publish","type":"product","link":"https:\/\/www.ksttukku.fi\/kauppa\/tuote\/woody-40-led-kattovalaisin-24w\/","title":{"rendered":"Woody 40 Led-kattovalaisin  24W"},"content":{"rendered":"<p>Kattovalaisin <em>Polux<\/em> WOODY \u00d838cm, 24W, vaalea puu\/valkoinen.<\/p>\n<p>Woody sopii hyvin\u00a0 skandinaaviseen sisustustyyliin.<\/p>\n<div class=\"row\">\n<div class=\"col-5\">Kuvun\/varjostimen materiaali: muovi<\/div>\n<div>\n<div class=\"row\">\n<div class=\"col-7\">Ei himmennett\u00e4v\u00e4<\/div>\n<\/div>\n<div class=\"row\">\n<div class=\"col-5\">Valovirta (lm) 2600<\/div>\n<\/div>\n<div class=\"row\">\n<div class=\"col-5\">V\u00e4ril\u00e4mp\u00f6tila (K) 4000K<\/div>\n<div>Kiinte\u00e4 Led<\/div>\n<div>\n<div class=\"row\">\n<div class=\"col-5\">Tuotteen korkeus\u00a0 48 mm<\/div>\n<div>Halkaisija: 380 mm<\/div>\n<div>\n<div class=\"row\">\n<div class=\"col-5\">Asennustapa<\/div>\n<div class=\"col-7\">Kiinte\u00e4asennus, Sokeripalaliitos<\/div>\n<\/div>\n<\/div>\n<\/div>\n<\/div>\n<div class=\"col-7\"><\/div>\n<\/div>\n<\/div>\n<\/div>\n<p>&nbsp;<\/p>\n","protected":false},"excerpt":{"rendered":"<p>Kattovalaisin Polux WOODY \u00d838cm, 24W, vaalea puu\/valkoinen. Woody sopii hyvin\u00a0 skandinaaviseen sisustustyyliin. Kuvun\/varjostimen materiaali: muovi Ei himmennett\u00e4v\u00e4 Valovirta (lm) 2600 V\u00e4ril\u00e4mp\u00f6tila (K) 4000K Kiinte\u00e4 Led Tuotteen korkeus\u00a0 48 mm Halkaisija: 380 mm Asennustapa Kiinte\u00e4asennus, Sokeripalaliitos &nbsp;<\/p>\n","protected":false},"featured_media":14073,"comment_status":"closed","ping_status":"closed","template":"","meta":[],"product_brand":[],"product_cat":[40,183,35,34],"product_tag":[],"class_list":{"0":"post-14072","1":"product","2":"type-product","3":"status-publish","4":"has-post-thumbnail","6":"product_cat-kattovalaisimet","7":"product_cat-led-paneelivalaisimet","8":"product_cat-sisavalaisimet","9":"product_cat-valaisimet","11":"first","12":"instock","13":"taxable","14":"shipping-taxable","15":"purchasable","16":"product-type-simple"},"_links":{"self":[{"href":"https:\/\/www.ksttukku.fi\/kauppa\/wp-json\/wp\/v2\/product\/14072","targetHints":{"allow":["GET"]}}],"collection":[{"href":"https:\/\/www.ksttukku.fi\/kauppa\/wp-json\/wp\/v2\/product"}],"about":[{"href":"https:\/\/www.ksttukku.fi\/kauppa\/wp-json\/wp\/v2\/types\/product"}],"replies":[{"embeddable":true,"href":"https:\/\/www.ksttukku.fi\/kauppa\/wp-json\/wp\/v2\/comments?post=14072"}],"wp:featuredmedia":[{"embeddable":true,"href":"https:\/\/www.ksttukku.fi\/kauppa\/wp-json\/wp\/v2\/media\/14073"}],"wp:attachment":[{"href":"https:\/\/www.ksttukku.fi\/kauppa\/wp-json\/wp\/v2\/media?parent=14072"}],"wp:term":[{"taxonomy":"product_brand","embeddable":true,"href":"https:\/\/www.ksttukku.fi\/kauppa\/wp-json\/wp\/v2\/product_brand?post=14072"},{"taxonomy":"product_cat","embeddable":true,"href":"https:\/\/www.ksttukku.fi\/kauppa\/wp-json\/wp\/v2\/product_cat?post=14072"},{"taxonomy":"product_tag","embeddable":true,"href":"https:\/\/www.ksttukku.fi\/kauppa\/wp-json\/wp\/v2\/product_tag?post=14072"}],"curies":[{"name":"wp","href":"https:\/\/api.w.org\/{rel}","templated":true}]}}