{"id":14182,"date":"2023-10-03T14:25:31","date_gmt":"2023-10-03T11:25:31","guid":{"rendered":"https:\/\/www.ksttukku.fi\/kauppa\/?post_type=product&#038;p=14182"},"modified":"2023-10-03T14:25:32","modified_gmt":"2023-10-03T11:25:32","slug":"abete-lasikuusi-beige","status":"publish","type":"product","link":"https:\/\/www.ksttukku.fi\/kauppa\/tuote\/abete-lasikuusi-beige\/","title":{"rendered":"Abete lasikuusi beige"},"content":{"rendered":"<p>Kaunis kuusen muotoinen lasikoriste esimerkiksi joulukattauksen koristeeksi.<br \/>\nParistokotelo sijaitsee kuusen kullanv\u00e4risess\u00e4 jalustassa.<br \/>\nSis\u00e4ll\u00e4 valosarja l\u00e4mpim\u00e4n valkoisilla LED-valoilla. Sis\u00e4k\u00e4ytt\u00f6\u00f6n.<br \/>\nIP20. 20 x kiinte\u00e4 LED, kokonaisteho 0,6W.<br \/>\nToimii kolmella AAA-paristolla, jotka eiv\u00e4t sis\u00e4lly pakkaukseen.<br \/>\nAjastin 6 h p\u00e4\u00e4ll\u00e4, 18 h pois, toistuva.<\/p>\n<p>Halkaisija 12 cm<br \/>\nKorkeus 18 cm<\/p>\n","protected":false},"excerpt":{"rendered":"<p>Kaunis kuusen muotoinen lasikoriste esimerkiksi joulukattauksen koristeeksi. Paristokotelo sijaitsee kuusen kullanv\u00e4risess\u00e4 jalustassa. Sis\u00e4ll\u00e4 valosarja l\u00e4mpim\u00e4n valkoisilla LED-valoilla. Sis\u00e4k\u00e4ytt\u00f6\u00f6n. IP20. 20 x kiinte\u00e4 LED, kokonaisteho 0,6W. Toimii kolmella AAA-paristolla, jotka eiv\u00e4t sis\u00e4lly pakkaukseen. Ajastin 6 h p\u00e4\u00e4ll\u00e4, 18 h pois, toistuva. Halkaisija 12 cm Korkeus 18 cm<\/p>\n","protected":false},"featured_media":14183,"comment_status":"closed","ping_status":"closed","template":"","meta":[],"product_brand":[],"product_cat":[176,178,199,180,34],"product_tag":[],"class_list":{"0":"post-14182","1":"product","2":"type-product","3":"status-publish","4":"has-post-thumbnail","6":"product_cat-joulu-ja-koristevalot","7":"product_cat-joulukuuset","8":"product_cat-koristevalot","9":"product_cat-paristovalosarjat","10":"product_cat-valaisimet","12":"first","13":"instock","14":"taxable","15":"shipping-taxable","16":"purchasable","17":"product-type-simple"},"_links":{"self":[{"href":"https:\/\/www.ksttukku.fi\/kauppa\/wp-json\/wp\/v2\/product\/14182","targetHints":{"allow":["GET"]}}],"collection":[{"href":"https:\/\/www.ksttukku.fi\/kauppa\/wp-json\/wp\/v2\/product"}],"about":[{"href":"https:\/\/www.ksttukku.fi\/kauppa\/wp-json\/wp\/v2\/types\/product"}],"replies":[{"embeddable":true,"href":"https:\/\/www.ksttukku.fi\/kauppa\/wp-json\/wp\/v2\/comments?post=14182"}],"wp:featuredmedia":[{"embeddable":true,"href":"https:\/\/www.ksttukku.fi\/kauppa\/wp-json\/wp\/v2\/media\/14183"}],"wp:attachment":[{"href":"https:\/\/www.ksttukku.fi\/kauppa\/wp-json\/wp\/v2\/media?parent=14182"}],"wp:term":[{"taxonomy":"product_brand","embeddable":true,"href":"https:\/\/www.ksttukku.fi\/kauppa\/wp-json\/wp\/v2\/product_brand?post=14182"},{"taxonomy":"product_cat","embeddable":true,"href":"https:\/\/www.ksttukku.fi\/kauppa\/wp-json\/wp\/v2\/product_cat?post=14182"},{"taxonomy":"product_tag","embeddable":true,"href":"https:\/\/www.ksttukku.fi\/kauppa\/wp-json\/wp\/v2\/product_tag?post=14182"}],"curies":[{"name":"wp","href":"https:\/\/api.w.org\/{rel}","templated":true}]}}