{"id":14188,"date":"2023-10-03T15:07:11","date_gmt":"2023-10-03T12:07:11","guid":{"rendered":"https:\/\/www.ksttukku.fi\/kauppa\/?post_type=product&#038;p=14188"},"modified":"2023-10-03T15:22:55","modified_gmt":"2023-10-03T12:22:55","slug":"plain-paperitahti-60cm","status":"publish","type":"product","link":"https:\/\/www.ksttukku.fi\/kauppa\/tuote\/plain-paperitahti-60cm\/","title":{"rendered":"Plain paperit\u00e4hti 60cm"},"content":{"rendered":"<p>Kaunis, 14-sakarainen paperit\u00e4hti ikkunaan tai sein\u00e4lle. Tuo kotiin ihanaa joulutunnelmaa.<\/p>\n<p>T\u00e4hdess\u00e4 on k\u00e4ytetty Forest Friendly -paperia.<br \/>\nEi sis\u00e4ll\u00e4 johtosarjaa eik\u00e4 valonl\u00e4hdett\u00e4.<\/p>\n<p>Helppo koota.<\/p>\n<p>Halkaisija 60 cm<br \/>\nSyvyys 25 cm<\/p>\n","protected":false},"excerpt":{"rendered":"<p>Kaunis, 14-sakarainen paperit\u00e4hti ikkunaan tai sein\u00e4lle. Tuo kotiin ihanaa joulutunnelmaa. T\u00e4hdess\u00e4 on k\u00e4ytetty Forest Friendly -paperia. Ei sis\u00e4ll\u00e4 johtosarjaa eik\u00e4 valonl\u00e4hdett\u00e4. Helppo koota. Halkaisija 60 cm Syvyys 25 cm<\/p>\n","protected":false},"featured_media":14189,"comment_status":"closed","ping_status":"closed","template":"","meta":[],"product_brand":[],"product_cat":[176,491,198,377,34],"product_tag":[],"class_list":{"0":"post-14188","1":"product","2":"type-product","3":"status-publish","4":"has-post-thumbnail","6":"product_cat-joulu-ja-koristevalot","7":"product_cat-kodin-sisustustuotteet","8":"product_cat-paperitahdet","9":"product_cat-sisustus-lahjatavarat","10":"product_cat-valaisimet","12":"first","13":"instock","14":"taxable","15":"shipping-taxable","16":"purchasable","17":"product-type-simple"},"_links":{"self":[{"href":"https:\/\/www.ksttukku.fi\/kauppa\/wp-json\/wp\/v2\/product\/14188","targetHints":{"allow":["GET"]}}],"collection":[{"href":"https:\/\/www.ksttukku.fi\/kauppa\/wp-json\/wp\/v2\/product"}],"about":[{"href":"https:\/\/www.ksttukku.fi\/kauppa\/wp-json\/wp\/v2\/types\/product"}],"replies":[{"embeddable":true,"href":"https:\/\/www.ksttukku.fi\/kauppa\/wp-json\/wp\/v2\/comments?post=14188"}],"wp:featuredmedia":[{"embeddable":true,"href":"https:\/\/www.ksttukku.fi\/kauppa\/wp-json\/wp\/v2\/media\/14189"}],"wp:attachment":[{"href":"https:\/\/www.ksttukku.fi\/kauppa\/wp-json\/wp\/v2\/media?parent=14188"}],"wp:term":[{"taxonomy":"product_brand","embeddable":true,"href":"https:\/\/www.ksttukku.fi\/kauppa\/wp-json\/wp\/v2\/product_brand?post=14188"},{"taxonomy":"product_cat","embeddable":true,"href":"https:\/\/www.ksttukku.fi\/kauppa\/wp-json\/wp\/v2\/product_cat?post=14188"},{"taxonomy":"product_tag","embeddable":true,"href":"https:\/\/www.ksttukku.fi\/kauppa\/wp-json\/wp\/v2\/product_tag?post=14188"}],"curies":[{"name":"wp","href":"https:\/\/api.w.org\/{rel}","templated":true}]}}