{"id":14191,"date":"2023-10-03T16:14:57","date_gmt":"2023-10-03T13:14:57","guid":{"rendered":"https:\/\/www.ksttukku.fi\/kauppa\/?post_type=product&#038;p=14191"},"modified":"2023-10-03T16:14:58","modified_gmt":"2023-10-03T13:14:58","slug":"mainz-joulukoriste-ruskea-puu","status":"publish","type":"product","link":"https:\/\/www.ksttukku.fi\/kauppa\/tuote\/mainz-joulukoriste-ruskea-puu\/","title":{"rendered":"Mainz joulukoriste ruskea puu"},"content":{"rendered":"<p>Laserleikattu puinen joulukoriste.<\/p>\n<p>Valon s\u00e4vy: l\u00e4mminvalkoinen.<br \/>\nIP20. 10 x kiinte\u00e4 LED 0,03W, 10mA, 3V.<br \/>\n2 x AA paristoa( eiv\u00e4t sis\u00e4lly).<\/p>\n<p>Mitat: 210.0 mm x 450.0 mm x 150.0 mm<\/p>\n<p>&nbsp;<\/p>\n","protected":false},"excerpt":{"rendered":"<p>Laserleikattu puinen joulukoriste. Valon s\u00e4vy: l\u00e4mminvalkoinen. IP20. 10 x kiinte\u00e4 LED 0,03W, 10mA, 3V. 2 x AA paristoa( eiv\u00e4t sis\u00e4lly). Mitat: 210.0 mm x 450.0 mm x 150.0 mm &nbsp;<\/p>\n","protected":false},"featured_media":14192,"comment_status":"closed","ping_status":"closed","template":"","meta":[],"product_brand":[],"product_cat":[176,199,181,34],"product_tag":[],"class_list":{"0":"post-14191","1":"product","2":"type-product","3":"status-publish","4":"has-post-thumbnail","6":"product_cat-joulu-ja-koristevalot","7":"product_cat-koristevalot","8":"product_cat-kynttelikot","9":"product_cat-valaisimet","11":"first","12":"instock","13":"taxable","14":"shipping-taxable","15":"purchasable","16":"product-type-simple"},"_links":{"self":[{"href":"https:\/\/www.ksttukku.fi\/kauppa\/wp-json\/wp\/v2\/product\/14191","targetHints":{"allow":["GET"]}}],"collection":[{"href":"https:\/\/www.ksttukku.fi\/kauppa\/wp-json\/wp\/v2\/product"}],"about":[{"href":"https:\/\/www.ksttukku.fi\/kauppa\/wp-json\/wp\/v2\/types\/product"}],"replies":[{"embeddable":true,"href":"https:\/\/www.ksttukku.fi\/kauppa\/wp-json\/wp\/v2\/comments?post=14191"}],"wp:featuredmedia":[{"embeddable":true,"href":"https:\/\/www.ksttukku.fi\/kauppa\/wp-json\/wp\/v2\/media\/14192"}],"wp:attachment":[{"href":"https:\/\/www.ksttukku.fi\/kauppa\/wp-json\/wp\/v2\/media?parent=14191"}],"wp:term":[{"taxonomy":"product_brand","embeddable":true,"href":"https:\/\/www.ksttukku.fi\/kauppa\/wp-json\/wp\/v2\/product_brand?post=14191"},{"taxonomy":"product_cat","embeddable":true,"href":"https:\/\/www.ksttukku.fi\/kauppa\/wp-json\/wp\/v2\/product_cat?post=14191"},{"taxonomy":"product_tag","embeddable":true,"href":"https:\/\/www.ksttukku.fi\/kauppa\/wp-json\/wp\/v2\/product_tag?post=14191"}],"curies":[{"name":"wp","href":"https:\/\/api.w.org\/{rel}","templated":true}]}}