{"id":14207,"date":"2023-10-04T12:10:31","date_gmt":"2023-10-04T09:10:31","guid":{"rendered":"https:\/\/www.ksttukku.fi\/kauppa\/?post_type=product&#038;p=14207"},"modified":"2023-10-04T12:28:38","modified_gmt":"2023-10-04T09:28:38","slug":"lilli-5-set-kynttilanjalka-kromi","status":"publish","type":"product","link":"https:\/\/www.ksttukku.fi\/kauppa\/tuote\/lilli-5-set-kynttilanjalka-kromi\/","title":{"rendered":"Lilli 5-set kynttil\u00e4njalka kromi"},"content":{"rendered":"<p>Lilli-kynttil\u00e4njalkasetti sis\u00e4lt\u00e4\u00e4 viisi metallista kynttil\u00e4njalkaa, 9 py\u00f6re\u00e4\u00e4 irtoholkkia sek\u00e4 20 cm korkeat turvalliset ja lapsiyst\u00e4v\u00e4lliset LED-vahakynttil\u00e4t kaukos\u00e4\u00e4timell\u00e4.<br \/>\nMattapintaiset valkoiset metallikynttil\u00e4njalat ovat kauniita ja sopivat moneen sisustukseen ja kattaukseen.<br \/>\nLilli on ihanan tyylik\u00e4s tunnelmanluoja, josta voit tehd\u00e4 monta erilaista yhdistelm\u00e4\u00e4 oman makusi mukaan. Irtoholkkien avulla ilmeen saa viimeistelty\u00e4, ja ne voi tarvittaessa my\u00f6s j\u00e4tt\u00e4\u00e4 pois.<br \/>\nKynttil\u00e4njalkoja voi k\u00e4ytt\u00e4\u00e4 my\u00f6s tavallisten vahakynttil\u00f6iden kanssa.<\/p>\n<p>LED-kynttil\u00f6iss\u00e4 on kaunis v\u00e4lkehtiv\u00e4 3D-liekki l\u00e4mpim\u00e4n valkoisella valolla. Kynttil\u00e4t toimivat AAA-paristoilla, jotka eiv\u00e4t sis\u00e4lly pakkaukseen.<br \/>\nOn \/Off tai ajastin 6 h p\u00e4\u00e4ll\u00e4, 18 h pois, toistuva.<br \/>\nKaukos\u00e4\u00e4din ja sen CR2032-paristo sis\u00e4ltyv\u00e4t pakkaukseen. Samaan kaukos\u00e4\u00e4timeen voi yhdist\u00e4\u00e4 enint\u00e4\u00e4n 20 kynttil\u00e4\u00e4 (= 4 kynttil\u00e4sarjaa). Kaukos\u00e4\u00e4timen toimintas\u00e4de on enint\u00e4\u00e4n 5 metri\u00e4.<\/p>\n<p>Korkeus (sis\u00e4lt\u00e4en kynttil\u00e4t): 28 \/ 25 \/ 22 cm.<\/p>\n<p>Design by Patrik \u00c5hman.<\/p>\n","protected":false},"excerpt":{"rendered":"<p>Lilli-kynttil\u00e4njalkasetti sis\u00e4lt\u00e4\u00e4 viisi metallista kynttil\u00e4njalkaa, 9 py\u00f6re\u00e4\u00e4 irtoholkkia sek\u00e4 20 cm korkeat turvalliset ja lapsiyst\u00e4v\u00e4lliset LED-vahakynttil\u00e4t kaukos\u00e4\u00e4timell\u00e4. Mattapintaiset valkoiset metallikynttil\u00e4njalat ovat kauniita ja sopivat moneen sisustukseen ja kattaukseen. Lilli on ihanan tyylik\u00e4s tunnelmanluoja, josta voit tehd\u00e4 monta erilaista yhdistelm\u00e4\u00e4 oman makusi mukaan. Irtoholkkien avulla ilmeen saa viimeistelty\u00e4, ja ne voi tarvittaessa my\u00f6s j\u00e4tt\u00e4\u00e4 pois. Kynttil\u00e4njalkoja [&hellip;]<\/p>\n","protected":false},"featured_media":14208,"comment_status":"closed","ping_status":"closed","template":"","meta":[],"product_brand":[],"product_cat":[176,491,199,181,377,34],"product_tag":[],"class_list":{"0":"post-14207","1":"product","2":"type-product","3":"status-publish","4":"has-post-thumbnail","6":"product_cat-joulu-ja-koristevalot","7":"product_cat-kodin-sisustustuotteet","8":"product_cat-koristevalot","9":"product_cat-kynttelikot","10":"product_cat-sisustus-lahjatavarat","11":"product_cat-valaisimet","13":"first","14":"instock","15":"taxable","16":"shipping-taxable","17":"purchasable","18":"product-type-simple"},"_links":{"self":[{"href":"https:\/\/www.ksttukku.fi\/kauppa\/wp-json\/wp\/v2\/product\/14207","targetHints":{"allow":["GET"]}}],"collection":[{"href":"https:\/\/www.ksttukku.fi\/kauppa\/wp-json\/wp\/v2\/product"}],"about":[{"href":"https:\/\/www.ksttukku.fi\/kauppa\/wp-json\/wp\/v2\/types\/product"}],"replies":[{"embeddable":true,"href":"https:\/\/www.ksttukku.fi\/kauppa\/wp-json\/wp\/v2\/comments?post=14207"}],"wp:featuredmedia":[{"embeddable":true,"href":"https:\/\/www.ksttukku.fi\/kauppa\/wp-json\/wp\/v2\/media\/14208"}],"wp:attachment":[{"href":"https:\/\/www.ksttukku.fi\/kauppa\/wp-json\/wp\/v2\/media?parent=14207"}],"wp:term":[{"taxonomy":"product_brand","embeddable":true,"href":"https:\/\/www.ksttukku.fi\/kauppa\/wp-json\/wp\/v2\/product_brand?post=14207"},{"taxonomy":"product_cat","embeddable":true,"href":"https:\/\/www.ksttukku.fi\/kauppa\/wp-json\/wp\/v2\/product_cat?post=14207"},{"taxonomy":"product_tag","embeddable":true,"href":"https:\/\/www.ksttukku.fi\/kauppa\/wp-json\/wp\/v2\/product_tag?post=14207"}],"curies":[{"name":"wp","href":"https:\/\/api.w.org\/{rel}","templated":true}]}}