{"id":14217,"date":"2023-10-04T17:08:52","date_gmt":"2023-10-04T14:08:52","guid":{"rendered":"https:\/\/www.ksttukku.fi\/kauppa\/?post_type=product&#038;p=14217"},"modified":"2023-10-04T17:15:26","modified_gmt":"2023-10-04T14:15:26","slug":"fauna-lasipallokoriste","status":"publish","type":"product","link":"https:\/\/www.ksttukku.fi\/kauppa\/tuote\/fauna-lasipallokoriste\/","title":{"rendered":"Fauna lasipallokoriste"},"content":{"rendered":"<p>P\u00f6yt\u00e4koriste jonka voi my\u00f6s ripustaa oksalle. Valon s\u00e4vy: l\u00e4mminvalk.<br \/>\nIP20. 0,06 kiinte\u00e4 LED. 10 mA. 3V.<br \/>\n1 x CR2032 paristo sis\u00e4ltyy. Kesto n 80h.<br \/>\nKatkaisijalla.<\/p>\n<ul>\n<li>\n<div>Materiaali: Lasi<\/div>\n<\/li>\n<li>\n<div>V\u00e4ri: Valkoinen<\/div>\n<\/li>\n<li>Mitat: 90.0 mm x 80.0 mm x 80.0 mm<\/li>\n<\/ul>\n","protected":false},"excerpt":{"rendered":"<p>P\u00f6yt\u00e4koriste jonka voi my\u00f6s ripustaa oksalle. Valon s\u00e4vy: l\u00e4mminvalk. IP20. 0,06 kiinte\u00e4 LED. 10 mA. 3V. 1 x CR2032 paristo sis\u00e4ltyy. Kesto n 80h. Katkaisijalla. Materiaali: Lasi V\u00e4ri: Valkoinen Mitat: 90.0 mm x 80.0 mm x 80.0 mm<\/p>\n","protected":false},"featured_media":14218,"comment_status":"closed","ping_status":"closed","template":"","meta":[],"product_brand":[],"product_cat":[176,491,199,377],"product_tag":[],"class_list":{"0":"post-14217","1":"product","2":"type-product","3":"status-publish","4":"has-post-thumbnail","6":"product_cat-joulu-ja-koristevalot","7":"product_cat-kodin-sisustustuotteet","8":"product_cat-koristevalot","9":"product_cat-sisustus-lahjatavarat","11":"first","12":"instock","13":"taxable","14":"shipping-taxable","15":"purchasable","16":"product-type-simple"},"_links":{"self":[{"href":"https:\/\/www.ksttukku.fi\/kauppa\/wp-json\/wp\/v2\/product\/14217","targetHints":{"allow":["GET"]}}],"collection":[{"href":"https:\/\/www.ksttukku.fi\/kauppa\/wp-json\/wp\/v2\/product"}],"about":[{"href":"https:\/\/www.ksttukku.fi\/kauppa\/wp-json\/wp\/v2\/types\/product"}],"replies":[{"embeddable":true,"href":"https:\/\/www.ksttukku.fi\/kauppa\/wp-json\/wp\/v2\/comments?post=14217"}],"wp:featuredmedia":[{"embeddable":true,"href":"https:\/\/www.ksttukku.fi\/kauppa\/wp-json\/wp\/v2\/media\/14218"}],"wp:attachment":[{"href":"https:\/\/www.ksttukku.fi\/kauppa\/wp-json\/wp\/v2\/media?parent=14217"}],"wp:term":[{"taxonomy":"product_brand","embeddable":true,"href":"https:\/\/www.ksttukku.fi\/kauppa\/wp-json\/wp\/v2\/product_brand?post=14217"},{"taxonomy":"product_cat","embeddable":true,"href":"https:\/\/www.ksttukku.fi\/kauppa\/wp-json\/wp\/v2\/product_cat?post=14217"},{"taxonomy":"product_tag","embeddable":true,"href":"https:\/\/www.ksttukku.fi\/kauppa\/wp-json\/wp\/v2\/product_tag?post=14217"}],"curies":[{"name":"wp","href":"https:\/\/api.w.org\/{rel}","templated":true}]}}