{"id":14224,"date":"2023-10-05T14:00:09","date_gmt":"2023-10-05T11:00:09","guid":{"rendered":"https:\/\/www.ksttukku.fi\/kauppa\/?post_type=product&#038;p=14224"},"modified":"2024-10-17T15:45:49","modified_gmt":"2024-10-17T12:45:49","slug":"enkelitytto-harmaa","status":"publish","type":"product","link":"https:\/\/www.ksttukku.fi\/kauppa\/tuote\/enkelitytto-harmaa\/","title":{"rendered":"Enkelitytt\u00f6 harmaa"},"content":{"rendered":"<p>Harmaa enkelitytt\u00f6, jonka k\u00e4siss\u00e4 olevassa lumipallossa loistaa l\u00e4mpim\u00e4n valkoinen LED-valo.<br \/>\nSis\u00e4k\u00e4ytt\u00f6\u00f6n.<br \/>\n1 x kiinte\u00e4 LED.<br \/>\nToimii kolmella AAA-paristolla, jotka eiv\u00e4t sis\u00e4lly pakkaukseen.<br \/>\n4,5V DC.<\/p>\n<p>Halkaisija 8,5 cm<br \/>\nKorkeus 20 cm<\/p>\n<ul>\n<li>\n<div>Materiaali: Tekstiili\/muovi<\/div>\n<\/li>\n<li>\n<div>V\u00e4ri: Harmaa<\/div>\n<\/li>\n<li>\n<div>Mitat: 85.0 mm x 85.0 mm x 200.0 mm<\/div>\n<\/li>\n<\/ul>\n","protected":false},"excerpt":{"rendered":"<p>Harmaa enkelitytt\u00f6, jonka k\u00e4siss\u00e4 olevassa lumipallossa loistaa l\u00e4mpim\u00e4n valkoinen LED-valo. Sis\u00e4k\u00e4ytt\u00f6\u00f6n. 1 x kiinte\u00e4 LED. Toimii kolmella AAA-paristolla, jotka eiv\u00e4t sis\u00e4lly pakkaukseen. 4,5V DC. Halkaisija 8,5 cm Korkeus 20 cm Materiaali: Tekstiili\/muovi V\u00e4ri: Harmaa Mitat: 85.0 mm x 85.0 mm x 200.0 mm<\/p>\n","protected":false},"featured_media":14225,"comment_status":"closed","ping_status":"closed","template":"","meta":[],"product_brand":[],"product_cat":[176,491,199,377],"product_tag":[],"class_list":{"0":"post-14224","1":"product","2":"type-product","3":"status-publish","4":"has-post-thumbnail","6":"product_cat-joulu-ja-koristevalot","7":"product_cat-kodin-sisustustuotteet","8":"product_cat-koristevalot","9":"product_cat-sisustus-lahjatavarat","11":"first","12":"instock","13":"taxable","14":"shipping-taxable","15":"purchasable","16":"product-type-simple"},"_links":{"self":[{"href":"https:\/\/www.ksttukku.fi\/kauppa\/wp-json\/wp\/v2\/product\/14224","targetHints":{"allow":["GET"]}}],"collection":[{"href":"https:\/\/www.ksttukku.fi\/kauppa\/wp-json\/wp\/v2\/product"}],"about":[{"href":"https:\/\/www.ksttukku.fi\/kauppa\/wp-json\/wp\/v2\/types\/product"}],"replies":[{"embeddable":true,"href":"https:\/\/www.ksttukku.fi\/kauppa\/wp-json\/wp\/v2\/comments?post=14224"}],"wp:featuredmedia":[{"embeddable":true,"href":"https:\/\/www.ksttukku.fi\/kauppa\/wp-json\/wp\/v2\/media\/14225"}],"wp:attachment":[{"href":"https:\/\/www.ksttukku.fi\/kauppa\/wp-json\/wp\/v2\/media?parent=14224"}],"wp:term":[{"taxonomy":"product_brand","embeddable":true,"href":"https:\/\/www.ksttukku.fi\/kauppa\/wp-json\/wp\/v2\/product_brand?post=14224"},{"taxonomy":"product_cat","embeddable":true,"href":"https:\/\/www.ksttukku.fi\/kauppa\/wp-json\/wp\/v2\/product_cat?post=14224"},{"taxonomy":"product_tag","embeddable":true,"href":"https:\/\/www.ksttukku.fi\/kauppa\/wp-json\/wp\/v2\/product_tag?post=14224"}],"curies":[{"name":"wp","href":"https:\/\/api.w.org\/{rel}","templated":true}]}}