{"id":14227,"date":"2023-10-05T14:31:43","date_gmt":"2023-10-05T11:31:43","guid":{"rendered":"https:\/\/www.ksttukku.fi\/kauppa\/?post_type=product&#038;p=14227"},"modified":"2025-12-29T10:34:43","modified_gmt":"2025-12-29T08:34:43","slug":"amaze-metallitahti-kulta","status":"publish","type":"product","link":"https:\/\/www.ksttukku.fi\/kauppa\/tuote\/amaze-metallitahti-kulta\/","title":{"rendered":"Amaze metallit\u00e4hti  kulta  30cm"},"content":{"rendered":"<p>Kaunis, kullanv\u00e4risest\u00e4 metallinauhasta valmistettu t\u00e4hti sis\u00e4k\u00e4ytt\u00f6\u00f6n. Valon s\u00e4vy: l\u00e4mmin valkoinen.<br \/>\n36 x kiinte\u00e4 LED, teho yht. 0,3W. 2300K, 30lm. Paloaika n. 7 000 h.<br \/>\nMuuntaja 3V DC 0,9W IP20 Schuko-liit\u00e4nt\u00e4.<br \/>\n350 cm pitk\u00e4 virtajohto.<\/p>\n<p>Halkaisija: 30 cm<br \/>\nSyvyys: 4 cm<\/p>\n","protected":false},"excerpt":{"rendered":"<p>Kaunis, kullanv\u00e4risest\u00e4 metallinauhasta valmistettu t\u00e4hti sis\u00e4k\u00e4ytt\u00f6\u00f6n. Valon s\u00e4vy: l\u00e4mmin valkoinen. 36 x kiinte\u00e4 LED, teho yht. 0,3W. 2300K, 30lm. Paloaika n. 7 000 h. Muuntaja 3V DC 0,9W IP20 Schuko-liit\u00e4nt\u00e4. 350 cm pitk\u00e4 virtajohto. Halkaisija: 30 cm Syvyys: 4 cm<\/p>\n","protected":false},"featured_media":14228,"comment_status":"closed","ping_status":"closed","template":"","meta":[],"product_brand":[],"product_cat":[176,491,199,198,377],"product_tag":[],"class_list":{"0":"post-14227","1":"product","2":"type-product","3":"status-publish","4":"has-post-thumbnail","6":"product_cat-joulu-ja-koristevalot","7":"product_cat-kodin-sisustustuotteet","8":"product_cat-koristevalot","9":"product_cat-paperitahdet","10":"product_cat-sisustus-lahjatavarat","12":"first","13":"outofstock","14":"sale","15":"taxable","16":"shipping-taxable","17":"purchasable","18":"product-type-simple"},"_links":{"self":[{"href":"https:\/\/www.ksttukku.fi\/kauppa\/wp-json\/wp\/v2\/product\/14227","targetHints":{"allow":["GET"]}}],"collection":[{"href":"https:\/\/www.ksttukku.fi\/kauppa\/wp-json\/wp\/v2\/product"}],"about":[{"href":"https:\/\/www.ksttukku.fi\/kauppa\/wp-json\/wp\/v2\/types\/product"}],"replies":[{"embeddable":true,"href":"https:\/\/www.ksttukku.fi\/kauppa\/wp-json\/wp\/v2\/comments?post=14227"}],"wp:featuredmedia":[{"embeddable":true,"href":"https:\/\/www.ksttukku.fi\/kauppa\/wp-json\/wp\/v2\/media\/14228"}],"wp:attachment":[{"href":"https:\/\/www.ksttukku.fi\/kauppa\/wp-json\/wp\/v2\/media?parent=14227"}],"wp:term":[{"taxonomy":"product_brand","embeddable":true,"href":"https:\/\/www.ksttukku.fi\/kauppa\/wp-json\/wp\/v2\/product_brand?post=14227"},{"taxonomy":"product_cat","embeddable":true,"href":"https:\/\/www.ksttukku.fi\/kauppa\/wp-json\/wp\/v2\/product_cat?post=14227"},{"taxonomy":"product_tag","embeddable":true,"href":"https:\/\/www.ksttukku.fi\/kauppa\/wp-json\/wp\/v2\/product_tag?post=14227"}],"curies":[{"name":"wp","href":"https:\/\/api.w.org\/{rel}","templated":true}]}}