{"id":14240,"date":"2023-10-05T17:02:01","date_gmt":"2023-10-05T14:02:01","guid":{"rendered":"https:\/\/www.ksttukku.fi\/kauppa\/?post_type=product&#038;p=14240"},"modified":"2023-10-05T17:02:01","modified_gmt":"2023-10-05T14:02:01","slug":"bobo-musta-paperitahti-jalustalla","status":"publish","type":"product","link":"https:\/\/www.ksttukku.fi\/kauppa\/tuote\/bobo-musta-paperitahti-jalustalla\/","title":{"rendered":"Bobo musta paperit\u00e4hti jalustalla"},"content":{"rendered":"<p>Paperit\u00e4hti kromisella metallijalalla.<br \/>\nIP20. E14-kanta, max. 25W. Ei sis\u00e4ll\u00e4 valonl\u00e4hdett\u00e4.<\/p>\n<p>Korkeus: 480 mm<\/p>\n<p>Halkaisija:340mm<\/p>\n<p>Johdon pituus:180mm<\/p>\n","protected":false},"excerpt":{"rendered":"<p>Paperit\u00e4hti kromisella metallijalalla. IP20. E14-kanta, max. 25W. Ei sis\u00e4ll\u00e4 valonl\u00e4hdett\u00e4. Korkeus: 480 mm Halkaisija:340mm Johdon pituus:180mm<\/p>\n","protected":false},"featured_media":14241,"comment_status":"closed","ping_status":"closed","template":"","meta":[],"product_brand":[],"product_cat":[176,491,198,377],"product_tag":[],"class_list":{"0":"post-14240","1":"product","2":"type-product","3":"status-publish","4":"has-post-thumbnail","6":"product_cat-joulu-ja-koristevalot","7":"product_cat-kodin-sisustustuotteet","8":"product_cat-paperitahdet","9":"product_cat-sisustus-lahjatavarat","11":"first","12":"instock","13":"taxable","14":"shipping-taxable","15":"purchasable","16":"product-type-simple"},"_links":{"self":[{"href":"https:\/\/www.ksttukku.fi\/kauppa\/wp-json\/wp\/v2\/product\/14240","targetHints":{"allow":["GET"]}}],"collection":[{"href":"https:\/\/www.ksttukku.fi\/kauppa\/wp-json\/wp\/v2\/product"}],"about":[{"href":"https:\/\/www.ksttukku.fi\/kauppa\/wp-json\/wp\/v2\/types\/product"}],"replies":[{"embeddable":true,"href":"https:\/\/www.ksttukku.fi\/kauppa\/wp-json\/wp\/v2\/comments?post=14240"}],"wp:featuredmedia":[{"embeddable":true,"href":"https:\/\/www.ksttukku.fi\/kauppa\/wp-json\/wp\/v2\/media\/14241"}],"wp:attachment":[{"href":"https:\/\/www.ksttukku.fi\/kauppa\/wp-json\/wp\/v2\/media?parent=14240"}],"wp:term":[{"taxonomy":"product_brand","embeddable":true,"href":"https:\/\/www.ksttukku.fi\/kauppa\/wp-json\/wp\/v2\/product_brand?post=14240"},{"taxonomy":"product_cat","embeddable":true,"href":"https:\/\/www.ksttukku.fi\/kauppa\/wp-json\/wp\/v2\/product_cat?post=14240"},{"taxonomy":"product_tag","embeddable":true,"href":"https:\/\/www.ksttukku.fi\/kauppa\/wp-json\/wp\/v2\/product_tag?post=14240"}],"curies":[{"name":"wp","href":"https:\/\/api.w.org\/{rel}","templated":true}]}}