{"id":14249,"date":"2023-10-05T17:44:24","date_gmt":"2023-10-05T14:44:24","guid":{"rendered":"https:\/\/www.ksttukku.fi\/kauppa\/?post_type=product&#038;p=14249"},"modified":"2023-10-05T17:44:24","modified_gmt":"2023-10-05T14:44:24","slug":"shimmer-valosarja-beige-135-cm","status":"publish","type":"product","link":"https:\/\/www.ksttukku.fi\/kauppa\/tuote\/shimmer-valosarja-beige-135-cm\/","title":{"rendered":"Shimmer valosarja beige 135 cm"},"content":{"rendered":"<p>Kaunis sis\u00e4k\u00e4ytt\u00f6\u00f6n sopiva valosarja, jossa on koristeena beigen s\u00e4vyiset lasimunat. Valon s\u00e4vy: l\u00e4mmin valkoinen.<br \/>\nIP20. 10 x kiinte\u00e4 LED, kokonaisteho 0,11W.<br \/>\nToimii 2 x AA-paristoilla, jotka eiv\u00e4t sis\u00e4lly pakkaukseen.<br \/>\nAjastin 6 h p\u00e4\u00e4ll\u00e4, 18 h pois, toistuva.<br \/>\nLamppujen v\u00e4li: 15 cm.<\/p>\n<p>Pituus: 135 cm<br \/>\nKorkeus: 5 cm<br \/>\nSyvyys: 3 cm<\/p>\n","protected":false},"excerpt":{"rendered":"<p><img loading=\"lazy\" decoding=\"async\" class=\"alignleft size-medium wp-image-14251\" src=\"https:\/\/www.ksttukku.fi\/kauppa\/wp-content\/uploads\/2023\/10\/Noortrade-shimmer-300x191.jpg\" alt=\"\" width=\"300\" height=\"191\" srcset=\"https:\/\/www.ksttukku.fi\/kauppa\/wp-content\/uploads\/2023\/10\/Noortrade-shimmer-300x191.jpg 300w, https:\/\/www.ksttukku.fi\/kauppa\/wp-content\/uploads\/2023\/10\/Noortrade-shimmer-416x266.jpg 416w, https:\/\/www.ksttukku.fi\/kauppa\/wp-content\/uploads\/2023\/10\/Noortrade-shimmer.jpg 470w\" sizes=\"auto, (max-width: 300px) 100vw, 300px\" \/><img loading=\"lazy\" decoding=\"async\" class=\"alignleft size-medium wp-image-14252\" src=\"https:\/\/www.ksttukku.fi\/kauppa\/wp-content\/uploads\/2023\/10\/Noortrade-shimmer-3-300x231.jpg\" alt=\"\" width=\"300\" height=\"231\" srcset=\"https:\/\/www.ksttukku.fi\/kauppa\/wp-content\/uploads\/2023\/10\/Noortrade-shimmer-3-300x231.jpg 300w, https:\/\/www.ksttukku.fi\/kauppa\/wp-content\/uploads\/2023\/10\/Noortrade-shimmer-3-1024x789.jpg 1024w, https:\/\/www.ksttukku.fi\/kauppa\/wp-content\/uploads\/2023\/10\/Noortrade-shimmer-3-768x592.jpg 768w, https:\/\/www.ksttukku.fi\/kauppa\/wp-content\/uploads\/2023\/10\/Noortrade-shimmer-3-416x321.jpg 416w, https:\/\/www.ksttukku.fi\/kauppa\/wp-content\/uploads\/2023\/10\/Noortrade-shimmer-3.jpg 1200w\" sizes=\"auto, (max-width: 300px) 100vw, 300px\" \/><\/p>\n","protected":false},"featured_media":14250,"comment_status":"closed","ping_status":"closed","template":"","meta":[],"product_brand":[],"product_cat":[176,199],"product_tag":[],"class_list":{"0":"post-14249","1":"product","2":"type-product","3":"status-publish","4":"has-post-thumbnail","6":"product_cat-joulu-ja-koristevalot","7":"product_cat-koristevalot","9":"first","10":"instock","11":"taxable","12":"shipping-taxable","13":"purchasable","14":"product-type-simple"},"_links":{"self":[{"href":"https:\/\/www.ksttukku.fi\/kauppa\/wp-json\/wp\/v2\/product\/14249","targetHints":{"allow":["GET"]}}],"collection":[{"href":"https:\/\/www.ksttukku.fi\/kauppa\/wp-json\/wp\/v2\/product"}],"about":[{"href":"https:\/\/www.ksttukku.fi\/kauppa\/wp-json\/wp\/v2\/types\/product"}],"replies":[{"embeddable":true,"href":"https:\/\/www.ksttukku.fi\/kauppa\/wp-json\/wp\/v2\/comments?post=14249"}],"wp:featuredmedia":[{"embeddable":true,"href":"https:\/\/www.ksttukku.fi\/kauppa\/wp-json\/wp\/v2\/media\/14250"}],"wp:attachment":[{"href":"https:\/\/www.ksttukku.fi\/kauppa\/wp-json\/wp\/v2\/media?parent=14249"}],"wp:term":[{"taxonomy":"product_brand","embeddable":true,"href":"https:\/\/www.ksttukku.fi\/kauppa\/wp-json\/wp\/v2\/product_brand?post=14249"},{"taxonomy":"product_cat","embeddable":true,"href":"https:\/\/www.ksttukku.fi\/kauppa\/wp-json\/wp\/v2\/product_cat?post=14249"},{"taxonomy":"product_tag","embeddable":true,"href":"https:\/\/www.ksttukku.fi\/kauppa\/wp-json\/wp\/v2\/product_tag?post=14249"}],"curies":[{"name":"wp","href":"https:\/\/api.w.org\/{rel}","templated":true}]}}