{"id":14262,"date":"2023-10-06T11:54:34","date_gmt":"2023-10-06T08:54:34","guid":{"rendered":"https:\/\/www.ksttukku.fi\/kauppa\/?post_type=product&#038;p=14262"},"modified":"2024-04-24T14:54:42","modified_gmt":"2024-04-24T11:54:42","slug":"groa-riippuvalaisin-natur","status":"publish","type":"product","link":"https:\/\/www.ksttukku.fi\/kauppa\/tuote\/groa-riippuvalaisin-natur\/","title":{"rendered":"Groa riippuvalaisin natur"},"content":{"rendered":"<p>Riippuvalaisin puuta. Koottava.<br \/>\nIP20, luokka 2. E27, max 60W. Ei sis\u00e4ll\u00e4 valonl\u00e4hdett\u00e4.<br \/>\nKoukkukiinnitys, sokeripalaliit\u00e4nt\u00e4.<\/p>\n<ul>\n<li>\n<div>Materiaali: Puu<\/div>\n<\/li>\n<li>\n<div>V\u00e4ri: Naturel<\/div>\n<\/li>\n<li>\n<div>Mitat: 340.0 mm x 340.0 mm x 414.0 mm<\/div>\n<\/li>\n<\/ul>\n","protected":false},"excerpt":{"rendered":"<p><img loading=\"lazy\" decoding=\"async\" class=\"alignleft size-medium wp-image-14264\" src=\"https:\/\/www.ksttukku.fi\/kauppa\/wp-content\/uploads\/2023\/10\/Noortrade-groa-2-300x300.jpg\" alt=\"\" width=\"300\" height=\"300\" srcset=\"https:\/\/www.ksttukku.fi\/kauppa\/wp-content\/uploads\/2023\/10\/Noortrade-groa-2-300x300.jpg 300w, https:\/\/www.ksttukku.fi\/kauppa\/wp-content\/uploads\/2023\/10\/Noortrade-groa-2-150x150.jpg 150w, https:\/\/www.ksttukku.fi\/kauppa\/wp-content\/uploads\/2023\/10\/Noortrade-groa-2-768x768.jpg 768w, https:\/\/www.ksttukku.fi\/kauppa\/wp-content\/uploads\/2023\/10\/Noortrade-groa-2-324x324.jpg 324w, https:\/\/www.ksttukku.fi\/kauppa\/wp-content\/uploads\/2023\/10\/Noortrade-groa-2-416x416.jpg 416w, https:\/\/www.ksttukku.fi\/kauppa\/wp-content\/uploads\/2023\/10\/Noortrade-groa-2-100x100.jpg 100w, https:\/\/www.ksttukku.fi\/kauppa\/wp-content\/uploads\/2023\/10\/Noortrade-groa-2.jpg 1000w\" sizes=\"auto, (max-width: 300px) 100vw, 300px\" \/><\/p>\n","protected":false},"featured_media":14263,"comment_status":"closed","ping_status":"closed","template":"","meta":[],"product_brand":[],"product_cat":[49,35,34],"product_tag":[],"class_list":{"0":"post-14262","1":"product","2":"type-product","3":"status-publish","4":"has-post-thumbnail","6":"product_cat-riippuvalaisimet","7":"product_cat-sisavalaisimet","8":"product_cat-valaisimet","10":"first","11":"instock","12":"taxable","13":"shipping-taxable","14":"purchasable","15":"product-type-simple"},"_links":{"self":[{"href":"https:\/\/www.ksttukku.fi\/kauppa\/wp-json\/wp\/v2\/product\/14262","targetHints":{"allow":["GET"]}}],"collection":[{"href":"https:\/\/www.ksttukku.fi\/kauppa\/wp-json\/wp\/v2\/product"}],"about":[{"href":"https:\/\/www.ksttukku.fi\/kauppa\/wp-json\/wp\/v2\/types\/product"}],"replies":[{"embeddable":true,"href":"https:\/\/www.ksttukku.fi\/kauppa\/wp-json\/wp\/v2\/comments?post=14262"}],"wp:featuredmedia":[{"embeddable":true,"href":"https:\/\/www.ksttukku.fi\/kauppa\/wp-json\/wp\/v2\/media\/14263"}],"wp:attachment":[{"href":"https:\/\/www.ksttukku.fi\/kauppa\/wp-json\/wp\/v2\/media?parent=14262"}],"wp:term":[{"taxonomy":"product_brand","embeddable":true,"href":"https:\/\/www.ksttukku.fi\/kauppa\/wp-json\/wp\/v2\/product_brand?post=14262"},{"taxonomy":"product_cat","embeddable":true,"href":"https:\/\/www.ksttukku.fi\/kauppa\/wp-json\/wp\/v2\/product_cat?post=14262"},{"taxonomy":"product_tag","embeddable":true,"href":"https:\/\/www.ksttukku.fi\/kauppa\/wp-json\/wp\/v2\/product_tag?post=14262"}],"curies":[{"name":"wp","href":"https:\/\/api.w.org\/{rel}","templated":true}]}}